{"id":31465,"date":"2023-02-05T09:00:06","date_gmt":"2023-02-05T08:00:06","guid":{"rendered":"https:\/\/ventomareiro.pantastic.studio\/?post_type=product&#038;p=31465"},"modified":"2023-02-17T18:10:13","modified_gmt":"2023-02-17T17:10:13","slug":"vento-mareiro-brut","status":"publish","type":"product","link":"https:\/\/ventomareiro.com\/gl\/produto\/vento-mareiro-brut\/","title":{"rendered":"Vento Mareiro Brut"},"content":{"rendered":"<p>As cualidades naturais e a riqueza arom\u00e1tica da uva albari\u00f1a do Val do Saln\u00e9s, l\u00e9vanos a elaborar un Escumoso seguindo o m\u00e9todo tradicional champenoise. Despois de que o noso en\u00f3logo Jorge Hervella traballase durante 10 anos en po\u00f1er a punto o seu proceso, presentamos o Brut Vento Mareiro. Empezando as\u00ed, esta renovaci\u00f3n que representa o vi\u00f1o albari\u00f1o.<\/p>\n<p>En 2017 empezouse a seleccionar as primeiras uvas da colleita que son o vi\u00f1o base deste escumoso de albari\u00f1o cuns 15 meses en rima.<\/p>\n","protected":false},"excerpt":{"rendered":"<p>As cualidades naturais e a riqueza arom\u00e1tica da uva albari\u00f1a do Val do Saln\u00e9s, l\u00e9vanos a elaborar un Escumoso seguindo o m\u00e9todo tradicional champenoise. Despois de que o noso en\u00f3logo Jorge Hervella traballase durante 10 anos en po\u00f1er a punto o seu proceso, presentamos o Brut Vento Mareiro. Empezando as\u00ed, esta renovaci\u00f3n que representa o [&hellip;]<\/p>\n","protected":false},"featured_media":31479,"template":"","meta":{"_et_pb_use_builder":"off","_et_pb_old_content":"","_et_gb_content_width":"","inline_featured_image":false},"product_brand":[],"product_cat":[75,67],"product_tag":[],"class_list":{"0":"post-31465","1":"product","2":"type-product","3":"status-publish","4":"has-post-thumbnail","6":"product_cat-escumosos-gl","7":"product_cat-vinos-gl","9":"first","10":"instock","11":"featured","12":"shipping-taxable","13":"purchasable","14":"product-type-simple"},"yoast_head":"<!-- This site is optimized with the Yoast SEO plugin v26.4 - https:\/\/yoast.com\/wordpress\/plugins\/seo\/ -->\n<title>Vento Mareiro Brut | Vento Mareiro<\/title>\n<meta name=\"description\" content=\"As calidades naturais e a riqueza arom\u00e1tica da uva albari\u00f1o do Val do Saln\u00e9s l\u00e9vannos a elaborar un vi\u00f1o espumoso co m\u00e9todo tradicional champenoise.\" \/>\n<meta name=\"robots\" content=\"index, follow, max-snippet:-1, max-image-preview:large, max-video-preview:-1\" \/>\n<link rel=\"canonical\" href=\"https:\/\/ventomareiro.com\/gl\/produto\/vento-mareiro-brut\/\" \/>\n<meta property=\"og:locale\" content=\"gl_ES\" \/>\n<meta property=\"og:type\" content=\"article\" \/>\n<meta property=\"og:title\" content=\"Vento Mareiro Brut | Vento Mareiro\" \/>\n<meta property=\"og:description\" content=\"As calidades naturais e a riqueza arom\u00e1tica da uva albari\u00f1o do Val do Saln\u00e9s l\u00e9vannos a elaborar un vi\u00f1o espumoso co m\u00e9todo tradicional champenoise.\" \/>\n<meta property=\"og:url\" content=\"https:\/\/ventomareiro.com\/gl\/produto\/vento-mareiro-brut\/\" \/>\n<meta property=\"og:site_name\" content=\"Vento Mareiro\" \/>\n<meta property=\"article:modified_time\" content=\"2023-02-17T17:10:13+00:00\" \/>\n<meta property=\"og:image\" content=\"https:\/\/ventomareiro.com\/wp-content\/uploads\/2023\/02\/Vento-Mareiro-Foto-producto-mockup-con-dibujo.jpg\" \/>\n\t<meta property=\"og:image:width\" content=\"1000\" \/>\n\t<meta property=\"og:image:height\" content=\"1000\" \/>\n\t<meta property=\"og:image:type\" content=\"image\/jpeg\" \/>\n<meta name=\"twitter:card\" content=\"summary_large_image\" \/>\n<meta name=\"twitter:label1\" content=\"Tempo de lectura\" \/>\n\t<meta name=\"twitter:data1\" content=\"1 minuto\" \/>\n<script type=\"application\/ld+json\" class=\"yoast-schema-graph\">{\"@context\":\"https:\/\/schema.org\",\"@graph\":[{\"@type\":\"WebPage\",\"@id\":\"https:\/\/ventomareiro.com\/gl\/produto\/vento-mareiro-brut\/\",\"url\":\"https:\/\/ventomareiro.com\/gl\/produto\/vento-mareiro-brut\/\",\"name\":\"Vento Mareiro Brut | Vento Mareiro\",\"isPartOf\":{\"@id\":\"https:\/\/ventomareiro.com\/gl\/#website\"},\"primaryImageOfPage\":{\"@id\":\"https:\/\/ventomareiro.com\/gl\/produto\/vento-mareiro-brut\/#primaryimage\"},\"image\":{\"@id\":\"https:\/\/ventomareiro.com\/gl\/produto\/vento-mareiro-brut\/#primaryimage\"},\"thumbnailUrl\":\"https:\/\/ventomareiro.com\/wp-content\/uploads\/2023\/02\/Vento-Mareiro-Foto-producto-mockup-con-dibujo.jpg\",\"datePublished\":\"2023-02-05T08:00:06+00:00\",\"dateModified\":\"2023-02-17T17:10:13+00:00\",\"description\":\"As calidades naturais e a riqueza arom\u00e1tica da uva albari\u00f1o do Val do Saln\u00e9s l\u00e9vannos a elaborar un vi\u00f1o espumoso co m\u00e9todo tradicional champenoise.\",\"breadcrumb\":{\"@id\":\"https:\/\/ventomareiro.com\/gl\/produto\/vento-mareiro-brut\/#breadcrumb\"},\"inLanguage\":\"gl-ES\",\"potentialAction\":[{\"@type\":\"ReadAction\",\"target\":[\"https:\/\/ventomareiro.com\/gl\/produto\/vento-mareiro-brut\/\"]}]},{\"@type\":\"ImageObject\",\"inLanguage\":\"gl-ES\",\"@id\":\"https:\/\/ventomareiro.com\/gl\/produto\/vento-mareiro-brut\/#primaryimage\",\"url\":\"https:\/\/ventomareiro.com\/wp-content\/uploads\/2023\/02\/Vento-Mareiro-Foto-producto-mockup-con-dibujo.jpg\",\"contentUrl\":\"https:\/\/ventomareiro.com\/wp-content\/uploads\/2023\/02\/Vento-Mareiro-Foto-producto-mockup-con-dibujo.jpg\",\"width\":1000,\"height\":1000},{\"@type\":\"BreadcrumbList\",\"@id\":\"https:\/\/ventomareiro.com\/gl\/produto\/vento-mareiro-brut\/#breadcrumb\",\"itemListElement\":[{\"@type\":\"ListItem\",\"position\":1,\"name\":\"Portada\",\"item\":\"https:\/\/ventomareiro.com\/gl\/inicio\/\"},{\"@type\":\"ListItem\",\"position\":2,\"name\":\"Vi\u00f1o\",\"item\":\"https:\/\/ventomareiro.com\/vino\/\"},{\"@type\":\"ListItem\",\"position\":3,\"name\":\"Vento Mareiro Brut\"}]},{\"@type\":\"WebSite\",\"@id\":\"https:\/\/ventomareiro.com\/gl\/#website\",\"url\":\"https:\/\/ventomareiro.com\/gl\/\",\"name\":\"Vento Mareiro\",\"description\":\"un estilo de vida\",\"publisher\":{\"@id\":\"https:\/\/ventomareiro.com\/gl\/#organization\"},\"potentialAction\":[{\"@type\":\"SearchAction\",\"target\":{\"@type\":\"EntryPoint\",\"urlTemplate\":\"https:\/\/ventomareiro.com\/gl\/?s={search_term_string}\"},\"query-input\":{\"@type\":\"PropertyValueSpecification\",\"valueRequired\":true,\"valueName\":\"search_term_string\"}}],\"inLanguage\":\"gl-ES\"},{\"@type\":\"Organization\",\"@id\":\"https:\/\/ventomareiro.com\/gl\/#organization\",\"name\":\"Vento Mareiro\",\"url\":\"https:\/\/ventomareiro.com\/gl\/\",\"logo\":{\"@type\":\"ImageObject\",\"inLanguage\":\"gl-ES\",\"@id\":\"https:\/\/ventomareiro.com\/gl\/#\/schema\/logo\/image\/\",\"url\":\"https:\/\/ventomareiro.com\/wp-content\/uploads\/2022\/03\/Vento-Mareiro-Logo.svg\",\"contentUrl\":\"https:\/\/ventomareiro.com\/wp-content\/uploads\/2022\/03\/Vento-Mareiro-Logo.svg\",\"width\":\"1024\",\"height\":\"1024\",\"caption\":\"Vento Mareiro\"},\"image\":{\"@id\":\"https:\/\/ventomareiro.com\/gl\/#\/schema\/logo\/image\/\"}}]}<\/script>\n<!-- \/ Yoast SEO plugin. -->","yoast_head_json":{"title":"Vento Mareiro Brut | Vento Mareiro","description":"As calidades naturais e a riqueza arom\u00e1tica da uva albari\u00f1o do Val do Saln\u00e9s l\u00e9vannos a elaborar un vi\u00f1o espumoso co m\u00e9todo tradicional champenoise.","robots":{"index":"index","follow":"follow","max-snippet":"max-snippet:-1","max-image-preview":"max-image-preview:large","max-video-preview":"max-video-preview:-1"},"canonical":"https:\/\/ventomareiro.com\/gl\/produto\/vento-mareiro-brut\/","og_locale":"gl_ES","og_type":"article","og_title":"Vento Mareiro Brut | Vento Mareiro","og_description":"As calidades naturais e a riqueza arom\u00e1tica da uva albari\u00f1o do Val do Saln\u00e9s l\u00e9vannos a elaborar un vi\u00f1o espumoso co m\u00e9todo tradicional champenoise.","og_url":"https:\/\/ventomareiro.com\/gl\/produto\/vento-mareiro-brut\/","og_site_name":"Vento Mareiro","article_modified_time":"2023-02-17T17:10:13+00:00","og_image":[{"width":1000,"height":1000,"url":"https:\/\/ventomareiro.com\/wp-content\/uploads\/2023\/02\/Vento-Mareiro-Foto-producto-mockup-con-dibujo.jpg","type":"image\/jpeg"}],"twitter_card":"summary_large_image","twitter_misc":{"Tempo de lectura":"1 minuto"},"schema":{"@context":"https:\/\/schema.org","@graph":[{"@type":"WebPage","@id":"https:\/\/ventomareiro.com\/gl\/produto\/vento-mareiro-brut\/","url":"https:\/\/ventomareiro.com\/gl\/produto\/vento-mareiro-brut\/","name":"Vento Mareiro Brut | Vento Mareiro","isPartOf":{"@id":"https:\/\/ventomareiro.com\/gl\/#website"},"primaryImageOfPage":{"@id":"https:\/\/ventomareiro.com\/gl\/produto\/vento-mareiro-brut\/#primaryimage"},"image":{"@id":"https:\/\/ventomareiro.com\/gl\/produto\/vento-mareiro-brut\/#primaryimage"},"thumbnailUrl":"https:\/\/ventomareiro.com\/wp-content\/uploads\/2023\/02\/Vento-Mareiro-Foto-producto-mockup-con-dibujo.jpg","datePublished":"2023-02-05T08:00:06+00:00","dateModified":"2023-02-17T17:10:13+00:00","description":"As calidades naturais e a riqueza arom\u00e1tica da uva albari\u00f1o do Val do Saln\u00e9s l\u00e9vannos a elaborar un vi\u00f1o espumoso co m\u00e9todo tradicional champenoise.","breadcrumb":{"@id":"https:\/\/ventomareiro.com\/gl\/produto\/vento-mareiro-brut\/#breadcrumb"},"inLanguage":"gl-ES","potentialAction":[{"@type":"ReadAction","target":["https:\/\/ventomareiro.com\/gl\/produto\/vento-mareiro-brut\/"]}]},{"@type":"ImageObject","inLanguage":"gl-ES","@id":"https:\/\/ventomareiro.com\/gl\/produto\/vento-mareiro-brut\/#primaryimage","url":"https:\/\/ventomareiro.com\/wp-content\/uploads\/2023\/02\/Vento-Mareiro-Foto-producto-mockup-con-dibujo.jpg","contentUrl":"https:\/\/ventomareiro.com\/wp-content\/uploads\/2023\/02\/Vento-Mareiro-Foto-producto-mockup-con-dibujo.jpg","width":1000,"height":1000},{"@type":"BreadcrumbList","@id":"https:\/\/ventomareiro.com\/gl\/produto\/vento-mareiro-brut\/#breadcrumb","itemListElement":[{"@type":"ListItem","position":1,"name":"Portada","item":"https:\/\/ventomareiro.com\/gl\/inicio\/"},{"@type":"ListItem","position":2,"name":"Vi\u00f1o","item":"https:\/\/ventomareiro.com\/vino\/"},{"@type":"ListItem","position":3,"name":"Vento Mareiro Brut"}]},{"@type":"WebSite","@id":"https:\/\/ventomareiro.com\/gl\/#website","url":"https:\/\/ventomareiro.com\/gl\/","name":"Vento Mareiro","description":"un estilo de vida","publisher":{"@id":"https:\/\/ventomareiro.com\/gl\/#organization"},"potentialAction":[{"@type":"SearchAction","target":{"@type":"EntryPoint","urlTemplate":"https:\/\/ventomareiro.com\/gl\/?s={search_term_string}"},"query-input":{"@type":"PropertyValueSpecification","valueRequired":true,"valueName":"search_term_string"}}],"inLanguage":"gl-ES"},{"@type":"Organization","@id":"https:\/\/ventomareiro.com\/gl\/#organization","name":"Vento Mareiro","url":"https:\/\/ventomareiro.com\/gl\/","logo":{"@type":"ImageObject","inLanguage":"gl-ES","@id":"https:\/\/ventomareiro.com\/gl\/#\/schema\/logo\/image\/","url":"https:\/\/ventomareiro.com\/wp-content\/uploads\/2022\/03\/Vento-Mareiro-Logo.svg","contentUrl":"https:\/\/ventomareiro.com\/wp-content\/uploads\/2022\/03\/Vento-Mareiro-Logo.svg","width":"1024","height":"1024","caption":"Vento Mareiro"},"image":{"@id":"https:\/\/ventomareiro.com\/gl\/#\/schema\/logo\/image\/"}}]}},"_links":{"self":[{"href":"https:\/\/ventomareiro.com\/gl\/wp-json\/wp\/v2\/product\/31465","targetHints":{"allow":["GET"]}}],"collection":[{"href":"https:\/\/ventomareiro.com\/gl\/wp-json\/wp\/v2\/product"}],"about":[{"href":"https:\/\/ventomareiro.com\/gl\/wp-json\/wp\/v2\/types\/product"}],"wp:featuredmedia":[{"embeddable":true,"href":"https:\/\/ventomareiro.com\/gl\/wp-json\/wp\/v2\/media\/31479"}],"wp:attachment":[{"href":"https:\/\/ventomareiro.com\/gl\/wp-json\/wp\/v2\/media?parent=31465"}],"wp:term":[{"taxonomy":"product_brand","embeddable":true,"href":"https:\/\/ventomareiro.com\/gl\/wp-json\/wp\/v2\/product_brand?post=31465"},{"taxonomy":"product_cat","embeddable":true,"href":"https:\/\/ventomareiro.com\/gl\/wp-json\/wp\/v2\/product_cat?post=31465"},{"taxonomy":"product_tag","embeddable":true,"href":"https:\/\/ventomareiro.com\/gl\/wp-json\/wp\/v2\/product_tag?post=31465"}],"curies":[{"name":"wp","href":"https:\/\/api.w.org\/{rel}","templated":true}]}}