{"id":31290,"date":"2022-03-01T09:00:36","date_gmt":"2022-03-01T08:00:36","guid":{"rendered":"https:\/\/ventomareiro.pantastic.studio\/aviso-legal\/"},"modified":"2022-12-19T16:56:44","modified_gmt":"2022-12-19T15:56:44","slug":"aviso-legal","status":"publish","type":"page","link":"https:\/\/ventomareiro.com\/gl\/aviso-legal\/","title":{"rendered":"Aviso Legal"},"content":{"rendered":"<p>[et_pb_section fb_built=&#8221;1&#8243; _builder_version=&#8221;4.16&#8243; global_colors_info=&#8221;{}&#8221;][et_pb_row _builder_version=&#8221;4.16&#8243; background_size=&#8221;initial&#8221; background_position=&#8221;top_left&#8221; background_repeat=&#8221;repeat&#8221; width=&#8221;60%&#8221; width_tablet=&#8221;80%&#8221; width_phone=&#8221;&#8221; width_last_edited=&#8221;on|tablet&#8221; global_colors_info=&#8221;{}&#8221;][et_pb_column type=&#8221;4_4&#8243; _builder_version=&#8221;4.16&#8243; custom_padding=&#8221;|||&#8221; global_colors_info=&#8221;{}&#8221; custom_padding__hover=&#8221;|||&#8221;][et_pb_post_title meta=&#8221;off&#8221; featured_image=&#8221;off&#8221; _builder_version=&#8221;4.16&#8243; _module_preset=&#8221;default&#8221; custom_margin=&#8221;||10px||false|false&#8221; global_colors_info=&#8221;{}&#8221;][\/et_pb_post_title][et_pb_text _builder_version=&#8221;4.17.4&#8243; link_font=&#8221;|600|||on||||&#8221; link_text_color=&#8221;#134074&#8243; header_font_size=&#8221;35px&#8221; header_2_text_color=&#8221;#13315C&#8221; header_2_font_size=&#8221;27px&#8221; header_3_font=&#8221;Open Sans|700|||||||&#8221; header_3_text_color=&#8221;#79B3DF&#8221; header_3_font_size=&#8221;19px&#8221; header_3_letter_spacing=&#8221;1px&#8221; background_size=&#8221;initial&#8221; background_position=&#8221;top_left&#8221; background_repeat=&#8221;repeat&#8221; header_2_font_size_phone=&#8221;28px&#8221; global_colors_info=&#8221;{}&#8221;]<\/p>\n<h2><strong><span>Datos da empresa<\/span><\/strong><\/h2>\n<p><span>En cumprimento do artigo 10 da Lei 34\/2002, do 11 de xullo, de Servizos da Sociedade da Informaci\u00f3n e de Comercio Electr\u00f3nico, Terra de Sis\u00e1n SL inf\u00f3rmalle que os seus datos identificativos son os seguintes:<\/span><\/p>\n<p><span>A raz\u00f3n social \u00e9 Terra de Sis\u00e1n SL.<\/span><br \/><span>B94100377<\/span><br \/><span>Domicilio social: C\/ Barroso n\u00ba 10- Sis\u00e1n, Ribadumia \u2013 36636 Pontevedra<\/span><br \/><span>Tel\u00e9fono: 986 54 23 54<\/span><br \/><span>Correo electr\u00f3nico para efectos de comunicaci\u00f3n:\u00a0\u00a0<\/span><a href=\"mailto:info@terradeasorei.com\"><span>info@terradeasorei.com<\/span><\/a><\/p>\n<p><span>Todas as notificaci\u00f3ns e comunicaci\u00f3ns entre os usuarios e Terra de Sis\u00e1n SL consideraranse efectivas, para todos os efectos, cando se realicen a trav\u00e9s do correo postal ou calquera outro medio detallado anteriormente.<\/span><\/p>\n<h2><strong><span>Condici\u00f3ns de acceso e uso<\/span><\/strong><\/h2>\n<p><span>Este aviso legal regula o uso do sitio web (en diante, A WEB), propiedade de Terra de Sis\u00e1n SL.<\/span><\/p>\n<p><span>A navegaci\u00f3n polo sitio web de Terra de Sis\u00e1n SL atrib\u00fae a condici\u00f3n de usuario da mesma e implica a aceptaci\u00f3n plena e sen reservas de todas e cada unha das disposici\u00f3ns recollidas neste Aviso Legal, que poden sufrir modificaci\u00f3ns.<\/span><\/p>\n<p><span>O sitio web e os seus servizos son de libre acceso, non obstante, Terra de Sis\u00e1n SL condiciona a utilizaci\u00f3n dalg\u00fans dos servizos ofrecidos na s\u00faa p\u00e1xina web \u00e1 previa cumprimentaci\u00f3n do correspondente formulario.<\/span><\/p>\n<p><span>Todos os contidos do sitio web, tales como textos, fotograf\u00edas, gr\u00e1ficos, imaxes, iconas, tecnolox\u00eda, software, as\u00ed como o seu dese\u00f1o e c\u00f3digos fonte, constit\u00faen unha obra cuxa propiedade pertence a Terra de Sis\u00e1n SL, e ning\u00fan deles pode ser entend\u00e9ndose cedidos ao usuario.dos dereitos de explotaci\u00f3n sobre os mesmos m\u00e1is al\u00f3 do estritamente necesario para o correcto uso da web.<\/span><\/p>\n<p><span>O usuario garante a autenticidade e actualidade de todos os datos comunicados a Terra de Sis\u00e1n SL e ser\u00e1 o \u00fanico responsable das manifestaci\u00f3ns falsas ou inexactas que realice.<\/span><\/p>\n<p><span>O usuario comprom\u00e9tese a facer un uso correcto do sitio web de acordo coas leis, a boa fe, a orde p\u00fablica, os usos do tr\u00e1fico e o presente Aviso Legal.\u00a0O usuario responder\u00e1 ante Terra de Sis\u00e1n SL ou ante terceiros, de calquera dano e prexu\u00edzo que puidese ocasionar como consecuencia do incumprimento do dito deber.<\/span><\/p>\n<h2><strong><span>Pol\u00edtica de ligaz\u00f3ns e exenci\u00f3n de responsabilidade<\/span><\/strong><\/h2>\n<p><span>Terra de Sis\u00e1n SL non se fai responsable do contido das p\u00e1xinas web \u00e1s que o usuario poida acceder a trav\u00e9s dos enlaces establecidos na s\u00faa p\u00e1xina web e declara que en ning\u00fan caso proceder\u00e1 a examinar ou exercer ning\u00fan tipo de control sobre o contido doutras p\u00e1xinas web. .\u00a0As\u00ed mesmo, non garantir\u00e1 a dispo\u00f1ibilidade t\u00e9cnica, exactitude, veracidade, validez ou legalidade das p\u00e1xinas alleas \u00e1 s\u00faa propiedade \u00e1s que se poida acceder a trav\u00e9s dos enlaces.<\/span><\/p>\n<p><span>Terra de Sis\u00e1n SL declara que adoptou todas as medidas necesarias para evitar calquera dano que, aos usuarios do seu sitio web, puidese derivarse da navegaci\u00f3n pola s\u00faa p\u00e1xina web.\u00a0En consecuencia, Terra de Sis\u00e1n SL non se fai responsable, en ning\u00fan caso, dos danos que puidese sufrir o usuario pola navegaci\u00f3n por Internet.<\/span><\/p>\n<h2><strong><span>Uso de cookies e datos estat\u00edsticos<\/span><\/strong><\/h2>\n<p><span>Este sitio web non recolle nin almacena datos persoais dos seus visitantes.\u00a0*Unicamente, coa finalidade de ofrecerlle o mellor servizo a trav\u00e9s desta p\u00e1xina, e co fin de facilitar o seu uso, anal\u00edzanse o n\u00famero de p\u00e1xinas visitadas, o n\u00famero de visitas, as\u00ed como a s\u00faa frecuencia de uso.<\/span><\/p>\n<p><span>Para estes efectos util\u00edzanse os datos estat\u00edsticos elaborados polo Proveedor de Servizos de Internet de Terra de Sis\u00e1n SL.Con esta informaci\u00f3n anal\u00edzase a frecuencia de uso da p\u00e1xina web do comerciante en funci\u00f3n dos datos de conexi\u00f3n, e das secci\u00f3ns m\u00e1is visitadas.\u00a0Terra de Sis\u00e1n SL non utiliza cookies para recoller informaci\u00f3n do usuario da s\u00faa p\u00e1xina web nin rexistra os seus enderezos IP.<\/span><\/p>\n<p><span>O usuario ten a posibilidade de configurar o seu navegador para que sexa informado da recepci\u00f3n de cookies, podendo, se as\u00ed o desexa, evitar que se instalen no seu disco duro.\u00a0Non obstante, para o acceso ao sitio web de Terra de Sis\u00e1n SL non ser\u00e1 obrigatoria a instalaci\u00f3n de cookies.<\/span><\/p>\n<h2><strong><span>Protecci\u00f3n de datos<\/span><\/strong><\/h2>\n<p><span>Inf\u00f3rmase de que os datos persoais que nos facilite voluntariamente, a trav\u00e9s dos distintos formularios da web, ser\u00e1n incorporados a un ficheiro propiedade de Terra de Sis\u00e1n SL con enderezo en C\/ Barroso n\u00ba 10- Sis\u00e1n, Ribadumia \u2013 36636 Pontevedra, que cumpre coas medidas de seguridade esixidas polo Real decreto 1720\/2007, do 21 de decembro.\u00a0O dito ficheiro ten por obxecto a prestaci\u00f3n e administraci\u00f3n do servizo contratado ou solicitado, as\u00ed como a elaboraci\u00f3n de estat\u00edsticas, o env\u00edo de publicidade e outras promoci\u00f3ns comerciais que Terra de Sis\u00e1n SL poida realizar no futuro.<\/span><\/p>\n<p><span>Mediante o env\u00edo dos citados formularios, o usuario autoriza o env\u00edo de informaci\u00f3n e comunicaci\u00f3ns comerciais por correo postal, correo electr\u00f3nico ou fax sobre os produtos e servizos da empresa.<\/span><\/p>\n<p><span>As\u00ed mesmo, Terra de Sis\u00e1n SL cancelar\u00e1 ou rectificar\u00e1 os datos cando resulten inexactos, incompletos ou xa non sexan necesarios para a s\u00faa finalidade, de conformidade co disposto na Lei Org\u00e1nica 15\/1999, do 13 de decembro, de Protecci\u00f3n de Datos de Car\u00e1cter. Persoal.<\/span><\/p>\n<p><span>O usuario poder\u00e1 revogar o consentimento prestado e exercer os dereitos de acceso, rectificaci\u00f3n, cancelaci\u00f3n e oposici\u00f3n dirix\u00edndose por escrito a Terra de Sis\u00e1n SL, no seguinte enderezo C\/ Barroso n\u00ba 10- Sis\u00e1n, Ribadumia \u2013 36636 Pontevedra, ou a trav\u00e9s do seguinte correo electr\u00f3nico info @terradeasorei.com, identific\u00e1ndose debidamente e indicando de forma visible o concreto dereito que se exerce.<\/span><\/p>\n<p><span>Terra de Sis\u00e1n SL adopta os correspondentes niveis de seguridade esixidos pola citada Lei Org\u00e1nica 15\/1999 e demais normativa de aplicaci\u00f3n.\u00a0Non obstante, non asume ningunha responsabilidade polos danos e perdas derivados das alteraci\u00f3ns que terceiros poidan ocasionar nos sistemas inform\u00e1ticos, documentos electr\u00f3nicos ou ficheiros dos usuarios.<\/span><\/p>\n<p>[\/et_pb_text][\/et_pb_column][\/et_pb_row][\/et_pb_section]<\/p>\n","protected":false},"excerpt":{"rendered":"<p>Datos da empresa En cumprimento do artigo 10 da Lei 34\/2002, do 11 de xullo, de Servizos da Sociedade da Informaci\u00f3n e de Comercio Electr\u00f3nico, Terra de Sis\u00e1n SL inf\u00f3rmalle que os seus datos identificativos son os seguintes: A raz\u00f3n social \u00e9 Terra de Sis\u00e1n SL.B94100377Domicilio social: C\/ Barroso n\u00ba 10- Sis\u00e1n, Ribadumia \u2013 36636 [&hellip;]<\/p>\n","protected":false},"author":1,"featured_media":0,"parent":0,"menu_order":10,"comment_status":"closed","ping_status":"closed","template":"","meta":{"_et_pb_use_builder":"on","_et_pb_old_content":"","_et_gb_content_width":"","inline_featured_image":false,"footnotes":""},"class_list":["post-31290","page","type-page","status-publish","hentry"],"yoast_head":"<!-- This site is optimized with the Yoast SEO plugin v27.6 - https:\/\/yoast.com\/product\/yoast-seo-wordpress\/ -->\n<title>Aviso Legal | Vento Mareiro, un estilo de vida<\/title>\n<meta name=\"description\" content=\"Esta \u00e9 a p\u00e1xina onde se estipula o Aviso Legal da web de Vento Mareiro.\" \/>\n<meta name=\"robots\" content=\"index, follow, max-snippet:-1, max-image-preview:large, max-video-preview:-1\" \/>\n<link rel=\"canonical\" href=\"https:\/\/ventomareiro.com\/gl\/aviso-legal\/\" \/>\n<meta property=\"og:locale\" content=\"gl_ES\" \/>\n<meta property=\"og:type\" content=\"article\" \/>\n<meta property=\"og:title\" content=\"Aviso Legal | Vento Mareiro, un estilo de vida\" \/>\n<meta property=\"og:description\" content=\"Esta \u00e9 a p\u00e1xina onde se estipula o Aviso Legal da web de Vento Mareiro.\" \/>\n<meta property=\"og:url\" content=\"https:\/\/ventomareiro.com\/gl\/aviso-legal\/\" \/>\n<meta property=\"og:site_name\" content=\"Vento Mareiro\" \/>\n<meta property=\"article:modified_time\" content=\"2022-12-19T15:56:44+00:00\" \/>\n<meta property=\"og:image\" content=\"https:\/\/ventomareiro.com\/wp-content\/uploads\/2022\/12\/Vento-Mareiro-Age-gate-1.jpeg\" \/>\n\t<meta property=\"og:image:width\" content=\"1700\" \/>\n\t<meta property=\"og:image:height\" content=\"1009\" \/>\n\t<meta property=\"og:image:type\" content=\"image\/jpeg\" \/>\n<meta name=\"twitter:card\" content=\"summary_large_image\" \/>\n<meta name=\"twitter:label1\" content=\"Tempo de lectura\" \/>\n\t<meta name=\"twitter:data1\" content=\"6 minutos\" \/>\n<script type=\"application\/ld+json\" class=\"yoast-schema-graph\">{\"@context\":\"https:\\\/\\\/schema.org\",\"@graph\":[{\"@type\":\"WebPage\",\"@id\":\"https:\\\/\\\/ventomareiro.com\\\/gl\\\/aviso-legal\\\/\",\"url\":\"https:\\\/\\\/ventomareiro.com\\\/gl\\\/aviso-legal\\\/\",\"name\":\"Aviso Legal | Vento Mareiro, un estilo de vida\",\"isPartOf\":{\"@id\":\"https:\\\/\\\/ventomareiro.com\\\/gl\\\/#website\"},\"datePublished\":\"2022-03-01T08:00:36+00:00\",\"dateModified\":\"2022-12-19T15:56:44+00:00\",\"description\":\"Esta \u00e9 a p\u00e1xina onde se estipula o Aviso Legal da web de Vento Mareiro.\",\"breadcrumb\":{\"@id\":\"https:\\\/\\\/ventomareiro.com\\\/gl\\\/aviso-legal\\\/#breadcrumb\"},\"inLanguage\":\"gl-ES\",\"potentialAction\":[{\"@type\":\"ReadAction\",\"target\":[\"https:\\\/\\\/ventomareiro.com\\\/gl\\\/aviso-legal\\\/\"]}]},{\"@type\":\"BreadcrumbList\",\"@id\":\"https:\\\/\\\/ventomareiro.com\\\/gl\\\/aviso-legal\\\/#breadcrumb\",\"itemListElement\":[{\"@type\":\"ListItem\",\"position\":1,\"name\":\"Portada\",\"item\":\"https:\\\/\\\/ventomareiro.com\\\/gl\\\/inicio\\\/\"},{\"@type\":\"ListItem\",\"position\":2,\"name\":\"Aviso Legal\"}]},{\"@type\":\"WebSite\",\"@id\":\"https:\\\/\\\/ventomareiro.com\\\/gl\\\/#website\",\"url\":\"https:\\\/\\\/ventomareiro.com\\\/gl\\\/\",\"name\":\"Vento Mareiro\",\"description\":\"un estilo de vida\",\"publisher\":{\"@id\":\"https:\\\/\\\/ventomareiro.com\\\/gl\\\/#organization\"},\"potentialAction\":[{\"@type\":\"SearchAction\",\"target\":{\"@type\":\"EntryPoint\",\"urlTemplate\":\"https:\\\/\\\/ventomareiro.com\\\/gl\\\/?s={search_term_string}\"},\"query-input\":{\"@type\":\"PropertyValueSpecification\",\"valueRequired\":true,\"valueName\":\"search_term_string\"}}],\"inLanguage\":\"gl-ES\"},{\"@type\":\"Organization\",\"@id\":\"https:\\\/\\\/ventomareiro.com\\\/gl\\\/#organization\",\"name\":\"Vento Mareiro\",\"url\":\"https:\\\/\\\/ventomareiro.com\\\/gl\\\/\",\"logo\":{\"@type\":\"ImageObject\",\"inLanguage\":\"gl-ES\",\"@id\":\"https:\\\/\\\/ventomareiro.com\\\/gl\\\/#\\\/schema\\\/logo\\\/image\\\/\",\"url\":\"https:\\\/\\\/ventomareiro.com\\\/wp-content\\\/uploads\\\/2022\\\/03\\\/Vento-Mareiro-Logo.svg\",\"contentUrl\":\"https:\\\/\\\/ventomareiro.com\\\/wp-content\\\/uploads\\\/2022\\\/03\\\/Vento-Mareiro-Logo.svg\",\"width\":\"1024\",\"height\":\"1024\",\"caption\":\"Vento Mareiro\"},\"image\":{\"@id\":\"https:\\\/\\\/ventomareiro.com\\\/gl\\\/#\\\/schema\\\/logo\\\/image\\\/\"}}]}<\/script>\n<!-- \/ Yoast SEO plugin. -->","yoast_head_json":{"title":"Aviso Legal | Vento Mareiro, un estilo de vida","description":"Esta \u00e9 a p\u00e1xina onde se estipula o Aviso Legal da web de Vento Mareiro.","robots":{"index":"index","follow":"follow","max-snippet":"max-snippet:-1","max-image-preview":"max-image-preview:large","max-video-preview":"max-video-preview:-1"},"canonical":"https:\/\/ventomareiro.com\/gl\/aviso-legal\/","og_locale":"gl_ES","og_type":"article","og_title":"Aviso Legal | Vento Mareiro, un estilo de vida","og_description":"Esta \u00e9 a p\u00e1xina onde se estipula o Aviso Legal da web de Vento Mareiro.","og_url":"https:\/\/ventomareiro.com\/gl\/aviso-legal\/","og_site_name":"Vento Mareiro","article_modified_time":"2022-12-19T15:56:44+00:00","og_image":[{"width":1700,"height":1009,"url":"https:\/\/ventomareiro.com\/wp-content\/uploads\/2022\/12\/Vento-Mareiro-Age-gate-1.jpeg","type":"image\/jpeg"}],"twitter_card":"summary_large_image","twitter_misc":{"Tempo de lectura":"6 minutos"},"schema":{"@context":"https:\/\/schema.org","@graph":[{"@type":"WebPage","@id":"https:\/\/ventomareiro.com\/gl\/aviso-legal\/","url":"https:\/\/ventomareiro.com\/gl\/aviso-legal\/","name":"Aviso Legal | Vento Mareiro, un estilo de vida","isPartOf":{"@id":"https:\/\/ventomareiro.com\/gl\/#website"},"datePublished":"2022-03-01T08:00:36+00:00","dateModified":"2022-12-19T15:56:44+00:00","description":"Esta \u00e9 a p\u00e1xina onde se estipula o Aviso Legal da web de Vento Mareiro.","breadcrumb":{"@id":"https:\/\/ventomareiro.com\/gl\/aviso-legal\/#breadcrumb"},"inLanguage":"gl-ES","potentialAction":[{"@type":"ReadAction","target":["https:\/\/ventomareiro.com\/gl\/aviso-legal\/"]}]},{"@type":"BreadcrumbList","@id":"https:\/\/ventomareiro.com\/gl\/aviso-legal\/#breadcrumb","itemListElement":[{"@type":"ListItem","position":1,"name":"Portada","item":"https:\/\/ventomareiro.com\/gl\/inicio\/"},{"@type":"ListItem","position":2,"name":"Aviso Legal"}]},{"@type":"WebSite","@id":"https:\/\/ventomareiro.com\/gl\/#website","url":"https:\/\/ventomareiro.com\/gl\/","name":"Vento Mareiro","description":"un estilo de vida","publisher":{"@id":"https:\/\/ventomareiro.com\/gl\/#organization"},"potentialAction":[{"@type":"SearchAction","target":{"@type":"EntryPoint","urlTemplate":"https:\/\/ventomareiro.com\/gl\/?s={search_term_string}"},"query-input":{"@type":"PropertyValueSpecification","valueRequired":true,"valueName":"search_term_string"}}],"inLanguage":"gl-ES"},{"@type":"Organization","@id":"https:\/\/ventomareiro.com\/gl\/#organization","name":"Vento Mareiro","url":"https:\/\/ventomareiro.com\/gl\/","logo":{"@type":"ImageObject","inLanguage":"gl-ES","@id":"https:\/\/ventomareiro.com\/gl\/#\/schema\/logo\/image\/","url":"https:\/\/ventomareiro.com\/wp-content\/uploads\/2022\/03\/Vento-Mareiro-Logo.svg","contentUrl":"https:\/\/ventomareiro.com\/wp-content\/uploads\/2022\/03\/Vento-Mareiro-Logo.svg","width":"1024","height":"1024","caption":"Vento Mareiro"},"image":{"@id":"https:\/\/ventomareiro.com\/gl\/#\/schema\/logo\/image\/"}}]}},"_links":{"self":[{"href":"https:\/\/ventomareiro.com\/gl\/wp-json\/wp\/v2\/pages\/31290","targetHints":{"allow":["GET"]}}],"collection":[{"href":"https:\/\/ventomareiro.com\/gl\/wp-json\/wp\/v2\/pages"}],"about":[{"href":"https:\/\/ventomareiro.com\/gl\/wp-json\/wp\/v2\/types\/page"}],"author":[{"embeddable":true,"href":"https:\/\/ventomareiro.com\/gl\/wp-json\/wp\/v2\/users\/1"}],"replies":[{"embeddable":true,"href":"https:\/\/ventomareiro.com\/gl\/wp-json\/wp\/v2\/comments?post=31290"}],"version-history":[{"count":4,"href":"https:\/\/ventomareiro.com\/gl\/wp-json\/wp\/v2\/pages\/31290\/revisions"}],"predecessor-version":[{"id":31316,"href":"https:\/\/ventomareiro.com\/gl\/wp-json\/wp\/v2\/pages\/31290\/revisions\/31316"}],"wp:attachment":[{"href":"https:\/\/ventomareiro.com\/gl\/wp-json\/wp\/v2\/media?parent=31290"}],"curies":[{"name":"wp","href":"https:\/\/api.w.org\/{rel}","templated":true}]}}