{"id":30777,"date":"2022-09-01T08:09:10","date_gmt":"2022-09-01T06:09:10","guid":{"rendered":"https:\/\/ventomareiro.pantastic.studio\/prensa\/"},"modified":"2023-02-17T18:24:58","modified_gmt":"2023-02-17T17:24:58","slug":"prensa","status":"publish","type":"page","link":"https:\/\/ventomareiro.com\/gl\/prensa\/","title":{"rendered":"Prensa"},"content":{"rendered":"<p>[et_pb_section fb_built=&#8221;1&#8243; fullwidth=&#8221;on&#8221; admin_label=&#8221;Header&#8221; module_id=&#8221;home&#8221; _builder_version=&#8221;4.16&#8243; z_index=&#8221;9999&#8243; custom_padding=&#8221;0px|0px|0px|0px&#8221; transparent_background=&#8221;off&#8221; make_fullwidth=&#8221;off&#8221; use_custom_width=&#8221;off&#8221; width_unit=&#8221;off&#8221; custom_width_px=&#8221;1080px&#8221; custom_width_percent=&#8221;80%&#8221; global_colors_info=&#8221;{}&#8221;][et_pb_fullwidth_header title=&#8221;Prensa&#8221; _builder_version=&#8221;4.20.0&#8243; _module_preset=&#8221;8ce1f87c-e62c-4e0d-b1ac-60cf9ee79c45&#8243; background_image=&#8221;https:\/\/ventomareiro.com\/wp-content\/uploads\/2022\/10\/DSC07797-scaled.jpg&#8221; hover_enabled=&#8221;0&#8243; global_colors_info=&#8221;{}&#8221; title_text=&#8221;Bodega&#8221; sticky_enabled=&#8221;0&#8243;][\/et_pb_fullwidth_header][\/et_pb_section][et_pb_section fb_built=&#8221;1&#8243; admin_label=&#8221;Contacto&#8221; _builder_version=&#8221;4.18.0&#8243; _module_preset=&#8221;default&#8221; custom_padding=&#8221;80px||80px||true|false&#8221; locked=&#8221;off&#8221; global_colors_info=&#8221;{}&#8221;][et_pb_row _builder_version=&#8221;4.17.4&#8243; _module_preset=&#8221;b6443cbb-4343-4e84-a904-18ed01f3c310&#8243; global_colors_info=&#8221;{}&#8221;][et_pb_column type=&#8221;4_4&#8243; _builder_version=&#8221;4.16&#8243; _module_preset=&#8221;default&#8221; global_colors_info=&#8221;{}&#8221;][et_pb_text _builder_version=&#8221;4.17.4&#8243; _module_preset=&#8221;default&#8221; text_text_color=&#8221;#0B2545&#8243; header_2_text_align=&#8221;center&#8221; header_2_text_color=&#8221;#0B2545&#8243; global_colors_info=&#8221;{}&#8221;]<\/p>\n<h2>Aparici\u00f3ns nos medios<\/h2>\n<p>[\/et_pb_text][\/et_pb_column][\/et_pb_row][et_pb_row column_structure=&#8221;1_3,1_3,1_3&#8243; use_custom_gutter=&#8221;on&#8221; gutter_width=&#8221;2&#8243; _builder_version=&#8221;4.18.0&#8243; _module_preset=&#8221;default&#8221; global_colors_info=&#8221;{}&#8221;][et_pb_column type=&#8221;1_3&#8243; _builder_version=&#8221;4.18.0&#8243; _module_preset=&#8221;default&#8221; global_colors_info=&#8221;{}&#8221;][et_pb_blurb title=&#8221;O xornalista que quixo aprender a vender vi\u00f1o&#8221; image=&#8221;https:\/\/ventomareiro.com\/wp-content\/uploads\/2022\/09\/Vento-Mareiro-Prensa-La-voz-de-Galicia-El-periodista-que-quiso-aprender.jpeg&#8221; image_icon_width=&#8221;200%&#8221; content_max_width=&#8221;1100px&#8221; _builder_version=&#8221;4.20.0&#8243; _module_preset=&#8221;default&#8221; header_level=&#8221;h3&#8243; header_font=&#8221;Open Sans|700||on|||||&#8221; header_font_size=&#8221;14px&#8221; header_letter_spacing=&#8221;1px&#8221; header_line_height=&#8221;1.4em&#8221; body_font_size=&#8221;14px&#8221; body_line_height=&#8221;1.4em&#8221; background_color=&#8221;#EEF4ED&#8221; custom_padding=&#8221;20px|20px|20px|20px|true|true&#8221; link_option_url=&#8221;https:\/\/www.lavozdegalicia.es\/noticia\/arousa\/cambados\/2017\/06\/11\/periodista-quiso-aprender-vender-vino\/0003_201706A11C12993.htm&#8221; link_option_url_new_window=&#8221;on&#8221; hover_enabled=&#8221;0&#8243; custom_css_blurb_image=&#8221;margin-bottom: 25px !important;&#8221; global_colors_info=&#8221;{}&#8221; title_text=&#8221;Prensa, La Voz de Galicia&#8221; sticky_enabled=&#8221;0&#8243;]<\/p>\n<p>La Voz de Galicia<\/p>\n<p>[\/et_pb_blurb][\/et_pb_column][et_pb_column type=&#8221;1_3&#8243; _builder_version=&#8221;4.18.0&#8243; _module_preset=&#8221;default&#8221; global_colors_info=&#8221;{}&#8221;][et_pb_blurb title=&#8221;O xornalista que lanzou novos retos ao Albari\u00f1o&#8221; image=&#8221;https:\/\/ventomareiro.com\/wp-content\/uploads\/2022\/09\/Vento-Mareiro-Prensa-Sabe-Bien-Nuevos-retos-al-albarino.jpeg&#8221; image_icon_width=&#8221;200%&#8221; content_max_width=&#8221;1100px&#8221; _builder_version=&#8221;4.20.0&#8243; _module_preset=&#8221;default&#8221; header_level=&#8221;h3&#8243; header_font=&#8221;Open Sans|700||on|||||&#8221; header_font_size=&#8221;14px&#8221; header_letter_spacing=&#8221;1px&#8221; header_line_height=&#8221;1.4em&#8221; body_font_size=&#8221;14px&#8221; body_line_height=&#8221;1.4em&#8221; background_color=&#8221;#EEF4ED&#8221; custom_padding=&#8221;20px|20px|20px|20px|true|true&#8221; link_option_url=&#8221;https:\/\/www.lavozdegalicia.es\/noticia\/gastronomia\/2016\/10\/02\/periodista-planteo-nuevos-retos-albarino\/0003_201610SH2P30991.htm&#8221; link_option_url_new_window=&#8221;on&#8221; hover_enabled=&#8221;0&#8243; custom_css_blurb_image=&#8221;margin-bottom: 25px !important;&#8221; global_colors_info=&#8221;{}&#8221; title_text=&#8221;Prensa, La Voz de Galicia&#8221; sticky_enabled=&#8221;0&#8243;]<\/p>\n<p>La Voz de Galicia<\/p>\n<p>[\/et_pb_blurb][\/et_pb_column][et_pb_column type=&#8221;1_3&#8243; _builder_version=&#8221;4.18.0&#8243; _module_preset=&#8221;default&#8221; global_colors_info=&#8221;{}&#8221;][et_pb_blurb title=&#8221;O novo goberno atopar\u00e1 unha herdanza que non \u00e9 de ouro&#8221; image=&#8221;https:\/\/ventomareiro.com\/wp-content\/uploads\/2022\/09\/Vento-Mareiro-Prensa-Arousa-O-novo-goberno.jpeg&#8221; image_icon_width=&#8221;200%&#8221; content_max_width=&#8221;1100px&#8221; _builder_version=&#8221;4.20.0&#8243; _module_preset=&#8221;default&#8221; header_level=&#8221;h3&#8243; header_font=&#8221;Open Sans|700||on|||||&#8221; header_font_size=&#8221;14px&#8221; header_letter_spacing=&#8221;1px&#8221; header_line_height=&#8221;1.4em&#8221; body_font_size=&#8221;14px&#8221; body_line_height=&#8221;1.4em&#8221; background_color=&#8221;#EEF4ED&#8221; custom_padding=&#8221;20px|20px|20px|20px|true|true&#8221; link_option_url=&#8221;https:\/\/www.lavozdegalicia.es\/noticia\/arousa\/2005\/07\/16\/novo-goberno-atopara-unha-herdanza-non-e-ouro\/0003_3904106.htm&#8221; link_option_url_new_window=&#8221;on&#8221; hover_enabled=&#8221;0&#8243; custom_css_blurb_image=&#8221;margin-bottom: 25px !important;&#8221; global_colors_info=&#8221;{}&#8221; title_text=&#8221;Prensa, La Voz de Galicia&#8221; sticky_enabled=&#8221;0&#8243;]<\/p>\n<p>La Voz de Galicia<\/p>\n<p>[\/et_pb_blurb][\/et_pb_column][\/et_pb_row][et_pb_row column_structure=&#8221;1_3,1_3,1_3&#8243; use_custom_gutter=&#8221;on&#8221; gutter_width=&#8221;2&#8243; _builder_version=&#8221;4.18.0&#8243; _module_preset=&#8221;default&#8221; global_colors_info=&#8221;{}&#8221;][et_pb_column type=&#8221;1_3&#8243; _builder_version=&#8221;4.18.0&#8243; _module_preset=&#8221;default&#8221; global_colors_info=&#8221;{}&#8221;][et_pb_blurb title=&#8221;Adegas Dur\u00e1n comercializar\u00e1 os seus vi\u00f1os a trav\u00e9s do portal galego Vieiros&#8221; image=&#8221;https:\/\/ventomareiro.com\/wp-content\/uploads\/2022\/09\/Vento-Mareiro-Prensa-La-voz-de-Galicia-Vino-a-venda-en-vieiros-1.jpeg&#8221; image_icon_width=&#8221;200%&#8221; content_max_width=&#8221;1100px&#8221; _builder_version=&#8221;4.20.0&#8243; _module_preset=&#8221;default&#8221; header_level=&#8221;h3&#8243; header_font=&#8221;Open Sans|700||on|||||&#8221; header_font_size=&#8221;14px&#8221; header_letter_spacing=&#8221;1px&#8221; header_line_height=&#8221;1.4em&#8221; body_font_size=&#8221;14px&#8221; body_line_height=&#8221;1.4em&#8221; background_color=&#8221;#EEF4ED&#8221; custom_padding=&#8221;20px|20px|20px|20px|true|true&#8221; link_option_url=&#8221;https:\/\/quiosco.lavozdegalicia.es\/historico.htm?fechaInicio=30-04-2002&amp;fechaFin=30-04-2002&amp;textoBusqueda=mareiro&amp;orden=2&#8243; link_option_url_new_window=&#8221;on&#8221; hover_enabled=&#8221;0&#8243; custom_css_blurb_image=&#8221;margin-bottom: 25px !important;&#8221; global_colors_info=&#8221;{}&#8221; title_text=&#8221;Prensa, La Voz de Galicia&#8221; sticky_enabled=&#8221;0&#8243;]<\/p>\n<p>La Voz de Galicia<\/p>\n<p>[\/et_pb_blurb][\/et_pb_column][et_pb_column type=&#8221;1_3&#8243; _builder_version=&#8221;4.18.0&#8243; _module_preset=&#8221;default&#8221; global_colors_info=&#8221;{}&#8221;][et_pb_blurb title=&#8221;Vento Mareiro, %22modus vivendi%22&#8243; image=&#8221;https:\/\/ventomareiro.com\/wp-content\/uploads\/2022\/09\/Vento-Mareiro-Prensa-La-voz-de-Galicia-Vento-mareiro-modus-vivendi.jpeg&#8221; image_icon_width=&#8221;200%&#8221; content_max_width=&#8221;1100px&#8221; _builder_version=&#8221;4.20.0&#8243; _module_preset=&#8221;default&#8221; header_level=&#8221;h3&#8243; header_font=&#8221;Open Sans|700||on|||||&#8221; header_font_size=&#8221;14px&#8221; header_letter_spacing=&#8221;1px&#8221; header_line_height=&#8221;1.4em&#8221; body_font_size=&#8221;14px&#8221; body_line_height=&#8221;1.4em&#8221; background_color=&#8221;#EEF4ED&#8221; custom_padding=&#8221;20px|20px|20px|20px|true|true&#8221; link_option_url=&#8221;https:\/\/quiosco.lavozdegalicia.es\/historico.htm?fechaInicio=09-10-1996&amp;fechaFin=09-10-1996&amp;textoBusqueda=mareiro&amp;orden=2&#8243; link_option_url_new_window=&#8221;on&#8221; hover_enabled=&#8221;0&#8243; custom_css_blurb_image=&#8221;margin-bottom: 25px !important;&#8221; global_colors_info=&#8221;{}&#8221; title_text=&#8221;Prensa, La Voz de Galicia&#8221; sticky_enabled=&#8221;0&#8243;]<\/p>\n<p>La Voz de Galicia<\/p>\n<p>[\/et_pb_blurb][\/et_pb_column][et_pb_column type=&#8221;1_3&#8243; _builder_version=&#8221;4.18.0&#8243; _module_preset=&#8221;default&#8221; global_colors_info=&#8221;{}&#8221;][\/et_pb_column][\/et_pb_row][\/et_pb_section]<\/p>\n","protected":false},"excerpt":{"rendered":"<p>Aparici\u00f3ns nos mediosLa Voz de GaliciaLa Voz de GaliciaLa Voz de GaliciaLa Voz de GaliciaLa Voz de Galicia<\/p>\n","protected":false},"author":1,"featured_media":0,"parent":0,"menu_order":10,"comment_status":"closed","ping_status":"closed","template":"","meta":{"_et_pb_use_builder":"on","_et_pb_old_content":"","_et_gb_content_width":"","inline_featured_image":false,"footnotes":""},"class_list":["post-30777","page","type-page","status-publish","hentry"],"yoast_head":"<!-- This site is optimized with the Yoast SEO plugin v27.6 - https:\/\/yoast.com\/product\/yoast-seo-wordpress\/ -->\n<title>Prensa | Vento Mareiro, un estilo de vida<\/title>\n<meta name=\"description\" content=\"O noso m\u00e9todo: abrazar a tradici\u00f3n e empurrar o proceso cara \u00e1 innovaci\u00f3n, posto que non existe unha \u00fanica maneira de facer algo extraordinario.\" \/>\n<meta name=\"robots\" content=\"index, follow, max-snippet:-1, max-image-preview:large, max-video-preview:-1\" \/>\n<link rel=\"canonical\" href=\"https:\/\/ventomareiro.com\/gl\/prensa\/\" \/>\n<meta property=\"og:locale\" content=\"gl_ES\" \/>\n<meta property=\"og:type\" content=\"article\" \/>\n<meta property=\"og:title\" content=\"Prensa | Vento Mareiro, un estilo de vida\" \/>\n<meta property=\"og:description\" content=\"O noso m\u00e9todo: abrazar a tradici\u00f3n e empurrar o proceso cara \u00e1 innovaci\u00f3n, posto que non existe unha \u00fanica maneira de facer algo extraordinario.\" \/>\n<meta property=\"og:url\" content=\"https:\/\/ventomareiro.com\/gl\/prensa\/\" \/>\n<meta property=\"og:site_name\" content=\"Vento Mareiro\" \/>\n<meta property=\"article:modified_time\" content=\"2023-02-17T17:24:58+00:00\" \/>\n<meta property=\"og:image\" content=\"https:\/\/ventomareiro.com\/wp-content\/uploads\/2022\/12\/Vento-Mareiro-Age-gate-1.jpeg\" \/>\n\t<meta property=\"og:image:width\" content=\"1700\" \/>\n\t<meta property=\"og:image:height\" content=\"1009\" \/>\n\t<meta property=\"og:image:type\" content=\"image\/jpeg\" \/>\n<meta name=\"twitter:card\" content=\"summary_large_image\" \/>\n<meta name=\"twitter:label1\" content=\"Tempo de lectura\" \/>\n\t<meta name=\"twitter:data1\" content=\"5 minutos\" \/>\n<script type=\"application\/ld+json\" class=\"yoast-schema-graph\">{\"@context\":\"https:\\\/\\\/schema.org\",\"@graph\":[{\"@type\":\"WebPage\",\"@id\":\"https:\\\/\\\/ventomareiro.com\\\/gl\\\/prensa\\\/\",\"url\":\"https:\\\/\\\/ventomareiro.com\\\/gl\\\/prensa\\\/\",\"name\":\"Prensa | Vento Mareiro, un estilo de vida\",\"isPartOf\":{\"@id\":\"https:\\\/\\\/ventomareiro.com\\\/gl\\\/#website\"},\"datePublished\":\"2022-09-01T06:09:10+00:00\",\"dateModified\":\"2023-02-17T17:24:58+00:00\",\"description\":\"O noso m\u00e9todo: abrazar a tradici\u00f3n e empurrar o proceso cara \u00e1 innovaci\u00f3n, posto que non existe unha \u00fanica maneira de facer algo extraordinario.\",\"breadcrumb\":{\"@id\":\"https:\\\/\\\/ventomareiro.com\\\/gl\\\/prensa\\\/#breadcrumb\"},\"inLanguage\":\"gl-ES\",\"potentialAction\":[{\"@type\":\"ReadAction\",\"target\":[\"https:\\\/\\\/ventomareiro.com\\\/gl\\\/prensa\\\/\"]}]},{\"@type\":\"BreadcrumbList\",\"@id\":\"https:\\\/\\\/ventomareiro.com\\\/gl\\\/prensa\\\/#breadcrumb\",\"itemListElement\":[{\"@type\":\"ListItem\",\"position\":1,\"name\":\"Portada\",\"item\":\"https:\\\/\\\/ventomareiro.com\\\/gl\\\/inicio\\\/\"},{\"@type\":\"ListItem\",\"position\":2,\"name\":\"Prensa\"}]},{\"@type\":\"WebSite\",\"@id\":\"https:\\\/\\\/ventomareiro.com\\\/gl\\\/#website\",\"url\":\"https:\\\/\\\/ventomareiro.com\\\/gl\\\/\",\"name\":\"Vento Mareiro\",\"description\":\"un estilo de vida\",\"publisher\":{\"@id\":\"https:\\\/\\\/ventomareiro.com\\\/gl\\\/#organization\"},\"potentialAction\":[{\"@type\":\"SearchAction\",\"target\":{\"@type\":\"EntryPoint\",\"urlTemplate\":\"https:\\\/\\\/ventomareiro.com\\\/gl\\\/?s={search_term_string}\"},\"query-input\":{\"@type\":\"PropertyValueSpecification\",\"valueRequired\":true,\"valueName\":\"search_term_string\"}}],\"inLanguage\":\"gl-ES\"},{\"@type\":\"Organization\",\"@id\":\"https:\\\/\\\/ventomareiro.com\\\/gl\\\/#organization\",\"name\":\"Vento Mareiro\",\"url\":\"https:\\\/\\\/ventomareiro.com\\\/gl\\\/\",\"logo\":{\"@type\":\"ImageObject\",\"inLanguage\":\"gl-ES\",\"@id\":\"https:\\\/\\\/ventomareiro.com\\\/gl\\\/#\\\/schema\\\/logo\\\/image\\\/\",\"url\":\"https:\\\/\\\/ventomareiro.com\\\/wp-content\\\/uploads\\\/2022\\\/03\\\/Vento-Mareiro-Logo.svg\",\"contentUrl\":\"https:\\\/\\\/ventomareiro.com\\\/wp-content\\\/uploads\\\/2022\\\/03\\\/Vento-Mareiro-Logo.svg\",\"width\":\"1024\",\"height\":\"1024\",\"caption\":\"Vento Mareiro\"},\"image\":{\"@id\":\"https:\\\/\\\/ventomareiro.com\\\/gl\\\/#\\\/schema\\\/logo\\\/image\\\/\"}}]}<\/script>\n<!-- \/ Yoast SEO plugin. -->","yoast_head_json":{"title":"Prensa | Vento Mareiro, un estilo de vida","description":"O noso m\u00e9todo: abrazar a tradici\u00f3n e empurrar o proceso cara \u00e1 innovaci\u00f3n, posto que non existe unha \u00fanica maneira de facer algo extraordinario.","robots":{"index":"index","follow":"follow","max-snippet":"max-snippet:-1","max-image-preview":"max-image-preview:large","max-video-preview":"max-video-preview:-1"},"canonical":"https:\/\/ventomareiro.com\/gl\/prensa\/","og_locale":"gl_ES","og_type":"article","og_title":"Prensa | Vento Mareiro, un estilo de vida","og_description":"O noso m\u00e9todo: abrazar a tradici\u00f3n e empurrar o proceso cara \u00e1 innovaci\u00f3n, posto que non existe unha \u00fanica maneira de facer algo extraordinario.","og_url":"https:\/\/ventomareiro.com\/gl\/prensa\/","og_site_name":"Vento Mareiro","article_modified_time":"2023-02-17T17:24:58+00:00","og_image":[{"width":1700,"height":1009,"url":"https:\/\/ventomareiro.com\/wp-content\/uploads\/2022\/12\/Vento-Mareiro-Age-gate-1.jpeg","type":"image\/jpeg"}],"twitter_card":"summary_large_image","twitter_misc":{"Tempo de lectura":"5 minutos"},"schema":{"@context":"https:\/\/schema.org","@graph":[{"@type":"WebPage","@id":"https:\/\/ventomareiro.com\/gl\/prensa\/","url":"https:\/\/ventomareiro.com\/gl\/prensa\/","name":"Prensa | Vento Mareiro, un estilo de vida","isPartOf":{"@id":"https:\/\/ventomareiro.com\/gl\/#website"},"datePublished":"2022-09-01T06:09:10+00:00","dateModified":"2023-02-17T17:24:58+00:00","description":"O noso m\u00e9todo: abrazar a tradici\u00f3n e empurrar o proceso cara \u00e1 innovaci\u00f3n, posto que non existe unha \u00fanica maneira de facer algo extraordinario.","breadcrumb":{"@id":"https:\/\/ventomareiro.com\/gl\/prensa\/#breadcrumb"},"inLanguage":"gl-ES","potentialAction":[{"@type":"ReadAction","target":["https:\/\/ventomareiro.com\/gl\/prensa\/"]}]},{"@type":"BreadcrumbList","@id":"https:\/\/ventomareiro.com\/gl\/prensa\/#breadcrumb","itemListElement":[{"@type":"ListItem","position":1,"name":"Portada","item":"https:\/\/ventomareiro.com\/gl\/inicio\/"},{"@type":"ListItem","position":2,"name":"Prensa"}]},{"@type":"WebSite","@id":"https:\/\/ventomareiro.com\/gl\/#website","url":"https:\/\/ventomareiro.com\/gl\/","name":"Vento Mareiro","description":"un estilo de vida","publisher":{"@id":"https:\/\/ventomareiro.com\/gl\/#organization"},"potentialAction":[{"@type":"SearchAction","target":{"@type":"EntryPoint","urlTemplate":"https:\/\/ventomareiro.com\/gl\/?s={search_term_string}"},"query-input":{"@type":"PropertyValueSpecification","valueRequired":true,"valueName":"search_term_string"}}],"inLanguage":"gl-ES"},{"@type":"Organization","@id":"https:\/\/ventomareiro.com\/gl\/#organization","name":"Vento Mareiro","url":"https:\/\/ventomareiro.com\/gl\/","logo":{"@type":"ImageObject","inLanguage":"gl-ES","@id":"https:\/\/ventomareiro.com\/gl\/#\/schema\/logo\/image\/","url":"https:\/\/ventomareiro.com\/wp-content\/uploads\/2022\/03\/Vento-Mareiro-Logo.svg","contentUrl":"https:\/\/ventomareiro.com\/wp-content\/uploads\/2022\/03\/Vento-Mareiro-Logo.svg","width":"1024","height":"1024","caption":"Vento Mareiro"},"image":{"@id":"https:\/\/ventomareiro.com\/gl\/#\/schema\/logo\/image\/"}}]}},"_links":{"self":[{"href":"https:\/\/ventomareiro.com\/gl\/wp-json\/wp\/v2\/pages\/30777","targetHints":{"allow":["GET"]}}],"collection":[{"href":"https:\/\/ventomareiro.com\/gl\/wp-json\/wp\/v2\/pages"}],"about":[{"href":"https:\/\/ventomareiro.com\/gl\/wp-json\/wp\/v2\/types\/page"}],"author":[{"embeddable":true,"href":"https:\/\/ventomareiro.com\/gl\/wp-json\/wp\/v2\/users\/1"}],"replies":[{"embeddable":true,"href":"https:\/\/ventomareiro.com\/gl\/wp-json\/wp\/v2\/comments?post=30777"}],"version-history":[{"count":4,"href":"https:\/\/ventomareiro.com\/gl\/wp-json\/wp\/v2\/pages\/30777\/revisions"}],"predecessor-version":[{"id":31720,"href":"https:\/\/ventomareiro.com\/gl\/wp-json\/wp\/v2\/pages\/30777\/revisions\/31720"}],"wp:attachment":[{"href":"https:\/\/ventomareiro.com\/gl\/wp-json\/wp\/v2\/media?parent=30777"}],"curies":[{"name":"wp","href":"https:\/\/api.w.org\/{rel}","templated":true}]}}