{"id":30750,"date":"2022-03-01T09:00:38","date_gmt":"2022-03-01T08:00:38","guid":{"rendered":"https:\/\/ventomareiro.pantastic.studio\/vinedos\/"},"modified":"2023-03-17T13:49:27","modified_gmt":"2023-03-17T12:49:27","slug":"vinedos","status":"publish","type":"page","link":"https:\/\/ventomareiro.com\/gl\/vinedos\/","title":{"rendered":"Vi\u00f1edos"},"content":{"rendered":"<p>[et_pb_section fb_built=&#8221;1&#8243; fullwidth=&#8221;on&#8221; admin_label=&#8221;Header&#8221; module_id=&#8221;home&#8221; _builder_version=&#8221;4.16&#8243; custom_padding=&#8221;0px|0px|0px|0px&#8221; transparent_background=&#8221;off&#8221; make_fullwidth=&#8221;off&#8221; use_custom_width=&#8221;off&#8221; width_unit=&#8221;off&#8221; custom_width_px=&#8221;1080px&#8221; custom_width_percent=&#8221;80%&#8221; global_colors_info=&#8221;{}&#8221;][et_pb_fullwidth_header title=&#8221;Vi\u00f1edos&#8221; _builder_version=&#8221;4.20.0&#8243; _module_preset=&#8221;8ce1f87c-e62c-4e0d-b1ac-60cf9ee79c45&#8243; background_color_gradient_stops=&#8221;rgba(0,0,0,0.3) 0%|rgba(0,0,0,0.3) 100%&#8221; background_image=&#8221;https:\/\/ventomareiro.com\/wp-content\/uploads\/2022\/09\/Vento-Mareiro-Inicio-Header-scaled.jpg&#8221; global_colors_info=&#8221;{}&#8221;]<\/p>\n<p>Un clima influenciado polo solo<\/p>\n<p>[\/et_pb_fullwidth_header][\/et_pb_section][et_pb_section fb_built=&#8221;1&#8243; admin_label=&#8221;Intro&#8221; _builder_version=&#8221;4.16&#8243; _module_preset=&#8221;default&#8221; custom_padding=&#8221;100px||100px||true|false&#8221; global_colors_info=&#8221;{}&#8221;][et_pb_row _builder_version=&#8221;4.17.4&#8243; _module_preset=&#8221;b6443cbb-4343-4e84-a904-18ed01f3c310&#8243; width=&#8221;80%&#8221; width_last_edited=&#8221;off|desktop&#8221; custom_margin=&#8221;||50px||false|false&#8221; custom_padding=&#8221;0px||0px||true|false&#8221; global_colors_info=&#8221;{}&#8221;][et_pb_column type=&#8221;4_4&#8243; _builder_version=&#8221;4.16&#8243; _module_preset=&#8221;default&#8221; global_colors_info=&#8221;{}&#8221;][et_pb_image src=&#8221;https:\/\/ventomareiro.com\/wp-content\/uploads\/2022\/06\/Uva-vin\u0303edos-azul.png&#8221; title_text=&#8221;Uva &#8211; vin\u0303edos&#8221; align=&#8221;left&#8221; _builder_version=&#8221;4.20.0&#8243; _module_preset=&#8221;e5602fa1-dac1-46bb-bab1-5ab5831d6f34&#8243; max_width=&#8221;60px&#8221; global_colors_info=&#8221;{}&#8221;][\/et_pb_image][et_pb_text _builder_version=&#8221;4.17.4&#8243; _module_preset=&#8221;default&#8221; custom_margin=&#8221;||0px||false|false&#8221; global_colors_info=&#8221;{}&#8221;]<\/p>\n<h2>Os nosos vi\u00f1edos<\/h2>\n<p>[\/et_pb_text][et_pb_text _builder_version=&#8221;4.17.4&#8243; _module_preset=&#8221;5fdd3b96-8d30-4b6a-9449-6fa2ff39c28b&#8221; text_orientation=&#8221;left&#8221; global_colors_info=&#8221;{}&#8221;]<\/p>\n<p>O vi\u00f1o faise na vi\u00f1a<\/p>\n<p>[\/et_pb_text][et_pb_text _builder_version=&#8221;4.18.0&#8243; _module_preset=&#8221;default&#8221; width_tablet=&#8221;100%&#8221; width_phone=&#8221;100%&#8221; width_last_edited=&#8221;off|desktop&#8221; custom_margin=&#8221;||10px||false|false&#8221; global_colors_info=&#8221;{}&#8221;]<\/p>\n<p>S\u00f3 uvas de calidade ofrecen grandes vi\u00f1os. As nosas cepas sit\u00faanse no Val do Saln\u00e9s.<\/p>\n<p>[\/et_pb_text][\/et_pb_column][\/et_pb_row][et_pb_row column_structure=&#8221;1_3,1_3,1_3&#8243; _builder_version=&#8221;4.17.4&#8243; _module_preset=&#8221;default&#8221; width_last_edited=&#8221;off|tablet&#8221; custom_padding=&#8221;0px||0px||true|false&#8221; global_colors_info=&#8221;{}&#8221;][et_pb_column type=&#8221;1_3&#8243; _builder_version=&#8221;4.17.4&#8243; _module_preset=&#8221;default&#8221; global_colors_info=&#8221;{}&#8221;][et_pb_blurb title=&#8221;Padrenda e Xil (Mea\u00f1o)&#8221; content_max_width=&#8221;1100px&#8221; _builder_version=&#8221;4.17.4&#8243; _module_preset=&#8221;default&#8221; header_level=&#8221;h3&#8243; text_orientation=&#8221;left&#8221; global_colors_info=&#8221;{}&#8221;]<\/p>\n<p>Onde nace a uva de noso Vento Mareiro Velas.<\/p>\n<p>[\/et_pb_blurb][et_pb_image src=&#8221;https:\/\/ventomareiro.com\/wp-content\/uploads\/2022\/12\/Vento-Mareiro-Vinedos-1-Meano.jpg&#8221; title_text=&#8221;Vi\u00f1edos en Padrenda y Xil (Mea\u00f1o)&#8221; _builder_version=&#8221;4.20.0&#8243; _module_preset=&#8221;default&#8221; global_colors_info=&#8221;{}&#8221;][\/et_pb_image][\/et_pb_column][et_pb_column type=&#8221;1_3&#8243; _builder_version=&#8221;4.17.4&#8243; _module_preset=&#8221;default&#8221; global_colors_info=&#8221;{}&#8221;][et_pb_blurb title=&#8221;San Marti\u00f1o de Meis&#8221; content_max_width=&#8221;1100px&#8221; _builder_version=&#8221;4.17.4&#8243; _module_preset=&#8221;default&#8221; header_level=&#8221;h3&#8243; text_orientation=&#8221;left&#8221; global_colors_info=&#8221;{}&#8221;]<\/p>\n<p>Fogar do vi\u00f1o de autor Vento Mareiro Colleita Limitada.<\/p>\n<p>[\/et_pb_blurb][et_pb_image src=&#8221;https:\/\/ventomareiro.com\/wp-content\/uploads\/2022\/12\/Vento-Mareiro-Vinedos-2-Meis.jpg&#8221; title_text=&#8221;Vi\u00f1edos en San Marti\u00f1o de Meis&#8221; _builder_version=&#8221;4.20.0&#8243; _module_preset=&#8221;default&#8221; locked=&#8221;off&#8221; global_colors_info=&#8221;{}&#8221;][\/et_pb_image][\/et_pb_column][et_pb_column type=&#8221;1_3&#8243; _builder_version=&#8221;4.17.4&#8243; _module_preset=&#8221;default&#8221; global_colors_info=&#8221;{}&#8221;][et_pb_blurb title=&#8221;Cambados, Sis\u00e1n e Barrantes&#8221; content_max_width=&#8221;1100px&#8221; _builder_version=&#8221;4.17.4&#8243; _module_preset=&#8221;default&#8221; header_level=&#8221;h3&#8243; text_orientation=&#8221;left&#8221; global_colors_info=&#8221;{}&#8221;]<\/p>\n<p>As parcelas que dan lugar a Vento Mareiro (Etiqueta Branca).<\/p>\n<p>[\/et_pb_blurb][et_pb_image src=&#8221;https:\/\/ventomareiro.com\/wp-content\/uploads\/2022\/12\/Vento-Mareiro-Vinedos-3-Cambados.jpg&#8221; title_text=&#8221;Vi\u00f1edos en Cambados, Sis\u00e1n y Barrantes&#8221; _builder_version=&#8221;4.20.0&#8243; _module_preset=&#8221;default&#8221; locked=&#8221;off&#8221; global_colors_info=&#8221;{}&#8221;][\/et_pb_image][\/et_pb_column][\/et_pb_row][\/et_pb_section][et_pb_section fb_built=&#8221;1&#8243; admin_label=&#8221;Vi\u00f1edos&#8221; module_id=&#8221;vi\u00f1edos&#8221; _builder_version=&#8221;4.16&#8243; _module_preset=&#8221;default&#8221; background_color=&#8221;#EEF4ED&#8221; global_colors_info=&#8221;{}&#8221;][et_pb_row column_structure=&#8221;2_5,3_5&#8243; make_equal=&#8221;on&#8221; _builder_version=&#8221;4.17.4&#8243; _module_preset=&#8221;default&#8221; global_colors_info=&#8221;{}&#8221;][et_pb_column type=&#8221;2_5&#8243; _builder_version=&#8221;4.16&#8243; _module_preset=&#8221;default&#8221; global_colors_info=&#8221;{}&#8221;][et_pb_text _builder_version=&#8221;4.17.4&#8243; _module_preset=&#8221;default&#8221; header_2_font_size=&#8221;35px&#8221; custom_margin=&#8221;||||false|false&#8221; header_2_font_size_tablet=&#8221;38px&#8221; header_2_font_size_phone=&#8221;26px&#8221; header_2_font_size_last_edited=&#8221;on|tablet&#8221; global_colors_info=&#8221;{}&#8221;]<\/p>\n<h2>Viticultura sostible e produci\u00f3n controlada<\/h2>\n<p>[\/et_pb_text][\/et_pb_column][et_pb_column type=&#8221;3_5&#8243; _builder_version=&#8221;4.16&#8243; _module_preset=&#8221;default&#8221; global_colors_info=&#8221;{}&#8221;][et_pb_text _builder_version=&#8221;4.17.4&#8243; _module_preset=&#8221;default&#8221; custom_margin=&#8221;||||false|false&#8221; global_colors_info=&#8221;{}&#8221;]<\/p>\n<p>Vides de m\u00e1is de 30 anos de antig\u00fcidade, cultivadas en solos gran\u00edticos, con dep\u00f3sitos de gravas, areas e arxilas. A aposta polo sistema de emparrado evita a humidade e airea os nosos vi\u00f1edos, repartidos en pequenas parcelas do Val do Saln\u00e9s e baixo o amparo da Denominaci\u00f3n de Orixe R\u00edas Baixas.<\/p>\n<p>[\/et_pb_text][\/et_pb_column][\/et_pb_row][\/et_pb_section][et_pb_section fb_built=&#8221;1&#8243; fullwidth=&#8221;on&#8221; admin_label=&#8221;CTA&#8221; _builder_version=&#8221;4.16&#8243; _module_preset=&#8221;default&#8221; global_colors_info=&#8221;{}&#8221;][et_pb_fullwidth_header subhead=&#8221;Detr\u00e1s do vi\u00f1o&#8221; button_one_text=&#8221;Co\u00f1ece a nosa adega&#8221; button_one_url=&#8221;@ET-DC@eyJkeW5hbWljIjp0cnVlLCJjb250ZW50IjoicG9zdF9saW5rX3VybF9wYWdlIiwic2V0dGluZ3MiOnsicG9zdF9pZCI6IjI5MjYyIn19@&#8221; _builder_version=&#8221;4.20.2&#8243; _dynamic_attributes=&#8221;button_one_url&#8221; _module_preset=&#8221;_initial&#8221; background_image=&#8221;https:\/\/ventomareiro.com\/wp-content\/uploads\/2022\/09\/Vento-Mareiro-Vin\u0303edos-CTA.jpg&#8221; background_position=&#8221;bottom_center&#8221; hover_enabled=&#8221;0&#8243; global_colors_info=&#8221;{}&#8221; title_text=&#8221;Bodega&#8221; sticky_enabled=&#8221;0&#8243;]<\/p>\n<p>Uvas e persoas, dous elementos dunha mesma colleita<\/p>\n<p>[\/et_pb_fullwidth_header][\/et_pb_section]<\/p>\n","protected":false},"excerpt":{"rendered":"<p>Un clima influenciado polo soloOs nosos vi\u00f1edosO vi\u00f1o faise na vi\u00f1aS\u00f3 uvas de calidade ofrecen grandes vi\u00f1os. As nosas cepas sit\u00faanse no Val do Saln\u00e9s.Onde nace a uva de noso Vento Mareiro Velas.Fogar do vi\u00f1o de autor Vento Mareiro Colleita Limitada.As parcelas que dan lugar a Vento Mareiro (Etiqueta Branca).Viticultura sostible e produci\u00f3n controladaVides de [&hellip;]<\/p>\n","protected":false},"author":1,"featured_media":30612,"parent":0,"menu_order":2,"comment_status":"closed","ping_status":"closed","template":"","meta":{"_et_pb_use_builder":"on","_et_pb_old_content":"","_et_gb_content_width":"","inline_featured_image":false,"footnotes":""},"class_list":["post-30750","page","type-page","status-publish","has-post-thumbnail","hentry"],"yoast_head":"<!-- This site is optimized with the Yoast SEO plugin v26.4 - https:\/\/yoast.com\/wordpress\/plugins\/seo\/ -->\n<title>Vi\u00f1edos | Vento Mareiro, un estilo de vida<\/title>\n<meta name=\"description\" content=\"S\u00f3 uvas de calidade ofrecen grandes vi\u00f1os. As nosas mellores cepas te\u00f1en ra\u00edces no Val do Saln\u00e9s.\" \/>\n<meta name=\"robots\" content=\"index, follow, max-snippet:-1, max-image-preview:large, max-video-preview:-1\" \/>\n<link rel=\"canonical\" href=\"https:\/\/ventomareiro.com\/gl\/vinedos\/\" \/>\n<meta property=\"og:locale\" content=\"gl_ES\" \/>\n<meta property=\"og:type\" content=\"article\" \/>\n<meta property=\"og:title\" content=\"Vi\u00f1edos | Vento Mareiro, un estilo de vida\" \/>\n<meta property=\"og:description\" content=\"S\u00f3 uvas de calidade ofrecen grandes vi\u00f1os. As nosas mellores cepas te\u00f1en ra\u00edces no Val do Saln\u00e9s.\" \/>\n<meta property=\"og:url\" content=\"https:\/\/ventomareiro.com\/gl\/vinedos\/\" \/>\n<meta property=\"og:site_name\" content=\"Vento Mareiro\" \/>\n<meta property=\"article:modified_time\" content=\"2023-03-17T12:49:27+00:00\" \/>\n<meta property=\"og:image\" content=\"https:\/\/ventomareiro.com\/wp-content\/uploads\/2022\/09\/Vento-Mareiro-Inicio-Header-scaled.jpg\" \/>\n\t<meta property=\"og:image:width\" content=\"2560\" \/>\n\t<meta property=\"og:image:height\" content=\"1920\" \/>\n\t<meta property=\"og:image:type\" content=\"image\/jpeg\" \/>\n<meta name=\"twitter:card\" content=\"summary_large_image\" \/>\n<meta name=\"twitter:label1\" content=\"Tempo de lectura\" \/>\n\t<meta name=\"twitter:data1\" content=\"5 minutos\" \/>\n<script type=\"application\/ld+json\" class=\"yoast-schema-graph\">{\"@context\":\"https:\/\/schema.org\",\"@graph\":[{\"@type\":\"WebPage\",\"@id\":\"https:\/\/ventomareiro.com\/gl\/vinedos\/\",\"url\":\"https:\/\/ventomareiro.com\/gl\/vinedos\/\",\"name\":\"Vi\u00f1edos | Vento Mareiro, un estilo de vida\",\"isPartOf\":{\"@id\":\"https:\/\/ventomareiro.com\/gl\/#website\"},\"primaryImageOfPage\":{\"@id\":\"https:\/\/ventomareiro.com\/gl\/vinedos\/#primaryimage\"},\"image\":{\"@id\":\"https:\/\/ventomareiro.com\/gl\/vinedos\/#primaryimage\"},\"thumbnailUrl\":\"https:\/\/ventomareiro.com\/wp-content\/uploads\/2022\/09\/Vento-Mareiro-Inicio-Header-scaled.jpg\",\"datePublished\":\"2022-03-01T08:00:38+00:00\",\"dateModified\":\"2023-03-17T12:49:27+00:00\",\"description\":\"S\u00f3 uvas de calidade ofrecen grandes vi\u00f1os. As nosas mellores cepas te\u00f1en ra\u00edces no Val do Saln\u00e9s.\",\"breadcrumb\":{\"@id\":\"https:\/\/ventomareiro.com\/gl\/vinedos\/#breadcrumb\"},\"inLanguage\":\"gl-ES\",\"potentialAction\":[{\"@type\":\"ReadAction\",\"target\":[\"https:\/\/ventomareiro.com\/gl\/vinedos\/\"]}]},{\"@type\":\"ImageObject\",\"inLanguage\":\"gl-ES\",\"@id\":\"https:\/\/ventomareiro.com\/gl\/vinedos\/#primaryimage\",\"url\":\"https:\/\/ventomareiro.com\/wp-content\/uploads\/2022\/09\/Vento-Mareiro-Inicio-Header-scaled.jpg\",\"contentUrl\":\"https:\/\/ventomareiro.com\/wp-content\/uploads\/2022\/09\/Vento-Mareiro-Inicio-Header-scaled.jpg\",\"width\":2560,\"height\":1920,\"caption\":\"default\"},{\"@type\":\"BreadcrumbList\",\"@id\":\"https:\/\/ventomareiro.com\/gl\/vinedos\/#breadcrumb\",\"itemListElement\":[{\"@type\":\"ListItem\",\"position\":1,\"name\":\"Portada\",\"item\":\"https:\/\/ventomareiro.com\/gl\/inicio\/\"},{\"@type\":\"ListItem\",\"position\":2,\"name\":\"Vi\u00f1edos\"}]},{\"@type\":\"WebSite\",\"@id\":\"https:\/\/ventomareiro.com\/gl\/#website\",\"url\":\"https:\/\/ventomareiro.com\/gl\/\",\"name\":\"Vento Mareiro\",\"description\":\"un estilo de vida\",\"publisher\":{\"@id\":\"https:\/\/ventomareiro.com\/gl\/#organization\"},\"potentialAction\":[{\"@type\":\"SearchAction\",\"target\":{\"@type\":\"EntryPoint\",\"urlTemplate\":\"https:\/\/ventomareiro.com\/gl\/?s={search_term_string}\"},\"query-input\":{\"@type\":\"PropertyValueSpecification\",\"valueRequired\":true,\"valueName\":\"search_term_string\"}}],\"inLanguage\":\"gl-ES\"},{\"@type\":\"Organization\",\"@id\":\"https:\/\/ventomareiro.com\/gl\/#organization\",\"name\":\"Vento Mareiro\",\"url\":\"https:\/\/ventomareiro.com\/gl\/\",\"logo\":{\"@type\":\"ImageObject\",\"inLanguage\":\"gl-ES\",\"@id\":\"https:\/\/ventomareiro.com\/gl\/#\/schema\/logo\/image\/\",\"url\":\"https:\/\/ventomareiro.com\/wp-content\/uploads\/2022\/03\/Vento-Mareiro-Logo.svg\",\"contentUrl\":\"https:\/\/ventomareiro.com\/wp-content\/uploads\/2022\/03\/Vento-Mareiro-Logo.svg\",\"width\":\"1024\",\"height\":\"1024\",\"caption\":\"Vento Mareiro\"},\"image\":{\"@id\":\"https:\/\/ventomareiro.com\/gl\/#\/schema\/logo\/image\/\"}}]}<\/script>\n<!-- \/ Yoast SEO plugin. -->","yoast_head_json":{"title":"Vi\u00f1edos | Vento Mareiro, un estilo de vida","description":"S\u00f3 uvas de calidade ofrecen grandes vi\u00f1os. As nosas mellores cepas te\u00f1en ra\u00edces no Val do Saln\u00e9s.","robots":{"index":"index","follow":"follow","max-snippet":"max-snippet:-1","max-image-preview":"max-image-preview:large","max-video-preview":"max-video-preview:-1"},"canonical":"https:\/\/ventomareiro.com\/gl\/vinedos\/","og_locale":"gl_ES","og_type":"article","og_title":"Vi\u00f1edos | Vento Mareiro, un estilo de vida","og_description":"S\u00f3 uvas de calidade ofrecen grandes vi\u00f1os. As nosas mellores cepas te\u00f1en ra\u00edces no Val do Saln\u00e9s.","og_url":"https:\/\/ventomareiro.com\/gl\/vinedos\/","og_site_name":"Vento Mareiro","article_modified_time":"2023-03-17T12:49:27+00:00","og_image":[{"width":2560,"height":1920,"url":"https:\/\/ventomareiro.com\/wp-content\/uploads\/2022\/09\/Vento-Mareiro-Inicio-Header-scaled.jpg","type":"image\/jpeg"}],"twitter_card":"summary_large_image","twitter_misc":{"Tempo de lectura":"5 minutos"},"schema":{"@context":"https:\/\/schema.org","@graph":[{"@type":"WebPage","@id":"https:\/\/ventomareiro.com\/gl\/vinedos\/","url":"https:\/\/ventomareiro.com\/gl\/vinedos\/","name":"Vi\u00f1edos | Vento Mareiro, un estilo de vida","isPartOf":{"@id":"https:\/\/ventomareiro.com\/gl\/#website"},"primaryImageOfPage":{"@id":"https:\/\/ventomareiro.com\/gl\/vinedos\/#primaryimage"},"image":{"@id":"https:\/\/ventomareiro.com\/gl\/vinedos\/#primaryimage"},"thumbnailUrl":"https:\/\/ventomareiro.com\/wp-content\/uploads\/2022\/09\/Vento-Mareiro-Inicio-Header-scaled.jpg","datePublished":"2022-03-01T08:00:38+00:00","dateModified":"2023-03-17T12:49:27+00:00","description":"S\u00f3 uvas de calidade ofrecen grandes vi\u00f1os. As nosas mellores cepas te\u00f1en ra\u00edces no Val do Saln\u00e9s.","breadcrumb":{"@id":"https:\/\/ventomareiro.com\/gl\/vinedos\/#breadcrumb"},"inLanguage":"gl-ES","potentialAction":[{"@type":"ReadAction","target":["https:\/\/ventomareiro.com\/gl\/vinedos\/"]}]},{"@type":"ImageObject","inLanguage":"gl-ES","@id":"https:\/\/ventomareiro.com\/gl\/vinedos\/#primaryimage","url":"https:\/\/ventomareiro.com\/wp-content\/uploads\/2022\/09\/Vento-Mareiro-Inicio-Header-scaled.jpg","contentUrl":"https:\/\/ventomareiro.com\/wp-content\/uploads\/2022\/09\/Vento-Mareiro-Inicio-Header-scaled.jpg","width":2560,"height":1920,"caption":"default"},{"@type":"BreadcrumbList","@id":"https:\/\/ventomareiro.com\/gl\/vinedos\/#breadcrumb","itemListElement":[{"@type":"ListItem","position":1,"name":"Portada","item":"https:\/\/ventomareiro.com\/gl\/inicio\/"},{"@type":"ListItem","position":2,"name":"Vi\u00f1edos"}]},{"@type":"WebSite","@id":"https:\/\/ventomareiro.com\/gl\/#website","url":"https:\/\/ventomareiro.com\/gl\/","name":"Vento Mareiro","description":"un estilo de vida","publisher":{"@id":"https:\/\/ventomareiro.com\/gl\/#organization"},"potentialAction":[{"@type":"SearchAction","target":{"@type":"EntryPoint","urlTemplate":"https:\/\/ventomareiro.com\/gl\/?s={search_term_string}"},"query-input":{"@type":"PropertyValueSpecification","valueRequired":true,"valueName":"search_term_string"}}],"inLanguage":"gl-ES"},{"@type":"Organization","@id":"https:\/\/ventomareiro.com\/gl\/#organization","name":"Vento Mareiro","url":"https:\/\/ventomareiro.com\/gl\/","logo":{"@type":"ImageObject","inLanguage":"gl-ES","@id":"https:\/\/ventomareiro.com\/gl\/#\/schema\/logo\/image\/","url":"https:\/\/ventomareiro.com\/wp-content\/uploads\/2022\/03\/Vento-Mareiro-Logo.svg","contentUrl":"https:\/\/ventomareiro.com\/wp-content\/uploads\/2022\/03\/Vento-Mareiro-Logo.svg","width":"1024","height":"1024","caption":"Vento Mareiro"},"image":{"@id":"https:\/\/ventomareiro.com\/gl\/#\/schema\/logo\/image\/"}}]}},"_links":{"self":[{"href":"https:\/\/ventomareiro.com\/gl\/wp-json\/wp\/v2\/pages\/30750","targetHints":{"allow":["GET"]}}],"collection":[{"href":"https:\/\/ventomareiro.com\/gl\/wp-json\/wp\/v2\/pages"}],"about":[{"href":"https:\/\/ventomareiro.com\/gl\/wp-json\/wp\/v2\/types\/page"}],"author":[{"embeddable":true,"href":"https:\/\/ventomareiro.com\/gl\/wp-json\/wp\/v2\/users\/1"}],"replies":[{"embeddable":true,"href":"https:\/\/ventomareiro.com\/gl\/wp-json\/wp\/v2\/comments?post=30750"}],"version-history":[{"count":12,"href":"https:\/\/ventomareiro.com\/gl\/wp-json\/wp\/v2\/pages\/30750\/revisions"}],"predecessor-version":[{"id":31897,"href":"https:\/\/ventomareiro.com\/gl\/wp-json\/wp\/v2\/pages\/30750\/revisions\/31897"}],"wp:featuredmedia":[{"embeddable":true,"href":"https:\/\/ventomareiro.com\/gl\/wp-json\/wp\/v2\/media\/30612"}],"wp:attachment":[{"href":"https:\/\/ventomareiro.com\/gl\/wp-json\/wp\/v2\/media?parent=30750"}],"curies":[{"name":"wp","href":"https:\/\/api.w.org\/{rel}","templated":true}]}}