{"id":30747,"date":"2022-03-01T09:00:09","date_gmt":"2022-03-01T08:00:09","guid":{"rendered":"https:\/\/ventomareiro.pantastic.studio\/vino\/"},"modified":"2023-04-07T16:22:34","modified_gmt":"2023-04-07T14:22:34","slug":"vino","status":"publish","type":"page","link":"https:\/\/ventomareiro.com\/gl\/vino\/","title":{"rendered":"Vi\u00f1o"},"content":{"rendered":"<p>[et_pb_section fb_built=&#8221;1&#8243; fullwidth=&#8221;on&#8221; admin_label=&#8221;Header&#8221; module_id=&#8221;home&#8221; _builder_version=&#8221;4.16&#8243; custom_padding=&#8221;0px|0px|0px|0px&#8221; transparent_background=&#8221;off&#8221; make_fullwidth=&#8221;off&#8221; use_custom_width=&#8221;off&#8221; width_unit=&#8221;off&#8221; custom_width_px=&#8221;1080px&#8221; custom_width_percent=&#8221;80%&#8221; global_colors_info=&#8221;{}&#8221;][et_pb_fullwidth_header title=&#8221;Vi\u00f1o&#8221; _builder_version=&#8221;4.20.2&#8243; _module_preset=&#8221;8ce1f87c-e62c-4e0d-b1ac-60cf9ee79c45&#8243; background_color_gradient_stops=&#8221;rgba(0,0,0,0.1) 0%|rgba(0,0,0,0.1) 100%&#8221; background_image=&#8221;https:\/\/ventomareiro.com\/wp-content\/uploads\/2022\/12\/Vento-Mareiro-Vino-Fondo.jpg&#8221; global_colors_info=&#8221;{}&#8221;]<\/p>\n<p>Un albari\u00f1o con personalidade<\/p>\n<p>[\/et_pb_fullwidth_header][\/et_pb_section][et_pb_section fb_built=&#8221;1&#8243; admin_label=&#8221;Intro&#8221; _builder_version=&#8221;4.16&#8243; _module_preset=&#8221;default&#8221; background_color=&#8221;#EEF4ED&#8221; global_colors_info=&#8221;{}&#8221;][et_pb_row _builder_version=&#8221;4.18.0&#8243; _module_preset=&#8221;b6443cbb-4343-4e84-a904-18ed01f3c310&#8243; width=&#8221;45%&#8221; global_colors_info=&#8221;{}&#8221;][et_pb_column type=&#8221;4_4&#8243; _builder_version=&#8221;4.16&#8243; _module_preset=&#8221;default&#8221; global_colors_info=&#8221;{}&#8221;][et_pb_text _builder_version=&#8221;4.20.2&#8243; _module_preset=&#8221;default&#8221; text_orientation=&#8221;center&#8221; global_colors_info=&#8221;{}&#8221;]<\/p>\n<p>Nace no Val do Saln\u00e9s \u00e1 vontade do mar do vento, que deixan a s\u00faa pegada neste vi\u00f1o. As nosas mans e a s\u00faa brisa moldean cada colleita para sacar o mellor dela.<\/p>\n<p>[\/et_pb_text][et_pb_button button_url=&#8221;@ET-DC@eyJkeW5hbWljIjp0cnVlLCJjb250ZW50IjoicG9zdF9saW5rX3VybF9wYWdlIiwic2V0dGluZ3MiOnsicG9zdF9pZCI6IjI5MTcyIn19@&#8221; button_text=&#8221;Quen da nome ao noso vi\u00f1o&#8221; _builder_version=&#8221;4.17.4&#8243; _dynamic_attributes=&#8221;button_url&#8221; _module_preset=&#8221;a06c1148-f9d2-405c-9bcb-b9b31e6914a5&#8243; global_colors_info=&#8221;{}&#8221;][\/et_pb_button][\/et_pb_column][\/et_pb_row][\/et_pb_section][et_pb_section fb_built=&#8221;1&#8243; admin_label=&#8221;Vinos&#8221; _builder_version=&#8221;4.16&#8243; _module_preset=&#8221;default&#8221; global_colors_info=&#8221;{}&#8221;][et_pb_row _builder_version=&#8221;4.16&#8243; _module_preset=&#8221;b6443cbb-4343-4e84-a904-18ed01f3c310&#8243; global_colors_info=&#8221;{}&#8221;][et_pb_column type=&#8221;4_4&#8243; _builder_version=&#8221;4.16&#8243; _module_preset=&#8221;default&#8221; global_colors_info=&#8221;{}&#8221;][et_pb_text _builder_version=&#8221;4.16&#8243; _module_preset=&#8221;default&#8221; text_orientation=&#8221;center&#8221; custom_margin=&#8221;||0px||false|false&#8221; global_colors_info=&#8221;{}&#8221;]<\/p>\n<h2>A nosa selecci\u00f3n<\/h2>\n<p>[\/et_pb_text][et_pb_text _builder_version=&#8221;4.19.5&#8243; _module_preset=&#8221;5fdd3b96-8d30-4b6a-9449-6fa2ff39c28b&#8221; global_colors_info=&#8221;{}&#8221;]<\/p>\n<p>Unha variedade e catro formas de expresala<\/p>\n<p>[\/et_pb_text][et_pb_text _builder_version=&#8221;4.18.0&#8243; _module_preset=&#8221;default&#8221; text_orientation=&#8221;center&#8221; custom_margin=&#8221;||||false|false&#8221; global_colors_info=&#8221;{}&#8221;]<\/p>\n<p>Albari\u00f1o do Val do Saln\u00e9s, un R\u00edas Baixas que concentra a contorna na que medra.<br \/>Catro vi\u00f1os elaborados na adega \u00abAdegas Terra de Asorei\u00bb.<\/p>\n<p>[\/et_pb_text][\/et_pb_column][\/et_pb_row][et_pb_row use_custom_gutter=&#8221;on&#8221; _builder_version=&#8221;4.19.5&#8243; _module_preset=&#8221;b6443cbb-4343-4e84-a904-18ed01f3c310&#8243; width=&#8221;85%&#8221; max_width=&#8221;2560px&#8221; global_colors_info=&#8221;{}&#8221;][et_pb_column type=&#8221;4_4&#8243; _builder_version=&#8221;4.16&#8243; _module_preset=&#8221;default&#8221; global_colors_info=&#8221;{}&#8221;][et_pb_shop posts_number=&#8221;4&#8243; columns_number=&#8221;4&#8243; orderby=&#8221;menu_order&#8221; icon_hover_color=&#8221;#0B2545&#8243; hover_overlay_color=&#8221;rgba(238,244,237,0.85)&#8221; hover_icon=&#8221;&#xf4e3;||fa||900&#8243; show_price=&#8221;off&#8221; disabled_on=&#8221;off|off|off&#8221; _builder_version=&#8221;4.20.4&#8243; _module_preset=&#8221;default&#8221; title_font=&#8221;Open Sans|500||on|||||&#8221; title_font_size=&#8221;12px&#8221; title_letter_spacing=&#8221;1px&#8221; title_line_height=&#8221;1.4em&#8221; text_orientation=&#8221;center&#8221; hover_enabled=&#8221;0&#8243; global_colors_info=&#8221;{}&#8221; sticky_enabled=&#8221;0&#8243;][\/et_pb_shop][\/et_pb_column][\/et_pb_row][\/et_pb_section][et_pb_section fb_built=&#8221;1&#8243; fullwidth=&#8221;on&#8221; admin_label=&#8221;CTA&#8221; _builder_version=&#8221;4.16&#8243; _module_preset=&#8221;default&#8221; global_colors_info=&#8221;{}&#8221;][et_pb_fullwidth_header subhead=&#8221;A orixe dun Albari\u00f1o de autor&#8221; button_one_text=&#8221;Explorar os nosos vi\u00f1edos&#8221; button_one_url=&#8221;@ET-DC@eyJkeW5hbWljIjp0cnVlLCJjb250ZW50IjoicG9zdF9saW5rX3VybF9wYWdlIiwic2V0dGluZ3MiOnsicG9zdF9pZCI6IjI5MjI0In19@&#8221; _builder_version=&#8221;4.20.2&#8243; _dynamic_attributes=&#8221;button_one_url&#8221; _module_preset=&#8221;_initial&#8221; background_image=&#8221;https:\/\/ventomareiro.com\/wp-content\/uploads\/2022\/09\/Vento-Mareiro-Vin\u0303edos-CTA.jpg&#8221; global_colors_info=&#8221;{}&#8221;]<\/p>\n<p>Unha terra e un clima \u00fanicos que dan lugar a un vi\u00f1o con personalidade.<br \/>As nosas cepas son a orixe de todo, o berce do vi\u00f1o que ser\u00e1.<\/p>\n<p>[\/et_pb_fullwidth_header][\/et_pb_section]<\/p>\n","protected":false},"excerpt":{"rendered":"<p>Un albari\u00f1o con personalidadeNace no Val do Saln\u00e9s \u00e1 vontade do mar do vento, que deixan a s\u00faa pegada neste vi\u00f1o. As nosas mans e a s\u00faa brisa moldean cada colleita para sacar o mellor dela.A nosa selecci\u00f3nUnha variedade e catro formas de expresalaAlbari\u00f1o do Val do Saln\u00e9s, un R\u00edas Baixas que concentra a contorna [&hellip;]<\/p>\n","protected":false},"author":1,"featured_media":30657,"parent":0,"menu_order":1,"comment_status":"closed","ping_status":"closed","template":"","meta":{"_et_pb_use_builder":"on","_et_pb_old_content":"","_et_gb_content_width":"","inline_featured_image":false,"footnotes":""},"class_list":["post-30747","page","type-page","status-publish","has-post-thumbnail","hentry"],"yoast_head":"<!-- This site is optimized with the Yoast SEO plugin v27.6 - https:\/\/yoast.com\/product\/yoast-seo-wordpress\/ -->\n<title>Vi\u00f1o | Vento Mareiro, un estilo de vida<\/title>\n<meta name=\"description\" content=\"Elaborado no Val do Saln\u00e9s \u00e1 vontade do mar do vento, que deixan a s\u00faa pegada neste vi\u00f1o. As nosas mans e a s\u00faa brisa moldean cada colleita.\" \/>\n<meta name=\"robots\" content=\"index, follow, max-snippet:-1, max-image-preview:large, max-video-preview:-1\" \/>\n<link rel=\"canonical\" href=\"https:\/\/ventomareiro.com\/gl\/vino\/\" \/>\n<meta property=\"og:locale\" content=\"gl_ES\" \/>\n<meta property=\"og:type\" content=\"article\" \/>\n<meta property=\"og:title\" content=\"Vi\u00f1o | Vento Mareiro, un estilo de vida\" \/>\n<meta property=\"og:description\" content=\"Elaborado no Val do Saln\u00e9s \u00e1 vontade do mar do vento, que deixan a s\u00faa pegada neste vi\u00f1o. As nosas mans e a s\u00faa brisa moldean cada colleita.\" \/>\n<meta property=\"og:url\" content=\"https:\/\/ventomareiro.com\/gl\/vino\/\" \/>\n<meta property=\"og:site_name\" content=\"Vento Mareiro\" \/>\n<meta property=\"article:modified_time\" content=\"2023-04-07T14:22:34+00:00\" \/>\n<meta property=\"og:image\" content=\"https:\/\/ventomareiro.com\/wp-content\/uploads\/2022\/10\/DSC07797-scaled.jpg\" \/>\n\t<meta property=\"og:image:width\" content=\"2560\" \/>\n\t<meta property=\"og:image:height\" content=\"1707\" \/>\n\t<meta property=\"og:image:type\" content=\"image\/jpeg\" \/>\n<meta name=\"twitter:card\" content=\"summary_large_image\" \/>\n<meta name=\"twitter:label1\" content=\"Tempo de lectura\" \/>\n\t<meta name=\"twitter:data1\" content=\"3 minutos\" \/>\n<script type=\"application\/ld+json\" class=\"yoast-schema-graph\">{\"@context\":\"https:\\\/\\\/schema.org\",\"@graph\":[{\"@type\":\"WebPage\",\"@id\":\"https:\\\/\\\/ventomareiro.com\\\/gl\\\/vino\\\/\",\"url\":\"https:\\\/\\\/ventomareiro.com\\\/gl\\\/vino\\\/\",\"name\":\"Vi\u00f1o | Vento Mareiro, un estilo de vida\",\"isPartOf\":{\"@id\":\"https:\\\/\\\/ventomareiro.com\\\/gl\\\/#website\"},\"primaryImageOfPage\":{\"@id\":\"https:\\\/\\\/ventomareiro.com\\\/gl\\\/vino\\\/#primaryimage\"},\"image\":{\"@id\":\"https:\\\/\\\/ventomareiro.com\\\/gl\\\/vino\\\/#primaryimage\"},\"thumbnailUrl\":\"https:\\\/\\\/ventomareiro.com\\\/wp-content\\\/uploads\\\/2022\\\/10\\\/DSC07797-scaled.jpg\",\"datePublished\":\"2022-03-01T08:00:09+00:00\",\"dateModified\":\"2023-04-07T14:22:34+00:00\",\"description\":\"Elaborado no Val do Saln\u00e9s \u00e1 vontade do mar do vento, que deixan a s\u00faa pegada neste vi\u00f1o. As nosas mans e a s\u00faa brisa moldean cada colleita.\",\"breadcrumb\":{\"@id\":\"https:\\\/\\\/ventomareiro.com\\\/gl\\\/vino\\\/#breadcrumb\"},\"inLanguage\":\"gl-ES\",\"potentialAction\":[{\"@type\":\"ReadAction\",\"target\":[\"https:\\\/\\\/ventomareiro.com\\\/gl\\\/vino\\\/\"]}]},{\"@type\":\"ImageObject\",\"inLanguage\":\"gl-ES\",\"@id\":\"https:\\\/\\\/ventomareiro.com\\\/gl\\\/vino\\\/#primaryimage\",\"url\":\"https:\\\/\\\/ventomareiro.com\\\/wp-content\\\/uploads\\\/2022\\\/10\\\/DSC07797-scaled.jpg\",\"contentUrl\":\"https:\\\/\\\/ventomareiro.com\\\/wp-content\\\/uploads\\\/2022\\\/10\\\/DSC07797-scaled.jpg\",\"width\":2560,\"height\":1707},{\"@type\":\"BreadcrumbList\",\"@id\":\"https:\\\/\\\/ventomareiro.com\\\/gl\\\/vino\\\/#breadcrumb\",\"itemListElement\":[{\"@type\":\"ListItem\",\"position\":1,\"name\":\"Portada\",\"item\":\"https:\\\/\\\/ventomareiro.com\\\/gl\\\/inicio\\\/\"},{\"@type\":\"ListItem\",\"position\":2,\"name\":\"Vi\u00f1o\"}]},{\"@type\":\"WebSite\",\"@id\":\"https:\\\/\\\/ventomareiro.com\\\/gl\\\/#website\",\"url\":\"https:\\\/\\\/ventomareiro.com\\\/gl\\\/\",\"name\":\"Vento Mareiro\",\"description\":\"un estilo de vida\",\"publisher\":{\"@id\":\"https:\\\/\\\/ventomareiro.com\\\/gl\\\/#organization\"},\"potentialAction\":[{\"@type\":\"SearchAction\",\"target\":{\"@type\":\"EntryPoint\",\"urlTemplate\":\"https:\\\/\\\/ventomareiro.com\\\/gl\\\/?s={search_term_string}\"},\"query-input\":{\"@type\":\"PropertyValueSpecification\",\"valueRequired\":true,\"valueName\":\"search_term_string\"}}],\"inLanguage\":\"gl-ES\"},{\"@type\":\"Organization\",\"@id\":\"https:\\\/\\\/ventomareiro.com\\\/gl\\\/#organization\",\"name\":\"Vento Mareiro\",\"url\":\"https:\\\/\\\/ventomareiro.com\\\/gl\\\/\",\"logo\":{\"@type\":\"ImageObject\",\"inLanguage\":\"gl-ES\",\"@id\":\"https:\\\/\\\/ventomareiro.com\\\/gl\\\/#\\\/schema\\\/logo\\\/image\\\/\",\"url\":\"https:\\\/\\\/ventomareiro.com\\\/wp-content\\\/uploads\\\/2022\\\/03\\\/Vento-Mareiro-Logo.svg\",\"contentUrl\":\"https:\\\/\\\/ventomareiro.com\\\/wp-content\\\/uploads\\\/2022\\\/03\\\/Vento-Mareiro-Logo.svg\",\"width\":\"1024\",\"height\":\"1024\",\"caption\":\"Vento Mareiro\"},\"image\":{\"@id\":\"https:\\\/\\\/ventomareiro.com\\\/gl\\\/#\\\/schema\\\/logo\\\/image\\\/\"}}]}<\/script>\n<!-- \/ Yoast SEO plugin. -->","yoast_head_json":{"title":"Vi\u00f1o | Vento Mareiro, un estilo de vida","description":"Elaborado no Val do Saln\u00e9s \u00e1 vontade do mar do vento, que deixan a s\u00faa pegada neste vi\u00f1o. As nosas mans e a s\u00faa brisa moldean cada colleita.","robots":{"index":"index","follow":"follow","max-snippet":"max-snippet:-1","max-image-preview":"max-image-preview:large","max-video-preview":"max-video-preview:-1"},"canonical":"https:\/\/ventomareiro.com\/gl\/vino\/","og_locale":"gl_ES","og_type":"article","og_title":"Vi\u00f1o | Vento Mareiro, un estilo de vida","og_description":"Elaborado no Val do Saln\u00e9s \u00e1 vontade do mar do vento, que deixan a s\u00faa pegada neste vi\u00f1o. As nosas mans e a s\u00faa brisa moldean cada colleita.","og_url":"https:\/\/ventomareiro.com\/gl\/vino\/","og_site_name":"Vento Mareiro","article_modified_time":"2023-04-07T14:22:34+00:00","og_image":[{"width":2560,"height":1707,"url":"https:\/\/ventomareiro.com\/wp-content\/uploads\/2022\/10\/DSC07797-scaled.jpg","type":"image\/jpeg"}],"twitter_card":"summary_large_image","twitter_misc":{"Tempo de lectura":"3 minutos"},"schema":{"@context":"https:\/\/schema.org","@graph":[{"@type":"WebPage","@id":"https:\/\/ventomareiro.com\/gl\/vino\/","url":"https:\/\/ventomareiro.com\/gl\/vino\/","name":"Vi\u00f1o | Vento Mareiro, un estilo de vida","isPartOf":{"@id":"https:\/\/ventomareiro.com\/gl\/#website"},"primaryImageOfPage":{"@id":"https:\/\/ventomareiro.com\/gl\/vino\/#primaryimage"},"image":{"@id":"https:\/\/ventomareiro.com\/gl\/vino\/#primaryimage"},"thumbnailUrl":"https:\/\/ventomareiro.com\/wp-content\/uploads\/2022\/10\/DSC07797-scaled.jpg","datePublished":"2022-03-01T08:00:09+00:00","dateModified":"2023-04-07T14:22:34+00:00","description":"Elaborado no Val do Saln\u00e9s \u00e1 vontade do mar do vento, que deixan a s\u00faa pegada neste vi\u00f1o. As nosas mans e a s\u00faa brisa moldean cada colleita.","breadcrumb":{"@id":"https:\/\/ventomareiro.com\/gl\/vino\/#breadcrumb"},"inLanguage":"gl-ES","potentialAction":[{"@type":"ReadAction","target":["https:\/\/ventomareiro.com\/gl\/vino\/"]}]},{"@type":"ImageObject","inLanguage":"gl-ES","@id":"https:\/\/ventomareiro.com\/gl\/vino\/#primaryimage","url":"https:\/\/ventomareiro.com\/wp-content\/uploads\/2022\/10\/DSC07797-scaled.jpg","contentUrl":"https:\/\/ventomareiro.com\/wp-content\/uploads\/2022\/10\/DSC07797-scaled.jpg","width":2560,"height":1707},{"@type":"BreadcrumbList","@id":"https:\/\/ventomareiro.com\/gl\/vino\/#breadcrumb","itemListElement":[{"@type":"ListItem","position":1,"name":"Portada","item":"https:\/\/ventomareiro.com\/gl\/inicio\/"},{"@type":"ListItem","position":2,"name":"Vi\u00f1o"}]},{"@type":"WebSite","@id":"https:\/\/ventomareiro.com\/gl\/#website","url":"https:\/\/ventomareiro.com\/gl\/","name":"Vento Mareiro","description":"un estilo de vida","publisher":{"@id":"https:\/\/ventomareiro.com\/gl\/#organization"},"potentialAction":[{"@type":"SearchAction","target":{"@type":"EntryPoint","urlTemplate":"https:\/\/ventomareiro.com\/gl\/?s={search_term_string}"},"query-input":{"@type":"PropertyValueSpecification","valueRequired":true,"valueName":"search_term_string"}}],"inLanguage":"gl-ES"},{"@type":"Organization","@id":"https:\/\/ventomareiro.com\/gl\/#organization","name":"Vento Mareiro","url":"https:\/\/ventomareiro.com\/gl\/","logo":{"@type":"ImageObject","inLanguage":"gl-ES","@id":"https:\/\/ventomareiro.com\/gl\/#\/schema\/logo\/image\/","url":"https:\/\/ventomareiro.com\/wp-content\/uploads\/2022\/03\/Vento-Mareiro-Logo.svg","contentUrl":"https:\/\/ventomareiro.com\/wp-content\/uploads\/2022\/03\/Vento-Mareiro-Logo.svg","width":"1024","height":"1024","caption":"Vento Mareiro"},"image":{"@id":"https:\/\/ventomareiro.com\/gl\/#\/schema\/logo\/image\/"}}]}},"_links":{"self":[{"href":"https:\/\/ventomareiro.com\/gl\/wp-json\/wp\/v2\/pages\/30747","targetHints":{"allow":["GET"]}}],"collection":[{"href":"https:\/\/ventomareiro.com\/gl\/wp-json\/wp\/v2\/pages"}],"about":[{"href":"https:\/\/ventomareiro.com\/gl\/wp-json\/wp\/v2\/types\/page"}],"author":[{"embeddable":true,"href":"https:\/\/ventomareiro.com\/gl\/wp-json\/wp\/v2\/users\/1"}],"replies":[{"embeddable":true,"href":"https:\/\/ventomareiro.com\/gl\/wp-json\/wp\/v2\/comments?post=30747"}],"version-history":[{"count":29,"href":"https:\/\/ventomareiro.com\/gl\/wp-json\/wp\/v2\/pages\/30747\/revisions"}],"predecessor-version":[{"id":31965,"href":"https:\/\/ventomareiro.com\/gl\/wp-json\/wp\/v2\/pages\/30747\/revisions\/31965"}],"wp:featuredmedia":[{"embeddable":true,"href":"https:\/\/ventomareiro.com\/gl\/wp-json\/wp\/v2\/media\/30657"}],"wp:attachment":[{"href":"https:\/\/ventomareiro.com\/gl\/wp-json\/wp\/v2\/media?parent=30747"}],"curies":[{"name":"wp","href":"https:\/\/api.w.org\/{rel}","templated":true}]}}