{"id":31463,"date":"2023-02-05T09:00:06","date_gmt":"2023-02-05T08:00:06","guid":{"rendered":"https:\/\/ventomareiro.pantastic.studio\/?post_type=product&#038;p=31463"},"modified":"2023-02-17T16:47:57","modified_gmt":"2023-02-17T15:47:57","slug":"vento-mareiro-brut","status":"publish","type":"product","link":"https:\/\/ventomareiro.com\/ca\/producte\/vento-mareiro-brut\/","title":{"rendered":"Vento Mareiro Brut"},"content":{"rendered":"<p>Les qualitats naturals i la riquesa arom\u00e0tica del ra\u00efm albari\u00f1o del Val do Saln\u00e9s, ens porta a elaborar un Escum\u00f3s seguint el m\u00e8tode tradicional champenoise. Despr\u00e9s que el nostre en\u00f2leg Jorge Hervella treball\u00e9s durant 10 anys a posar a punt el seu proc\u00e9s, presentem el Brut Vento Mareiro. Comen\u00e7ant aix\u00ed, aquesta renovaci\u00f3 que representa el vi albari\u00f1o.<\/p>\n<p>El 2017 es va comen\u00e7ar a seleccionar els primers ra\u00efms de la collita que s\u00f3n la base d&#8217;aquest escum\u00f3s d&#8217;albari\u00f1o amb uns 15 mesos en rima.<\/p>\n","protected":false},"excerpt":{"rendered":"<p><br data-mce-bogus=\"1\"><\/p>\n","protected":false},"featured_media":31477,"template":"","meta":{"_et_pb_use_builder":"off","_et_pb_old_content":"","_et_gb_content_width":"","inline_featured_image":false},"product_brand":[],"product_cat":[73,65],"product_tag":[],"class_list":{"0":"post-31463","1":"product","2":"type-product","3":"status-publish","4":"has-post-thumbnail","6":"product_cat-escumosos","7":"product_cat-vins","9":"first","10":"instock","11":"featured","12":"shipping-taxable","13":"purchasable","14":"product-type-simple"},"yoast_head":"<!-- This site is optimized with the Yoast SEO plugin v27.6 - https:\/\/yoast.com\/product\/yoast-seo-wordpress\/ -->\n<title>Vento Mareiro Brut | Vento Mareiro<\/title>\n<meta name=\"description\" content=\"Les qualitats naturals i riquesa arom\u00e0tica del ra\u00efm albari\u00f1o del Val do Saln\u00e9s, ens porta a elaborar un Escum\u00f3s amb el m\u00e8tode tradicional champenoise.\" \/>\n<meta name=\"robots\" content=\"index, follow, max-snippet:-1, max-image-preview:large, max-video-preview:-1\" \/>\n<link rel=\"canonical\" href=\"https:\/\/ventomareiro.com\/ca\/producte\/vento-mareiro-brut\/\" \/>\n<meta property=\"og:locale\" content=\"ca_ES\" \/>\n<meta property=\"og:type\" content=\"article\" \/>\n<meta property=\"og:title\" content=\"Vento Mareiro Brut | Vento Mareiro\" \/>\n<meta property=\"og:description\" content=\"Les qualitats naturals i riquesa arom\u00e0tica del ra\u00efm albari\u00f1o del Val do Saln\u00e9s, ens porta a elaborar un Escum\u00f3s amb el m\u00e8tode tradicional champenoise.\" \/>\n<meta property=\"og:url\" content=\"https:\/\/ventomareiro.com\/ca\/producte\/vento-mareiro-brut\/\" \/>\n<meta property=\"og:site_name\" content=\"Vento Mareiro\" \/>\n<meta property=\"article:modified_time\" content=\"2023-02-17T15:47:57+00:00\" \/>\n<meta property=\"og:image\" content=\"https:\/\/ventomareiro.com\/wp-content\/uploads\/2023\/02\/Vento-Mareiro-Foto-producto-mockup-con-dibujo.jpg\" \/>\n\t<meta property=\"og:image:width\" content=\"1000\" \/>\n\t<meta property=\"og:image:height\" content=\"1000\" \/>\n\t<meta property=\"og:image:type\" content=\"image\/jpeg\" \/>\n<meta name=\"twitter:card\" content=\"summary_large_image\" \/>\n<meta name=\"twitter:label1\" content=\"Temps estimat de lectura\" \/>\n\t<meta name=\"twitter:data1\" content=\"1 minut\" \/>\n<script type=\"application\/ld+json\" class=\"yoast-schema-graph\">{\"@context\":\"https:\\\/\\\/schema.org\",\"@graph\":[{\"@type\":\"WebPage\",\"@id\":\"https:\\\/\\\/ventomareiro.com\\\/ca\\\/producte\\\/vento-mareiro-brut\\\/\",\"url\":\"https:\\\/\\\/ventomareiro.com\\\/ca\\\/producte\\\/vento-mareiro-brut\\\/\",\"name\":\"Vento Mareiro Brut | Vento Mareiro\",\"isPartOf\":{\"@id\":\"https:\\\/\\\/ventomareiro.com\\\/ca\\\/#website\"},\"primaryImageOfPage\":{\"@id\":\"https:\\\/\\\/ventomareiro.com\\\/ca\\\/producte\\\/vento-mareiro-brut\\\/#primaryimage\"},\"image\":{\"@id\":\"https:\\\/\\\/ventomareiro.com\\\/ca\\\/producte\\\/vento-mareiro-brut\\\/#primaryimage\"},\"thumbnailUrl\":\"https:\\\/\\\/ventomareiro.com\\\/wp-content\\\/uploads\\\/2023\\\/02\\\/Vento-Mareiro-Foto-producto-mockup-con-dibujo.jpg\",\"datePublished\":\"2023-02-05T08:00:06+00:00\",\"dateModified\":\"2023-02-17T15:47:57+00:00\",\"description\":\"Les qualitats naturals i riquesa arom\u00e0tica del ra\u00efm albari\u00f1o del Val do Saln\u00e9s, ens porta a elaborar un Escum\u00f3s amb el m\u00e8tode tradicional champenoise.\",\"breadcrumb\":{\"@id\":\"https:\\\/\\\/ventomareiro.com\\\/ca\\\/producte\\\/vento-mareiro-brut\\\/#breadcrumb\"},\"inLanguage\":\"ca\",\"potentialAction\":[{\"@type\":\"ReadAction\",\"target\":[\"https:\\\/\\\/ventomareiro.com\\\/ca\\\/producte\\\/vento-mareiro-brut\\\/\"]}]},{\"@type\":\"ImageObject\",\"inLanguage\":\"ca\",\"@id\":\"https:\\\/\\\/ventomareiro.com\\\/ca\\\/producte\\\/vento-mareiro-brut\\\/#primaryimage\",\"url\":\"https:\\\/\\\/ventomareiro.com\\\/wp-content\\\/uploads\\\/2023\\\/02\\\/Vento-Mareiro-Foto-producto-mockup-con-dibujo.jpg\",\"contentUrl\":\"https:\\\/\\\/ventomareiro.com\\\/wp-content\\\/uploads\\\/2023\\\/02\\\/Vento-Mareiro-Foto-producto-mockup-con-dibujo.jpg\",\"width\":1000,\"height\":1000},{\"@type\":\"BreadcrumbList\",\"@id\":\"https:\\\/\\\/ventomareiro.com\\\/ca\\\/producte\\\/vento-mareiro-brut\\\/#breadcrumb\",\"itemListElement\":[{\"@type\":\"ListItem\",\"position\":1,\"name\":\"Portada\",\"item\":\"https:\\\/\\\/ventomareiro.com\\\/ca\\\/inici\\\/\"},{\"@type\":\"ListItem\",\"position\":2,\"name\":\"Vi\",\"item\":\"https:\\\/\\\/ventomareiro.com\\\/vino\\\/\"},{\"@type\":\"ListItem\",\"position\":3,\"name\":\"Vento Mareiro Brut\"}]},{\"@type\":\"WebSite\",\"@id\":\"https:\\\/\\\/ventomareiro.com\\\/ca\\\/#website\",\"url\":\"https:\\\/\\\/ventomareiro.com\\\/ca\\\/\",\"name\":\"Vento Mareiro\",\"description\":\"un estilo de vida\",\"publisher\":{\"@id\":\"https:\\\/\\\/ventomareiro.com\\\/ca\\\/#organization\"},\"potentialAction\":[{\"@type\":\"SearchAction\",\"target\":{\"@type\":\"EntryPoint\",\"urlTemplate\":\"https:\\\/\\\/ventomareiro.com\\\/ca\\\/?s={search_term_string}\"},\"query-input\":{\"@type\":\"PropertyValueSpecification\",\"valueRequired\":true,\"valueName\":\"search_term_string\"}}],\"inLanguage\":\"ca\"},{\"@type\":\"Organization\",\"@id\":\"https:\\\/\\\/ventomareiro.com\\\/ca\\\/#organization\",\"name\":\"Vento Mareiro\",\"url\":\"https:\\\/\\\/ventomareiro.com\\\/ca\\\/\",\"logo\":{\"@type\":\"ImageObject\",\"inLanguage\":\"ca\",\"@id\":\"https:\\\/\\\/ventomareiro.com\\\/ca\\\/#\\\/schema\\\/logo\\\/image\\\/\",\"url\":\"https:\\\/\\\/ventomareiro.com\\\/wp-content\\\/uploads\\\/2022\\\/03\\\/Vento-Mareiro-Logo.svg\",\"contentUrl\":\"https:\\\/\\\/ventomareiro.com\\\/wp-content\\\/uploads\\\/2022\\\/03\\\/Vento-Mareiro-Logo.svg\",\"width\":\"1024\",\"height\":\"1024\",\"caption\":\"Vento Mareiro\"},\"image\":{\"@id\":\"https:\\\/\\\/ventomareiro.com\\\/ca\\\/#\\\/schema\\\/logo\\\/image\\\/\"}}]}<\/script>\n<!-- \/ Yoast SEO plugin. -->","yoast_head_json":{"title":"Vento Mareiro Brut | Vento Mareiro","description":"Les qualitats naturals i riquesa arom\u00e0tica del ra\u00efm albari\u00f1o del Val do Saln\u00e9s, ens porta a elaborar un Escum\u00f3s amb el m\u00e8tode tradicional champenoise.","robots":{"index":"index","follow":"follow","max-snippet":"max-snippet:-1","max-image-preview":"max-image-preview:large","max-video-preview":"max-video-preview:-1"},"canonical":"https:\/\/ventomareiro.com\/ca\/producte\/vento-mareiro-brut\/","og_locale":"ca_ES","og_type":"article","og_title":"Vento Mareiro Brut | Vento Mareiro","og_description":"Les qualitats naturals i riquesa arom\u00e0tica del ra\u00efm albari\u00f1o del Val do Saln\u00e9s, ens porta a elaborar un Escum\u00f3s amb el m\u00e8tode tradicional champenoise.","og_url":"https:\/\/ventomareiro.com\/ca\/producte\/vento-mareiro-brut\/","og_site_name":"Vento Mareiro","article_modified_time":"2023-02-17T15:47:57+00:00","og_image":[{"width":1000,"height":1000,"url":"https:\/\/ventomareiro.com\/wp-content\/uploads\/2023\/02\/Vento-Mareiro-Foto-producto-mockup-con-dibujo.jpg","type":"image\/jpeg"}],"twitter_card":"summary_large_image","twitter_misc":{"Temps estimat de lectura":"1 minut"},"schema":{"@context":"https:\/\/schema.org","@graph":[{"@type":"WebPage","@id":"https:\/\/ventomareiro.com\/ca\/producte\/vento-mareiro-brut\/","url":"https:\/\/ventomareiro.com\/ca\/producte\/vento-mareiro-brut\/","name":"Vento Mareiro Brut | Vento Mareiro","isPartOf":{"@id":"https:\/\/ventomareiro.com\/ca\/#website"},"primaryImageOfPage":{"@id":"https:\/\/ventomareiro.com\/ca\/producte\/vento-mareiro-brut\/#primaryimage"},"image":{"@id":"https:\/\/ventomareiro.com\/ca\/producte\/vento-mareiro-brut\/#primaryimage"},"thumbnailUrl":"https:\/\/ventomareiro.com\/wp-content\/uploads\/2023\/02\/Vento-Mareiro-Foto-producto-mockup-con-dibujo.jpg","datePublished":"2023-02-05T08:00:06+00:00","dateModified":"2023-02-17T15:47:57+00:00","description":"Les qualitats naturals i riquesa arom\u00e0tica del ra\u00efm albari\u00f1o del Val do Saln\u00e9s, ens porta a elaborar un Escum\u00f3s amb el m\u00e8tode tradicional champenoise.","breadcrumb":{"@id":"https:\/\/ventomareiro.com\/ca\/producte\/vento-mareiro-brut\/#breadcrumb"},"inLanguage":"ca","potentialAction":[{"@type":"ReadAction","target":["https:\/\/ventomareiro.com\/ca\/producte\/vento-mareiro-brut\/"]}]},{"@type":"ImageObject","inLanguage":"ca","@id":"https:\/\/ventomareiro.com\/ca\/producte\/vento-mareiro-brut\/#primaryimage","url":"https:\/\/ventomareiro.com\/wp-content\/uploads\/2023\/02\/Vento-Mareiro-Foto-producto-mockup-con-dibujo.jpg","contentUrl":"https:\/\/ventomareiro.com\/wp-content\/uploads\/2023\/02\/Vento-Mareiro-Foto-producto-mockup-con-dibujo.jpg","width":1000,"height":1000},{"@type":"BreadcrumbList","@id":"https:\/\/ventomareiro.com\/ca\/producte\/vento-mareiro-brut\/#breadcrumb","itemListElement":[{"@type":"ListItem","position":1,"name":"Portada","item":"https:\/\/ventomareiro.com\/ca\/inici\/"},{"@type":"ListItem","position":2,"name":"Vi","item":"https:\/\/ventomareiro.com\/vino\/"},{"@type":"ListItem","position":3,"name":"Vento Mareiro Brut"}]},{"@type":"WebSite","@id":"https:\/\/ventomareiro.com\/ca\/#website","url":"https:\/\/ventomareiro.com\/ca\/","name":"Vento Mareiro","description":"un estilo de vida","publisher":{"@id":"https:\/\/ventomareiro.com\/ca\/#organization"},"potentialAction":[{"@type":"SearchAction","target":{"@type":"EntryPoint","urlTemplate":"https:\/\/ventomareiro.com\/ca\/?s={search_term_string}"},"query-input":{"@type":"PropertyValueSpecification","valueRequired":true,"valueName":"search_term_string"}}],"inLanguage":"ca"},{"@type":"Organization","@id":"https:\/\/ventomareiro.com\/ca\/#organization","name":"Vento Mareiro","url":"https:\/\/ventomareiro.com\/ca\/","logo":{"@type":"ImageObject","inLanguage":"ca","@id":"https:\/\/ventomareiro.com\/ca\/#\/schema\/logo\/image\/","url":"https:\/\/ventomareiro.com\/wp-content\/uploads\/2022\/03\/Vento-Mareiro-Logo.svg","contentUrl":"https:\/\/ventomareiro.com\/wp-content\/uploads\/2022\/03\/Vento-Mareiro-Logo.svg","width":"1024","height":"1024","caption":"Vento Mareiro"},"image":{"@id":"https:\/\/ventomareiro.com\/ca\/#\/schema\/logo\/image\/"}}]}},"_links":{"self":[{"href":"https:\/\/ventomareiro.com\/ca\/wp-json\/wp\/v2\/product\/31463","targetHints":{"allow":["GET"]}}],"collection":[{"href":"https:\/\/ventomareiro.com\/ca\/wp-json\/wp\/v2\/product"}],"about":[{"href":"https:\/\/ventomareiro.com\/ca\/wp-json\/wp\/v2\/types\/product"}],"wp:featuredmedia":[{"embeddable":true,"href":"https:\/\/ventomareiro.com\/ca\/wp-json\/wp\/v2\/media\/31477"}],"wp:attachment":[{"href":"https:\/\/ventomareiro.com\/ca\/wp-json\/wp\/v2\/media?parent=31463"}],"wp:term":[{"taxonomy":"product_brand","embeddable":true,"href":"https:\/\/ventomareiro.com\/ca\/wp-json\/wp\/v2\/product_brand?post=31463"},{"taxonomy":"product_cat","embeddable":true,"href":"https:\/\/ventomareiro.com\/ca\/wp-json\/wp\/v2\/product_cat?post=31463"},{"taxonomy":"product_tag","embeddable":true,"href":"https:\/\/ventomareiro.com\/ca\/wp-json\/wp\/v2\/product_tag?post=31463"}],"curies":[{"name":"wp","href":"https:\/\/api.w.org\/{rel}","templated":true}]}}