{"id":31284,"date":"2022-03-01T09:00:36","date_gmt":"2022-03-01T08:00:36","guid":{"rendered":"https:\/\/ventomareiro.pantastic.studio\/avis-legal\/"},"modified":"2022-12-19T16:57:15","modified_gmt":"2022-12-19T15:57:15","slug":"avis-legal","status":"publish","type":"page","link":"https:\/\/ventomareiro.com\/ca\/avis-legal\/","title":{"rendered":"Av\u00eds Legal"},"content":{"rendered":"<p>[et_pb_section fb_built=&#8221;1&#8243; _builder_version=&#8221;4.16&#8243; global_colors_info=&#8221;{}&#8221;][et_pb_row _builder_version=&#8221;4.16&#8243; background_size=&#8221;initial&#8221; background_position=&#8221;top_left&#8221; background_repeat=&#8221;repeat&#8221; width=&#8221;60%&#8221; width_tablet=&#8221;80%&#8221; width_phone=&#8221;&#8221; width_last_edited=&#8221;on|tablet&#8221; global_colors_info=&#8221;{}&#8221;][et_pb_column type=&#8221;4_4&#8243; _builder_version=&#8221;4.16&#8243; custom_padding=&#8221;|||&#8221; global_colors_info=&#8221;{}&#8221; custom_padding__hover=&#8221;|||&#8221;][et_pb_post_title meta=&#8221;off&#8221; featured_image=&#8221;off&#8221; _builder_version=&#8221;4.16&#8243; _module_preset=&#8221;default&#8221; custom_margin=&#8221;||10px||false|false&#8221; global_colors_info=&#8221;{}&#8221;][\/et_pb_post_title][et_pb_text _builder_version=&#8221;4.17.4&#8243; link_font=&#8221;|600|||on||||&#8221; link_text_color=&#8221;#134074&#8243; header_font_size=&#8221;35px&#8221; header_2_text_color=&#8221;#13315C&#8221; header_2_font_size=&#8221;27px&#8221; header_3_font=&#8221;Open Sans|700|||||||&#8221; header_3_text_color=&#8221;#79B3DF&#8221; header_3_font_size=&#8221;19px&#8221; header_3_letter_spacing=&#8221;1px&#8221; background_size=&#8221;initial&#8221; background_position=&#8221;top_left&#8221; background_repeat=&#8221;repeat&#8221; header_2_font_size_phone=&#8221;28px&#8221; global_colors_info=&#8221;{}&#8221;]<\/p>\n<h2><strong><span>Dades de l&#8217;empresa<\/span><\/strong><\/h2>\n<p><span>En compliment de l&#8217;article 10 de la Llei 34\/2002, d&#8217;11 de juliol, de Serveis de la Societat de la Informaci\u00f3 i Comer\u00e7 Electr\u00f2nica, Terra de Sis\u00e1n SL us informa que les vostres dades identificatives s\u00f3n les seg\u00fcents:<\/span><\/p>\n<p><span>Denominaci\u00f3 social \u00e9s Terra de Sis\u00e1n SL.<\/span><br \/><span>B94100377<\/span><br \/><span>Domicili social: C\/ Barroso n\u00ba 10- Sis\u00e1n, Ribadumia \u2013 36636 Pontevedra<\/span><br \/><span>Tel\u00e8fon: 986 54 23 54<\/span><br \/><span>Correu electr\u00f2nic a efectes de comunicaci\u00f3:\u00a0\u00a0<\/span><a href=\"mailto:info@terradeasorei.com\"><span>info@terradeasorei.com<\/span><\/a><\/p>\n<p><span>Totes les notificacions i comunicacions entre els usuaris i Terra de Sis\u00e1n SL es consideraran eficaces, amb car\u00e0cter general, quan es realitzin a trav\u00e9s de correu postal o qualsevol altre mitj\u00e0 dels detallats anteriorment.<\/span><\/p>\n<h2><strong><span>Condicions d&#8217;acc\u00e9s i utilitzaci\u00f3<\/span><\/strong><\/h2>\n<p><span>Aquest av\u00eds legal regula l&#8217;\u00fas del lloc web (d&#8217;ara endavant, La WEB), del qual \u00e9s titular Terra de Sis\u00e1n SL.<\/span><\/p>\n<p><span>La navegaci\u00f3 pel web de Terra de Sis\u00e1n SL atribueix la condici\u00f3 d&#8217;usuari i implica l&#8217;acceptaci\u00f3 plena i sense reserves de totes i cadascuna de les disposicions incloses en aquest Av\u00eds Legal, que poden patir modificacions.<\/span><\/p>\n<p><span>El lloc web i els seus serveis s\u00f3n d&#8217;acc\u00e9s lliure i gratu\u00eft, per\u00f2 Terra de Sis\u00e1n SL condiciona la utilitzaci\u00f3 d&#8217;alguns dels serveis oferts a la seva web a l&#8217;emplenament previ del corresponent formulari.<\/span><\/p>\n<p><span>Tots els continguts del lloc web, com ara textos, fotografies, gr\u00e0fics, imatges, icones, tecnologia, programari, aix\u00ed com el seu disseny i codis font, constitueixen una obra la propietat de la qual pertany a Terra de Sis\u00e1n SL, sense que puguin entendre&#8217;s cedits a l&#8217;usuari cap dels drets d&#8217;explotaci\u00f3 sobre aquests m\u00e9s enll\u00e0 de l&#8217;estrictament necessari per al correcte \u00fas de la web.<\/span><\/p>\n<p><span>L&#8217;usuari garanteix l&#8217;autenticitat i l&#8217;actualitat de totes aquelles dades que comuniqui a Terra de Sis\u00e1n SL i ser\u00e0 l&#8217;\u00fanic responsable de les manifestacions falses o inexactes que faci.<\/span><\/p>\n<p><span>L&#8217;usuari s&#8217;obliga a fer un \u00fas correcte del lloc web de conformitat amb les lleis, la bona fe, l&#8217;ordre p\u00fablica, els usos del tr\u00e0nsit i aquest Av\u00eds Legal.\u00a0L&#8217;usuari respondr\u00e0 davant de Terra de Sis\u00e1n SL o davant de tercers, de qualsevol ho donen i perjudici que havien pogut causar-se com a conseq\u00fc\u00e8ncia de l&#8217;incompliment d&#8217;aquest deure.<\/span><\/p>\n<h2><strong><span>Pol\u00edtica d&#8217;enlla\u00e7os i exempci\u00f3 de responsabilitats<\/span><\/strong><\/h2>\n<p><span>Terra de Sis\u00e1n SL no es fa responsable del contingut de les p\u00e0gines web a qu\u00e8 l&#8217;usuari pugui accedir a trav\u00e9s dels enlla\u00e7os establerts al seu website i declara que en cap cas procedir\u00e0 a examinar o exercitar cap tipus de control sobre el contingut d&#8217;altres p\u00e0gines de la xarxa.\u00a0Aix\u00ed mateix, tampoc garantir\u00e0 la disponibilitat t\u00e8cnica, exactitud, veracitat, validesa o legalitat de p\u00e0gines alienes a la seva propietat a qu\u00e8 es pugui accedir per mitj\u00e0 dels enlla\u00e7os.<\/span><\/p>\n<p><span>Terra de Sis\u00e1n SL declara haver adoptat totes les mesures necess\u00e0ries per evitar qualsevol dany que, als usuaris del seu lloc web, havien pogut derivar-se de la navegaci\u00f3 per la seva p\u00e0gina web.\u00a0En conseq\u00fc\u00e8ncia, Terra de Sis\u00e1n SL no es fa responsable, en cap cas, dels danys eventuals que per la navegaci\u00f3 per Internet havia pogut patir l&#8217;usuari.<\/span><\/p>\n<h2><strong><span>\u00das de cookies i dades estad\u00edstiques<\/span><\/strong><\/h2>\n<p><span>Aquesta p\u00e0gina web no recull ni emmagatzema dades personals dels visitants.\u00a0*\u00danicament, amb la finalitat d&#8217;oferir-vos el millor servei a trav\u00e9s d&#8217;aquesta p\u00e0gina, i amb l&#8217;objecte de facilitar-ne l&#8217;\u00fas, s&#8217;analitzen el nombre de p\u00e0gines visitades, el nombre de visites, aix\u00ed com la freq\u00fc\u00e8ncia d&#8217;utilitzaci\u00f3.<\/span><\/p>\n<p><span>Amb aquesta informaci\u00f3 s&#8217;analitza la freq\u00fc\u00e8ncia d&#8217;\u00fas del web de la mercantil a partir de les dades de connexi\u00f3, i les seccions m\u00e9s visitades. .\u00a0Terra de Sis\u00e1n SL no utilitza cookies per recollir informaci\u00f3 dels usuaris des de la seva p\u00e0gina web ni registra les adreces IP.<\/span><\/p>\n<p><span>L&#8217;usuari t\u00e9 la possibilitat de configurar el vostre navegador de manera que se us informe de la recepci\u00f3 de cookies, podent, si aix\u00ed ho desitja, impedir que siguin instal\u00b7lades al vostre disc dur.\u00a0Tot i aix\u00f2, per a l&#8217;acc\u00e9s a la website de Terra de Sis\u00e1n SL no ser\u00e0 preceptiva la instal\u00b7laci\u00f3 de cookies.<\/span><\/p>\n<h2><strong><span>Protecci\u00f3 de dades<\/span><\/strong><\/h2>\n<p><span>Se us informa que les dades personals que ens faciliti volunt\u00e0riament, a trav\u00e9s dels diferents formularis de la web, seran incorporades a un fitxer titularitat de Terra de Sis\u00e1n SL amb domicili al c\/ Barroso n\u00ba 10- Sis\u00e1n, Ribadumia \u2013 36636 Pontevedra , que compleix amb les mesures de seguretat exigides al Reial Decret 1720\/2007 de 21 de desembre.\u00a0La finalitat del fitxer \u00e9s la prestaci\u00f3 i administraci\u00f3 del servei contractat o sol\u00b7licitat, aix\u00ed com la realitzaci\u00f3 d&#8217;estad\u00edstiques, la remissi\u00f3 de publicitat i altres promocions comercials que Terra de Sis\u00e1n SL pugui efectuar en un futur.<\/span><\/p>\n<p><span>Mitjan\u00e7ant l&#8217;enviament dels formularis esmentats, l&#8217;usuari autoritza que se li envi\u00ef informaci\u00f3 i comunicacions comercials a trav\u00e9s de correu postal, correu electr\u00f2nic o fax dels productes i serveis de l&#8217;empresa.<\/span><\/p>\n<p><span>Aix\u00ed mateix, Terra de Sis\u00e1n SL cancel\u00b7lar\u00e0 o rectificar\u00e0 les dades quan resultin inexactes, incomplets o hagin deixat de ser necess\u00e0ries per a la seva finalitat, de conformitat amb el previst a la Llei Org\u00e0nica 15\/1999, de 13 de desembre, de Protecci\u00f3 de Dades de Car\u00e0cter Personal.<\/span><\/p>\n<p><span>L&#8217;usuari podr\u00e0 revocar el consentiment prestat i exercir els drets d&#8217;acc\u00e9s, rectificaci\u00f3, cancel\u00b7laci\u00f3 i oposici\u00f3 dirigint-se per escrit a Terra de Sis\u00e1n SL, a la seg\u00fcent adre\u00e7a C\/ Barroso n\u00ba 10- Sis\u00e1n, Ribadumia \u2013 36636 Pontevedra , o b\u00e9 a trav\u00e9s del seg\u00fcent correu electr\u00f2nic info@terradeasorei.com, identificant-se degudament i indicant de forma visible el dret concret que s&#8217;exerceix.<\/span><\/p>\n<p><span>Terra de Sis\u00e1n SL adopta els nivells de seguretat corresponents requerits per la citada Llei Org\u00e0nica 15\/1999 i la resta de normativa aplicable.\u00a0Aix\u00f2 no obstant, no assumeix cap responsabilitat pels danys i perjudicis derivats d&#8217;alteracions que tercers puguin causar en els sistemes inform\u00e0tics, documents electr\u00f2nics o fitxers de l&#8217;usuari.<\/span><\/p>\n<p>[\/et_pb_text][\/et_pb_column][\/et_pb_row][\/et_pb_section]<\/p>\n","protected":false},"excerpt":{"rendered":"<p>Dades de l&#8217;empresa En compliment de l&#8217;article 10 de la Llei 34\/2002, d&#8217;11 de juliol, de Serveis de la Societat de la Informaci\u00f3 i Comer\u00e7 Electr\u00f2nica, Terra de Sis\u00e1n SL us informa que les vostres dades identificatives s\u00f3n les seg\u00fcents: Denominaci\u00f3 social \u00e9s Terra de Sis\u00e1n SL.B94100377Domicili social: C\/ Barroso n\u00ba 10- Sis\u00e1n, Ribadumia \u2013 [&hellip;]<\/p>\n","protected":false},"author":1,"featured_media":0,"parent":0,"menu_order":10,"comment_status":"closed","ping_status":"closed","template":"","meta":{"_et_pb_use_builder":"on","_et_pb_old_content":"","_et_gb_content_width":"","inline_featured_image":false,"footnotes":""},"class_list":["post-31284","page","type-page","status-publish","hentry"],"yoast_head":"<!-- This site is optimized with the Yoast SEO plugin v27.4 - https:\/\/yoast.com\/product\/yoast-seo-wordpress\/ -->\n<title>Av\u00eds Legal | Vento Mareiro, un estilo de vida<\/title>\n<meta name=\"description\" content=\"Aquesta \u00e9s la p\u00e0gina on s&#039;estipula l&#039;Av\u00eds Legal de la p\u00e0gina web Vento Mareiro.\" \/>\n<meta name=\"robots\" content=\"index, follow, max-snippet:-1, max-image-preview:large, max-video-preview:-1\" \/>\n<link rel=\"canonical\" href=\"https:\/\/ventomareiro.com\/ca\/avis-legal\/\" \/>\n<meta property=\"og:locale\" content=\"ca_ES\" \/>\n<meta property=\"og:type\" content=\"article\" \/>\n<meta property=\"og:title\" content=\"Av\u00eds Legal | Vento Mareiro, un estilo de vida\" \/>\n<meta property=\"og:description\" content=\"Aquesta \u00e9s la p\u00e0gina on s&#039;estipula l&#039;Av\u00eds Legal de la p\u00e0gina web Vento Mareiro.\" \/>\n<meta property=\"og:url\" content=\"https:\/\/ventomareiro.com\/ca\/avis-legal\/\" \/>\n<meta property=\"og:site_name\" content=\"Vento Mareiro\" \/>\n<meta property=\"article:modified_time\" content=\"2022-12-19T15:57:15+00:00\" \/>\n<meta property=\"og:image\" content=\"https:\/\/ventomareiro.com\/wp-content\/uploads\/2022\/12\/Vento-Mareiro-Age-gate-1.jpeg\" \/>\n\t<meta property=\"og:image:width\" content=\"1700\" \/>\n\t<meta property=\"og:image:height\" content=\"1009\" \/>\n\t<meta property=\"og:image:type\" content=\"image\/jpeg\" \/>\n<meta name=\"twitter:card\" content=\"summary_large_image\" \/>\n<meta name=\"twitter:label1\" content=\"Temps estimat de lectura\" \/>\n\t<meta name=\"twitter:data1\" content=\"6 minuts\" \/>\n<script type=\"application\/ld+json\" class=\"yoast-schema-graph\">{\"@context\":\"https:\\\/\\\/schema.org\",\"@graph\":[{\"@type\":\"WebPage\",\"@id\":\"https:\\\/\\\/ventomareiro.com\\\/ca\\\/avis-legal\\\/\",\"url\":\"https:\\\/\\\/ventomareiro.com\\\/ca\\\/avis-legal\\\/\",\"name\":\"Av\u00eds Legal | Vento Mareiro, un estilo de vida\",\"isPartOf\":{\"@id\":\"https:\\\/\\\/ventomareiro.com\\\/ca\\\/#website\"},\"datePublished\":\"2022-03-01T08:00:36+00:00\",\"dateModified\":\"2022-12-19T15:57:15+00:00\",\"description\":\"Aquesta \u00e9s la p\u00e0gina on s'estipula l'Av\u00eds Legal de la p\u00e0gina web Vento Mareiro.\",\"breadcrumb\":{\"@id\":\"https:\\\/\\\/ventomareiro.com\\\/ca\\\/avis-legal\\\/#breadcrumb\"},\"inLanguage\":\"ca\",\"potentialAction\":[{\"@type\":\"ReadAction\",\"target\":[\"https:\\\/\\\/ventomareiro.com\\\/ca\\\/avis-legal\\\/\"]}]},{\"@type\":\"BreadcrumbList\",\"@id\":\"https:\\\/\\\/ventomareiro.com\\\/ca\\\/avis-legal\\\/#breadcrumb\",\"itemListElement\":[{\"@type\":\"ListItem\",\"position\":1,\"name\":\"Portada\",\"item\":\"https:\\\/\\\/ventomareiro.com\\\/ca\\\/inici\\\/\"},{\"@type\":\"ListItem\",\"position\":2,\"name\":\"Av\u00eds Legal\"}]},{\"@type\":\"WebSite\",\"@id\":\"https:\\\/\\\/ventomareiro.com\\\/ca\\\/#website\",\"url\":\"https:\\\/\\\/ventomareiro.com\\\/ca\\\/\",\"name\":\"Vento Mareiro\",\"description\":\"un estilo de vida\",\"publisher\":{\"@id\":\"https:\\\/\\\/ventomareiro.com\\\/ca\\\/#organization\"},\"potentialAction\":[{\"@type\":\"SearchAction\",\"target\":{\"@type\":\"EntryPoint\",\"urlTemplate\":\"https:\\\/\\\/ventomareiro.com\\\/ca\\\/?s={search_term_string}\"},\"query-input\":{\"@type\":\"PropertyValueSpecification\",\"valueRequired\":true,\"valueName\":\"search_term_string\"}}],\"inLanguage\":\"ca\"},{\"@type\":\"Organization\",\"@id\":\"https:\\\/\\\/ventomareiro.com\\\/ca\\\/#organization\",\"name\":\"Vento Mareiro\",\"url\":\"https:\\\/\\\/ventomareiro.com\\\/ca\\\/\",\"logo\":{\"@type\":\"ImageObject\",\"inLanguage\":\"ca\",\"@id\":\"https:\\\/\\\/ventomareiro.com\\\/ca\\\/#\\\/schema\\\/logo\\\/image\\\/\",\"url\":\"https:\\\/\\\/ventomareiro.com\\\/wp-content\\\/uploads\\\/2022\\\/03\\\/Vento-Mareiro-Logo.svg\",\"contentUrl\":\"https:\\\/\\\/ventomareiro.com\\\/wp-content\\\/uploads\\\/2022\\\/03\\\/Vento-Mareiro-Logo.svg\",\"width\":\"1024\",\"height\":\"1024\",\"caption\":\"Vento Mareiro\"},\"image\":{\"@id\":\"https:\\\/\\\/ventomareiro.com\\\/ca\\\/#\\\/schema\\\/logo\\\/image\\\/\"}}]}<\/script>\n<!-- \/ Yoast SEO plugin. -->","yoast_head_json":{"title":"Av\u00eds Legal | Vento Mareiro, un estilo de vida","description":"Aquesta \u00e9s la p\u00e0gina on s'estipula l'Av\u00eds Legal de la p\u00e0gina web Vento Mareiro.","robots":{"index":"index","follow":"follow","max-snippet":"max-snippet:-1","max-image-preview":"max-image-preview:large","max-video-preview":"max-video-preview:-1"},"canonical":"https:\/\/ventomareiro.com\/ca\/avis-legal\/","og_locale":"ca_ES","og_type":"article","og_title":"Av\u00eds Legal | Vento Mareiro, un estilo de vida","og_description":"Aquesta \u00e9s la p\u00e0gina on s'estipula l'Av\u00eds Legal de la p\u00e0gina web Vento Mareiro.","og_url":"https:\/\/ventomareiro.com\/ca\/avis-legal\/","og_site_name":"Vento Mareiro","article_modified_time":"2022-12-19T15:57:15+00:00","og_image":[{"width":1700,"height":1009,"url":"https:\/\/ventomareiro.com\/wp-content\/uploads\/2022\/12\/Vento-Mareiro-Age-gate-1.jpeg","type":"image\/jpeg"}],"twitter_card":"summary_large_image","twitter_misc":{"Temps estimat de lectura":"6 minuts"},"schema":{"@context":"https:\/\/schema.org","@graph":[{"@type":"WebPage","@id":"https:\/\/ventomareiro.com\/ca\/avis-legal\/","url":"https:\/\/ventomareiro.com\/ca\/avis-legal\/","name":"Av\u00eds Legal | Vento Mareiro, un estilo de vida","isPartOf":{"@id":"https:\/\/ventomareiro.com\/ca\/#website"},"datePublished":"2022-03-01T08:00:36+00:00","dateModified":"2022-12-19T15:57:15+00:00","description":"Aquesta \u00e9s la p\u00e0gina on s'estipula l'Av\u00eds Legal de la p\u00e0gina web Vento Mareiro.","breadcrumb":{"@id":"https:\/\/ventomareiro.com\/ca\/avis-legal\/#breadcrumb"},"inLanguage":"ca","potentialAction":[{"@type":"ReadAction","target":["https:\/\/ventomareiro.com\/ca\/avis-legal\/"]}]},{"@type":"BreadcrumbList","@id":"https:\/\/ventomareiro.com\/ca\/avis-legal\/#breadcrumb","itemListElement":[{"@type":"ListItem","position":1,"name":"Portada","item":"https:\/\/ventomareiro.com\/ca\/inici\/"},{"@type":"ListItem","position":2,"name":"Av\u00eds Legal"}]},{"@type":"WebSite","@id":"https:\/\/ventomareiro.com\/ca\/#website","url":"https:\/\/ventomareiro.com\/ca\/","name":"Vento Mareiro","description":"un estilo de vida","publisher":{"@id":"https:\/\/ventomareiro.com\/ca\/#organization"},"potentialAction":[{"@type":"SearchAction","target":{"@type":"EntryPoint","urlTemplate":"https:\/\/ventomareiro.com\/ca\/?s={search_term_string}"},"query-input":{"@type":"PropertyValueSpecification","valueRequired":true,"valueName":"search_term_string"}}],"inLanguage":"ca"},{"@type":"Organization","@id":"https:\/\/ventomareiro.com\/ca\/#organization","name":"Vento Mareiro","url":"https:\/\/ventomareiro.com\/ca\/","logo":{"@type":"ImageObject","inLanguage":"ca","@id":"https:\/\/ventomareiro.com\/ca\/#\/schema\/logo\/image\/","url":"https:\/\/ventomareiro.com\/wp-content\/uploads\/2022\/03\/Vento-Mareiro-Logo.svg","contentUrl":"https:\/\/ventomareiro.com\/wp-content\/uploads\/2022\/03\/Vento-Mareiro-Logo.svg","width":"1024","height":"1024","caption":"Vento Mareiro"},"image":{"@id":"https:\/\/ventomareiro.com\/ca\/#\/schema\/logo\/image\/"}}]}},"_links":{"self":[{"href":"https:\/\/ventomareiro.com\/ca\/wp-json\/wp\/v2\/pages\/31284","targetHints":{"allow":["GET"]}}],"collection":[{"href":"https:\/\/ventomareiro.com\/ca\/wp-json\/wp\/v2\/pages"}],"about":[{"href":"https:\/\/ventomareiro.com\/ca\/wp-json\/wp\/v2\/types\/page"}],"author":[{"embeddable":true,"href":"https:\/\/ventomareiro.com\/ca\/wp-json\/wp\/v2\/users\/1"}],"replies":[{"embeddable":true,"href":"https:\/\/ventomareiro.com\/ca\/wp-json\/wp\/v2\/comments?post=31284"}],"version-history":[{"count":4,"href":"https:\/\/ventomareiro.com\/ca\/wp-json\/wp\/v2\/pages\/31284\/revisions"}],"predecessor-version":[{"id":31318,"href":"https:\/\/ventomareiro.com\/ca\/wp-json\/wp\/v2\/pages\/31284\/revisions\/31318"}],"wp:attachment":[{"href":"https:\/\/ventomareiro.com\/ca\/wp-json\/wp\/v2\/media?parent=31284"}],"curies":[{"name":"wp","href":"https:\/\/api.w.org\/{rel}","templated":true}]}}