{"id":31281,"date":"2022-07-01T09:00:41","date_gmt":"2022-07-01T07:00:41","guid":{"rendered":"https:\/\/ventomareiro.pantastic.studio\/politica-de-cookies\/"},"modified":"2022-12-19T16:54:50","modified_gmt":"2022-12-19T15:54:50","slug":"politica-de-cookies","status":"publish","type":"page","link":"https:\/\/ventomareiro.com\/ca\/politica-de-cookies\/","title":{"rendered":"Pol\u00edtica de Cookies"},"content":{"rendered":"<p>[et_pb_section fb_built=&#8221;1&#8243; _builder_version=&#8221;4.16&#8243; global_colors_info=&#8221;{}&#8221;][et_pb_row _builder_version=&#8221;4.16&#8243; background_size=&#8221;initial&#8221; background_position=&#8221;top_left&#8221; background_repeat=&#8221;repeat&#8221; width=&#8221;60%&#8221; width_tablet=&#8221;80%&#8221; width_phone=&#8221;&#8221; width_last_edited=&#8221;on|tablet&#8221; global_colors_info=&#8221;{}&#8221;][et_pb_column type=&#8221;4_4&#8243; _builder_version=&#8221;4.16&#8243; custom_padding=&#8221;|||&#8221; global_colors_info=&#8221;{}&#8221; custom_padding__hover=&#8221;|||&#8221;][et_pb_post_title meta=&#8221;off&#8221; featured_image=&#8221;off&#8221; _builder_version=&#8221;4.16&#8243; _module_preset=&#8221;default&#8221; custom_margin=&#8221;||10px||false|false&#8221; global_colors_info=&#8221;{}&#8221;][\/et_pb_post_title][et_pb_text _builder_version=&#8221;4.17.4&#8243; link_font=&#8221;|600|||on||||&#8221; link_text_color=&#8221;#134074&#8243; header_font_size=&#8221;35px&#8221; header_2_text_color=&#8221;#13315C&#8221; header_2_font_size=&#8221;27px&#8221; header_3_font=&#8221;Open Sans|700|||||||&#8221; header_3_text_color=&#8221;#79B3DF&#8221; header_3_font_size=&#8221;19px&#8221; header_3_letter_spacing=&#8221;1px&#8221; background_size=&#8221;initial&#8221; background_position=&#8221;top_left&#8221; background_repeat=&#8221;repeat&#8221; header_2_font_size_phone=&#8221;28px&#8221; global_colors_info=&#8221;{}&#8221;]<\/p>\n<h2><b><span>Introducci\u00f3<\/span><\/b><\/h2>\n<p><span>El web de\u00a0<\/span><strong><span>Vento Mareiro<\/span><\/strong><span>\u00a0utilitza cookies pr\u00f2pies i de tercers.\u00a0Una galeta \u00e9s un fitxer que es descarrega al vostre ordinador en accedir a determinades p\u00e0gines web.\u00a0Les galetes permeten a una p\u00e0gina web, entre altres coses, emmagatzemar i recuperar informaci\u00f3 sobre els h\u00e0bits de navegaci\u00f3 d&#8217;un usuari o del seu equip i, depenent de la informaci\u00f3 que continguin i de la manera com utilitzi el seu equip, es poden utilitzar per a recon\u00e8ixer l&#8217;usuari.\u00a0Les galetes s&#8217;associen \u00fanicament a un usuari an\u00f2nim i el seu ordinador o dispositiu i no proporcionen refer\u00e8ncies que permetin con\u00e8ixer les vostres dades personals.<\/span><b>\u00a0<\/b><\/p>\n<p><span>L&#8217;usuari pot, en tot moment, acceptar o rebutjar les cookies instal\u00b7lades que no siguin estrictament necess\u00e0ries per al funcionament correcte del web i l&#8217;acc\u00e9s a l&#8217;Usuari als seus serveis, a trav\u00e9s del panell d&#8217;ajust de cookies proporcionat a trav\u00e9s del nostre web.\u00a0Aix\u00ed mateix, podreu configurar el vostre navegador en tot moment sense que aix\u00f2 perjudiqui la possibilitat de l&#8217;Usuari d&#8217;accedir als continguts.\u00a0Tot i aix\u00f2, us informem que el fet de rebutjar les cookies pot disminuir el bon funcionament de la web.<\/span><\/p>\n<p>&nbsp;<\/p>\n<h2><span>Galetes afectades per la normativa i galetes exemptes<\/span><\/h2>\n<p><span>Segons la directiva de la UE, les galetes que requereixen el consentiment informat per part de l&#8217;usuari s\u00f3n les galetes d&#8217;anal\u00edtica i les de publicitat i afiliaci\u00f3, i queden exceptuades les de car\u00e0cter t\u00e8cnic i les necess\u00e0ries per al funcionament del lloc web o la prestaci\u00f3 de serveis expressament demanats per l&#8217;usuari.<\/span><\/p>\n<p>&nbsp;<\/p>\n<h2><b><span>Tipus de cookies<\/span><\/b><\/h2>\n<ol>\n<li><span>a) Segons l&#8217;entitat que les gestioni, hi ha cookies\u00a0\u00a0<\/span><b><span>pr\u00f2pies\u00a0<\/span><\/b><span>\u00a0(aquelles que s&#8217;envien a l&#8217;equip terminal de l&#8217;usuari des d&#8217;un equip o domini gestionat pel mateix editor i des del qual es presta el servei licitat per l&#8217;usuari) i de\u00a0\u00a0<\/span><b><span>tercers\u00a0<\/span><\/b><span>\u00a0(les que s&#8217;envien a l&#8217;equip terminal de l&#8217;usuari des d&#8217;un equip o domini que no \u00e9s gestionat per l&#8217;editor, sin\u00f3 per una altra entitat que tracta les dades obtingudes mitjan\u00e7ant les galetes).<\/span><\/li>\n<li><span>b) Segons el temps que romanen actives, hi ha les de\u00a0\u00a0<\/span><b><span>sessi\u00f3\u00a0<\/span><\/b><span>\u00a0(dissenyades per demanar i emmagatzemar dades mentre l&#8217;usuari accedeix a una p\u00e0gina web) i les\u00a0\u00a0<\/span><b><span>persistents\u00a0<\/span><\/b><span>\u00a0(en qu\u00e8 les dades s&#8217;emmagatzemen al terminal i poden ser accedides i tractades durant un per\u00edode definit pel responsable de les galetes (pot anar d&#8217;uns minuts a diversos anys).<\/span><\/li>\n<li><span>c) Segons la\u00a0\u00a0<\/span><b><span>finalitat\u00a0<\/span><\/b><span>\u00a0per a la qual tracten la informaci\u00f3 que recopilen, poden ser:<\/span><\/li>\n<\/ol>\n<ul>\n<li aria-level=\"1\"><b><span>Cookies t\u00e8cniques\u00a0<\/span><\/b><span>\u00a0(necess\u00e0ries per a l&#8217;\u00fas del web i la prestaci\u00f3 del servei contractat),<\/span><\/li>\n<li aria-level=\"1\"><b><span>Galetes de personalitzaci\u00f3\u00a0<\/span><\/b><span>\u00a0(que permeten a l&#8217;usuari accedir al servei amb caracter\u00edstiques predefinides, com l&#8217;idioma, tipus de navegador, configuraci\u00f3 regional, etc.)<\/span><\/li>\n<li aria-level=\"1\"><b><span>Cookies d&#8217;an\u00e0lisi\u00a0<\/span><\/b><span>\u00a0(recullen informaci\u00f3 sobre l&#8217;\u00fas que es fa de la web),<\/span><\/li>\n<li aria-level=\"1\"><b><span>Cookies publicit\u00e0ries\u00a0<\/span><\/b><span>\u00a0(recullen informaci\u00f3 sobre les prefer\u00e8ncies i eleccions personals dels usuaris)<\/span><\/li>\n<li aria-level=\"1\"><b><span>Cookies d&#8217;afiliats\u00a0<\/span><\/b><span>\u00a0(permeten fer un seguiment de les visites procedents d&#8217;altres webs, amb les quals el lloc web estableix un contracte d&#8217;afiliaci\u00f3).<\/span><\/li>\n<\/ul>\n<p>&nbsp;<\/p>\n<p>&nbsp;<\/p>\n<h2><span>Tipus de cookies utilitzades per aquesta p\u00e0gina web<\/span><\/h2>\n<p>[\/et_pb_text][et_pb_code _builder_version=&#8221;4.17.4&#8243; _module_preset=&#8221;default&#8221; global_colors_info=&#8221;{}&#8221;]<script id=\"CookieDeclaration\" src=\"https:\/\/consent.cookiebot.com\/ead98c97-bb30-4752-a5af-774ef3422663\/cd.js\" type=\"text\/javascript\" async><\/script>[\/et_pb_code][et_pb_text _builder_version=&#8221;4.17.4&#8243; link_font=&#8221;|600|||on||||&#8221; link_text_color=&#8221;#134074&#8243; header_font_size=&#8221;35px&#8221; header_2_text_color=&#8221;#13315C&#8221; header_2_font_size=&#8221;27px&#8221; header_3_font=&#8221;Open Sans|700||on|||||&#8221; header_3_text_color=&#8221;#79B3DF&#8221; header_3_font_size=&#8221;18px&#8221; header_3_letter_spacing=&#8221;1px&#8221; background_size=&#8221;initial&#8221; background_position=&#8221;top_left&#8221; background_repeat=&#8221;repeat&#8221; header_2_font_size_phone=&#8221;28px&#8221; global_colors_info=&#8221;{}&#8221;]<\/p>\n<div id=\"main-content\">\n<article id=\"post-30021\" class=\"post-30021 page type-page status-publish hentry\">\n<div class=\"entry-content\">\n<div class=\"et-l et-l--post\">\n<div class=\"et_builder_inner_content et_pb_gutters3\">\n<div class=\"et_pb_section et_pb_section_0 et_section_regular\">\n<div class=\"et_pb_row et_pb_row_0\">\n<div class=\"et_pb_column et_pb_column_4_4 et_pb_column_0  et_pb_css_mix_blend_mode_passthrough et-last-child\">\n<div class=\"et_pb_module et_pb_text et_pb_text_1  et_pb_text_align_left et_pb_bg_layout_light\">\n<div class=\"et_pb_text_inner\">\n<ul>\n<li aria-level=\"1\">Cookies de Facebook, ver m\u00e1s informaci\u00f3n en su\u00a0<a href=\"https:\/\/es-es.facebook.com\/policies\/cookies\/\">pol\u00edtica de cookies<\/a><\/li>\n<li aria-level=\"1\">Cookies de Twitter, ver m\u00e1s informaci\u00f3n en su\u00a0<a href=\"https:\/\/help.twitter.com\/es\/rules-and-policies\/twitter-cookies\">pol\u00edtica de cookies<\/a><\/li>\n<li aria-level=\"1\">Cookies de Instagram, ver m\u00e1s informaci\u00f3n en su\u00a0<a href=\"https:\/\/help.instagram.com\/1896641480634370?ref=ig\">pol\u00edtica de cookies<\/a><\/li>\n<li aria-level=\"1\">Cookies de Linkedin, ver m\u00e1s informaci\u00f3n en su\u00a0<a href=\"https:\/\/www.linkedin.com\/legal\/cookie-policy?_l=es_ES\">pol\u00edtica de cookies<\/a><\/li>\n<li aria-level=\"1\">Cookies de Pinterest, ver m\u00e1s informaci\u00f3n en su\u00a0<a href=\"https:\/\/policy.pinterest.com\/es\/cookies\">pol\u00edtica de cookies<\/a><\/li>\n<li aria-level=\"1\">Cookies de Youtube, ver m\u00e1s informaci\u00f3n en su\u00a0<a href=\"https:\/\/policies.google.com\/technologies\/cookies?hl=es\">pol\u00edtica de cookies<\/a><\/li>\n<\/ul>\n<h2><b>Revocaci\u00f3n<\/b><\/h2>\n<p>En todo momento podr\u00e1 acceder a la configuraci\u00f3n de su navegador aceptando o rechazando todas las\u00a0cookies\u00a0, o bien seleccionar aquellas que la instalaci\u00f3n admite y las que no, siguiendo uno de los siguientes procedimientos, que depende del navegador que utilice:<\/p>\n<p><b>Google Chrome\u00a0<\/b>\u00a0(en el Men\u00fa Herramientas):\u00a0<\/p>\n<p>Configuraci\u00f3n &gt; Mostrar opciones avanzadas &gt; Privacidad (Configuraci\u00f3n de contenido) &gt; Cookies:\u00a0<\/p>\n<p><a href=\"https:\/\/support.google.com\/chrome\/answer\/95647?co=GENIE.Platform%3DDesktop&amp;hl=es\">https:\/\/support.google.com\/chrome\/answer\/95647?co=GENIE.Platform%3DDesktop&amp;hl=es<\/a><\/p>\n<p><b>Microsoft Internet Explorer\u00a0<\/b>\u00a0(en el Men\u00fa Herramientas):<\/p>\n<p>Opciones de Internet &gt; Privacidad &gt; Avanzada:<\/p>\n<p><a href=\"https:\/\/support.microsoft.com\/es-es\/help\/17442\/windows-internet-explorer-delete-manage-cookies\">https:\/\/support.microsoft.com\/es-es\/help\/17442\/windows-internet-explorer-delete-manage-cookies<\/a><\/p>\n<p><b>Firefox:\u00a0<\/b>Opciones &gt; Privacidad &gt; Cookies:<\/p>\n<p><a href=\"https:\/\/support.mozilla.org\/es\/kb\/habilitar-y-deshabilitar-cookies-sitios-web-rastrear-preferencias\">https:\/\/support.mozilla.org\/es\/kb\/habilitar-y-deshabilitar-cookies-sitios-web-rastrear-preferencias<\/a><\/p>\n<p><b>Safari, iPad e iPhone:<\/b><\/p>\n<p>Preferencias &gt; Privacidad<\/p>\n<p><a href=\"https:\/\/support.apple.com\/kb\/ph21411?locale=es_ES\">https:\/\/support.apple.com\/kb\/ph21411?locale=es_ES<\/a><\/p>\n<p><b>Opera:<\/b><\/p>\n<p>Configuraci\u00f3n &gt; Opciones &gt; Avanzada &gt; Cookies<\/p>\n<p><a href=\"http:\/\/help.opera.com\/Windows\/12.00\/es-ES\/cookies.html\">http:\/\/help.opera.com\/Windows\/12.00\/es-ES\/cookies.html<\/a><\/p>\n<p>Estos navegadores est\u00e1n sometidos a actualizaciones o modificaciones, por lo que no podemos garantizar que se ajusten por completo a la versi\u00f3n de su navegador.\u00a0Tambi\u00e9n puede que utilice otro navegador no contemplado en estos enlaces como Konqueror, Arora, Flock, etc.\u00a0Para evitar estos desajustes, puede acceder directamente desde las opciones de su navegador, generalmente en el men\u00fa de \u201cOpciones\u201d en la secci\u00f3n de \u201cPrivacidad\u201d.\u00a0(Por favor, consulte la ayuda de su navegador para m\u00e1s informaci\u00f3n).<\/p>\n<h2>Desactivaci\u00f3n\/activaci\u00f3n y eliminaci\u00f3n de cookies<\/h2>\n<p>Para restringir o bloquear las cookies, se realiza a trav\u00e9s de la configuraci\u00f3n del navegador.<\/p>\n<p>Si no desea que los sitios web pongan ninguna cookie en su equipo, puede adaptar la configuraci\u00f3n del navegador de forma que se le notifique antes de que se coloque ninguna cookie.\u00a0Del mismo modo, puede adaptar la configuraci\u00f3n de forma que el navegador rechace todas las cookies, o \u00fanicamente las cookies de terceros.\u00a0Tambi\u00e9n puede eliminar cualquiera de las cookies que ya se encuentren en su equipo.\u00a0Recuerde que deber\u00e1 adaptarse por separado la configuraci\u00f3n de cada navegador y equipo que utilice.<\/p>\n<p>Recuerde que si no desea recibir cookies, ya no podremos garantizar que nuestro sitio web funcione como es debido.\u00a0Puede que algunas funciones del sitio se pierdan y es posible que ya no pueda ver ciertos sitios web.\u00a0Adem\u00e1s, rechazar las cookies no significa que ya no vaya a ver anuncios publicitarios.\u00a0Simplemente los anuncios no se ajustar\u00e1n a sus intereses y se repetir\u00e1n con mayor frecuencia.\u00a0<\/p>\n<p>Cada navegador tiene un m\u00e9todo distinto para adaptar la configuraci\u00f3n.\u00a0Si es necesario, consulte la funci\u00f3n de ayuda del navegador para establecer la configuraci\u00f3n correcta.<\/p>\n<p>Para desactivar las cookies en el tel\u00e9fono m\u00f3vil, consulte el manual del dispositivo para obtener m\u00e1s informaci\u00f3n.<\/p>\n<p>Puede obtener m\u00e1s informaci\u00f3n sobre las cookies en Internet,\u00a0<a href=\"http:\/\/www.aboutcookies.org\/\">http:\/\/www.aboutcookies.org\/<\/a>\u00a0.<\/p>\n<p>Teniendo en cuenta la forma en la que funciona Internet y los sitios web, no siempre contamos con informaci\u00f3n de las cookies que colocan terceras partes a trav\u00e9s de nuestro sitio web.\u00a0Esto se aplica especialmente a casos en los que nuestra p\u00e1gina web contiene lo que se denominan elementos integrados: textos, documentos, im\u00e1genes o breves pel\u00edculas que se almacenan en otra parte, pero se muestran en nuestro sitio web o mediante el mismo.<\/p>\n<p>Por tanto, en caso de que se encuentre con este tipo de cookies en este sitio web y no est\u00e9n enumeradas en la lista anterior, le rogamos que nos lo comunique.\u00a0O bien p\u00f3ngase en contacto directamente con el tercero para pedirle informaci\u00f3n sobre las cookies que coloca, la finalidad y la duraci\u00f3n de la cookie y c\u00f3mo ha garantizado su privacidad.<\/p>\n<p>&nbsp;<\/p>\n<h2><span>Informaci\u00f3 relacionada amb el tractament de dades personals (art. 13 RGPD)<\/span><\/h2>\n<h3><b><span>QUI \u00c9S EL RESPONSABLE DEL TRACTAMENT DE LES VOSTRES DADES PERSONALS?<\/span><\/b><\/h3>\n<p><b><span>Terra de Sis\u00e1n SL<\/span><\/b><span>\u00a0\u00e9s el responsable del tractament de les dades personals que vost\u00e8 ens proporciona, situat al\u00a0<\/span><b><span>c\/ Barroso n\u00ba 10- Sis\u00e1n, Ribadumia \u2013 36636 Pontevedra\u00a0<\/span><\/b><b><span>,\u00a0<\/span><\/b><span>\u00a0amb CIF\u00a0<\/span><b><span>B94100377<\/span><\/b><span>\u00a0i correu electr\u00f2nic de contacte\u00a0<b><a href=\"mailto:info@terradeasorei.com\">info@terradeasorei.com<\/a><\/b>\u00a0.<\/span><b>\u00a0<\/b><b><\/b><\/p>\n<h3><b><span>PER QU\u00c8 UTILITZEM LES VOSTRES DADES PERSONALS?<\/span><\/b><\/h3>\n<p><span>La informaci\u00f3 recopilada a trav\u00e9s de les cookies pr\u00f2pies (cookies de sessi\u00f3 i d&#8217;entrada d&#8217;usuari) se solen utilitzar per rastrejar les accions de l&#8217;usuari en omplir els formularis en l\u00ednia en diverses p\u00e0gines, o com a cistella de la compra per fer el seguiment dels articles que lusuari ha seleccionat en pr\u00e9mer un bot\u00f3, o per personalitzar la\u00a0\u00a0<\/span><i><span>interf\u00edcie<\/span><\/i><span>\u00a0\u00a0de lusuari en visitar la p\u00e0gina web.<\/span><\/p>\n<p><span>La informaci\u00f3 recopilada a trav\u00e9s de les galetes de tercers \u00e9s la seg\u00fcent:<\/span><\/p>\n<ul>\n<li aria-level=\"1\"><span>A trav\u00e9s de les galetes anal\u00edtiques, s&#8217;analitzen els seus h\u00e0bits de navegaci\u00f3 per millorar els serveis prestats;<\/span><\/li>\n<li aria-level=\"1\"><span>A trav\u00e9s de les galetes de comportament es recopila informaci\u00f3 sobre les prefer\u00e8ncies de l&#8217;usuari per gestionar els espais publicitaris de la manera m\u00e9s efica\u00e7 possible;\u00a0i<\/span><\/li>\n<li aria-level=\"1\"><span>A trav\u00e9s de les cookies publicit\u00e0ries es mesura el rendiment dels anuncis i es proporcionen recomanacions relatives a productes basats en dades estad\u00edstiques.<\/span><\/li>\n<\/ul>\n<p><span>Per veure exactament l&#8217;\u00fas de les galetes vegeu el quadre sobre l&#8217;\u00fas de les galetes en aquest document.<\/span><\/p>\n<h3><b><span>QUINA \u00c9S LA BASE LEGAL PER AL TRACTAMENT DE LES VOSTRES DADES PERSONALS?<\/span><\/b><\/h3>\n<p><span>La legitimaci\u00f3 per al tractament de les vostres dades personals ve donada pel seu consentiment, atorgat en el moment de posar-se en contacte amb nosaltres, per a la utilitzaci\u00f3 de cookies anal\u00edtiques, de comportament i publicit\u00e0ries;\u00a0per a les galetes de sessi\u00f3 o personalitzaci\u00f3, la legitimaci\u00f3 per al tractament ve donada per l&#8217;inter\u00e8s leg\u00edtim del prestador (responsable del tractament).<\/span><\/p>\n<h3><b><span>A QUI COMUNIQUEM LES VOSTRES DADES?<\/span><\/b><\/h3>\n<p><span>No se cediran ni comunicaran dades a tercers, excepte per obligaci\u00f3 legal o als tercers indicats en cas d&#8217;\u00fas de cookies gestionades per aquests.<\/span><\/p>\n<h3><b><span>QUIN \u00c9S EL TERMINI DE CONSERVACI\u00d3 DE LES VOSTRES DADES?<\/span><\/b><\/h3>\n<p><span>El termini de conservaci\u00f3 de les dades recollides \u00e9s l&#8217;indicat al quadre sobre l&#8217;\u00fas de cookies al present document.<\/span><\/p>\n<h3><b><span>QUINS S\u00d3N ELS VOSTRES DRETS?<\/span><\/b><\/h3>\n<p><span>Els drets que emparen l&#8217;usuari s\u00f3n els d&#8217;acc\u00e9s, rectificaci\u00f3, supressi\u00f3, portabilitat d&#8217;aquests, retirada del consentiment (sense que aix\u00f2 afecti la licitud del tractament atorgat pr\u00e8viament a la retirada), oposici\u00f3 al tractament, limitaci\u00f3 (en determinades circumst\u00e0ncies) ja presentar una reclamaci\u00f3 davant de l&#8217;autoritat de control (l&#8217;Ag\u00e8ncia Espanyola de protecci\u00f3 de dades,\u00a0\u00a0<\/span><a href=\"http:\/\/www.aepd.es\/\" target=\"_blank\" rel=\"noopener\"><span>www.aepd.es<\/span><\/a><span>).<\/span><\/p>\n<\/div>\n<\/div>\n<\/div>\n<\/div>\n<\/div>\n<\/div>\n<\/div>\n<\/div>\n<\/article>\n<\/div>\n<p>[\/et_pb_text][\/et_pb_column][\/et_pb_row][\/et_pb_section]<\/p>\n","protected":false},"excerpt":{"rendered":"<p>Introducci\u00f3 El web de\u00a0Vento Mareiro\u00a0utilitza cookies pr\u00f2pies i de tercers.\u00a0Una galeta \u00e9s un fitxer que es descarrega al vostre ordinador en accedir a determinades p\u00e0gines web.\u00a0Les galetes permeten a una p\u00e0gina web, entre altres coses, emmagatzemar i recuperar informaci\u00f3 sobre els h\u00e0bits de navegaci\u00f3 d&#8217;un usuari o del seu equip i, depenent de la informaci\u00f3 [&hellip;]<\/p>\n","protected":false},"author":1,"featured_media":0,"parent":0,"menu_order":12,"comment_status":"closed","ping_status":"closed","template":"","meta":{"_et_pb_use_builder":"on","_et_pb_old_content":"","_et_gb_content_width":"","inline_featured_image":false,"footnotes":""},"class_list":["post-31281","page","type-page","status-publish","hentry"],"yoast_head":"<!-- This site is optimized with the Yoast SEO plugin v27.6 - https:\/\/yoast.com\/product\/yoast-seo-wordpress\/ -->\n<title>Pol\u00edtica de Cookies | Vento Mareiro, un estilo de vida<\/title>\n<meta name=\"description\" content=\"Aquesta \u00e9s la p\u00e0gina on s&#039;estipula la Pol\u00edtica de Cookies de la p\u00e0gina web Vento Mareiro.\" \/>\n<meta name=\"robots\" content=\"index, follow, max-snippet:-1, max-image-preview:large, max-video-preview:-1\" \/>\n<link rel=\"canonical\" href=\"https:\/\/ventomareiro.com\/ca\/politica-de-cookies\/\" \/>\n<meta property=\"og:locale\" content=\"ca_ES\" \/>\n<meta property=\"og:type\" content=\"article\" \/>\n<meta property=\"og:title\" content=\"Pol\u00edtica de Cookies | Vento Mareiro, un estilo de vida\" \/>\n<meta property=\"og:description\" content=\"Aquesta \u00e9s la p\u00e0gina on s&#039;estipula la Pol\u00edtica de Cookies de la p\u00e0gina web Vento Mareiro.\" \/>\n<meta property=\"og:url\" content=\"https:\/\/ventomareiro.com\/ca\/politica-de-cookies\/\" \/>\n<meta property=\"og:site_name\" content=\"Vento Mareiro\" \/>\n<meta property=\"article:modified_time\" content=\"2022-12-19T15:54:50+00:00\" \/>\n<meta property=\"og:image\" content=\"https:\/\/ventomareiro.com\/wp-content\/uploads\/2022\/12\/Vento-Mareiro-Age-gate-1.jpeg\" \/>\n\t<meta property=\"og:image:width\" content=\"1700\" \/>\n\t<meta property=\"og:image:height\" content=\"1009\" \/>\n\t<meta property=\"og:image:type\" content=\"image\/jpeg\" \/>\n<meta name=\"twitter:card\" content=\"summary_large_image\" \/>\n<meta name=\"twitter:label1\" content=\"Temps estimat de lectura\" \/>\n\t<meta name=\"twitter:data1\" content=\"10 minuts\" \/>\n<script type=\"application\/ld+json\" class=\"yoast-schema-graph\">{\"@context\":\"https:\\\/\\\/schema.org\",\"@graph\":[{\"@type\":\"WebPage\",\"@id\":\"https:\\\/\\\/ventomareiro.com\\\/ca\\\/politica-de-cookies\\\/\",\"url\":\"https:\\\/\\\/ventomareiro.com\\\/ca\\\/politica-de-cookies\\\/\",\"name\":\"Pol\u00edtica de Cookies | Vento Mareiro, un estilo de vida\",\"isPartOf\":{\"@id\":\"https:\\\/\\\/ventomareiro.com\\\/ca\\\/#website\"},\"datePublished\":\"2022-07-01T07:00:41+00:00\",\"dateModified\":\"2022-12-19T15:54:50+00:00\",\"description\":\"Aquesta \u00e9s la p\u00e0gina on s'estipula la Pol\u00edtica de Cookies de la p\u00e0gina web Vento Mareiro.\",\"breadcrumb\":{\"@id\":\"https:\\\/\\\/ventomareiro.com\\\/ca\\\/politica-de-cookies\\\/#breadcrumb\"},\"inLanguage\":\"ca\",\"potentialAction\":[{\"@type\":\"ReadAction\",\"target\":[\"https:\\\/\\\/ventomareiro.com\\\/ca\\\/politica-de-cookies\\\/\"]}]},{\"@type\":\"BreadcrumbList\",\"@id\":\"https:\\\/\\\/ventomareiro.com\\\/ca\\\/politica-de-cookies\\\/#breadcrumb\",\"itemListElement\":[{\"@type\":\"ListItem\",\"position\":1,\"name\":\"Portada\",\"item\":\"https:\\\/\\\/ventomareiro.com\\\/ca\\\/inici\\\/\"},{\"@type\":\"ListItem\",\"position\":2,\"name\":\"Pol\u00edtica de Cookies\"}]},{\"@type\":\"WebSite\",\"@id\":\"https:\\\/\\\/ventomareiro.com\\\/ca\\\/#website\",\"url\":\"https:\\\/\\\/ventomareiro.com\\\/ca\\\/\",\"name\":\"Vento Mareiro\",\"description\":\"un estilo de vida\",\"publisher\":{\"@id\":\"https:\\\/\\\/ventomareiro.com\\\/ca\\\/#organization\"},\"potentialAction\":[{\"@type\":\"SearchAction\",\"target\":{\"@type\":\"EntryPoint\",\"urlTemplate\":\"https:\\\/\\\/ventomareiro.com\\\/ca\\\/?s={search_term_string}\"},\"query-input\":{\"@type\":\"PropertyValueSpecification\",\"valueRequired\":true,\"valueName\":\"search_term_string\"}}],\"inLanguage\":\"ca\"},{\"@type\":\"Organization\",\"@id\":\"https:\\\/\\\/ventomareiro.com\\\/ca\\\/#organization\",\"name\":\"Vento Mareiro\",\"url\":\"https:\\\/\\\/ventomareiro.com\\\/ca\\\/\",\"logo\":{\"@type\":\"ImageObject\",\"inLanguage\":\"ca\",\"@id\":\"https:\\\/\\\/ventomareiro.com\\\/ca\\\/#\\\/schema\\\/logo\\\/image\\\/\",\"url\":\"https:\\\/\\\/ventomareiro.com\\\/wp-content\\\/uploads\\\/2022\\\/03\\\/Vento-Mareiro-Logo.svg\",\"contentUrl\":\"https:\\\/\\\/ventomareiro.com\\\/wp-content\\\/uploads\\\/2022\\\/03\\\/Vento-Mareiro-Logo.svg\",\"width\":\"1024\",\"height\":\"1024\",\"caption\":\"Vento Mareiro\"},\"image\":{\"@id\":\"https:\\\/\\\/ventomareiro.com\\\/ca\\\/#\\\/schema\\\/logo\\\/image\\\/\"}}]}<\/script>\n<!-- \/ Yoast SEO plugin. -->","yoast_head_json":{"title":"Pol\u00edtica de Cookies | Vento Mareiro, un estilo de vida","description":"Aquesta \u00e9s la p\u00e0gina on s'estipula la Pol\u00edtica de Cookies de la p\u00e0gina web Vento Mareiro.","robots":{"index":"index","follow":"follow","max-snippet":"max-snippet:-1","max-image-preview":"max-image-preview:large","max-video-preview":"max-video-preview:-1"},"canonical":"https:\/\/ventomareiro.com\/ca\/politica-de-cookies\/","og_locale":"ca_ES","og_type":"article","og_title":"Pol\u00edtica de Cookies | Vento Mareiro, un estilo de vida","og_description":"Aquesta \u00e9s la p\u00e0gina on s'estipula la Pol\u00edtica de Cookies de la p\u00e0gina web Vento Mareiro.","og_url":"https:\/\/ventomareiro.com\/ca\/politica-de-cookies\/","og_site_name":"Vento Mareiro","article_modified_time":"2022-12-19T15:54:50+00:00","og_image":[{"width":1700,"height":1009,"url":"https:\/\/ventomareiro.com\/wp-content\/uploads\/2022\/12\/Vento-Mareiro-Age-gate-1.jpeg","type":"image\/jpeg"}],"twitter_card":"summary_large_image","twitter_misc":{"Temps estimat de lectura":"10 minuts"},"schema":{"@context":"https:\/\/schema.org","@graph":[{"@type":"WebPage","@id":"https:\/\/ventomareiro.com\/ca\/politica-de-cookies\/","url":"https:\/\/ventomareiro.com\/ca\/politica-de-cookies\/","name":"Pol\u00edtica de Cookies | Vento Mareiro, un estilo de vida","isPartOf":{"@id":"https:\/\/ventomareiro.com\/ca\/#website"},"datePublished":"2022-07-01T07:00:41+00:00","dateModified":"2022-12-19T15:54:50+00:00","description":"Aquesta \u00e9s la p\u00e0gina on s'estipula la Pol\u00edtica de Cookies de la p\u00e0gina web Vento Mareiro.","breadcrumb":{"@id":"https:\/\/ventomareiro.com\/ca\/politica-de-cookies\/#breadcrumb"},"inLanguage":"ca","potentialAction":[{"@type":"ReadAction","target":["https:\/\/ventomareiro.com\/ca\/politica-de-cookies\/"]}]},{"@type":"BreadcrumbList","@id":"https:\/\/ventomareiro.com\/ca\/politica-de-cookies\/#breadcrumb","itemListElement":[{"@type":"ListItem","position":1,"name":"Portada","item":"https:\/\/ventomareiro.com\/ca\/inici\/"},{"@type":"ListItem","position":2,"name":"Pol\u00edtica de Cookies"}]},{"@type":"WebSite","@id":"https:\/\/ventomareiro.com\/ca\/#website","url":"https:\/\/ventomareiro.com\/ca\/","name":"Vento Mareiro","description":"un estilo de vida","publisher":{"@id":"https:\/\/ventomareiro.com\/ca\/#organization"},"potentialAction":[{"@type":"SearchAction","target":{"@type":"EntryPoint","urlTemplate":"https:\/\/ventomareiro.com\/ca\/?s={search_term_string}"},"query-input":{"@type":"PropertyValueSpecification","valueRequired":true,"valueName":"search_term_string"}}],"inLanguage":"ca"},{"@type":"Organization","@id":"https:\/\/ventomareiro.com\/ca\/#organization","name":"Vento Mareiro","url":"https:\/\/ventomareiro.com\/ca\/","logo":{"@type":"ImageObject","inLanguage":"ca","@id":"https:\/\/ventomareiro.com\/ca\/#\/schema\/logo\/image\/","url":"https:\/\/ventomareiro.com\/wp-content\/uploads\/2022\/03\/Vento-Mareiro-Logo.svg","contentUrl":"https:\/\/ventomareiro.com\/wp-content\/uploads\/2022\/03\/Vento-Mareiro-Logo.svg","width":"1024","height":"1024","caption":"Vento Mareiro"},"image":{"@id":"https:\/\/ventomareiro.com\/ca\/#\/schema\/logo\/image\/"}}]}},"_links":{"self":[{"href":"https:\/\/ventomareiro.com\/ca\/wp-json\/wp\/v2\/pages\/31281","targetHints":{"allow":["GET"]}}],"collection":[{"href":"https:\/\/ventomareiro.com\/ca\/wp-json\/wp\/v2\/pages"}],"about":[{"href":"https:\/\/ventomareiro.com\/ca\/wp-json\/wp\/v2\/types\/page"}],"author":[{"embeddable":true,"href":"https:\/\/ventomareiro.com\/ca\/wp-json\/wp\/v2\/users\/1"}],"replies":[{"embeddable":true,"href":"https:\/\/ventomareiro.com\/ca\/wp-json\/wp\/v2\/comments?post=31281"}],"version-history":[{"count":5,"href":"https:\/\/ventomareiro.com\/ca\/wp-json\/wp\/v2\/pages\/31281\/revisions"}],"predecessor-version":[{"id":31305,"href":"https:\/\/ventomareiro.com\/ca\/wp-json\/wp\/v2\/pages\/31281\/revisions\/31305"}],"wp:attachment":[{"href":"https:\/\/ventomareiro.com\/ca\/wp-json\/wp\/v2\/media?parent=31281"}],"curies":[{"name":"wp","href":"https:\/\/api.w.org\/{rel}","templated":true}]}}