{"id":30729,"date":"2022-03-01T09:00:19","date_gmt":"2022-03-01T08:00:19","guid":{"rendered":"https:\/\/ventomareiro.pantastic.studio\/cistella\/"},"modified":"2022-12-05T14:52:57","modified_gmt":"2022-12-05T13:52:57","slug":"cistella","status":"publish","type":"page","link":"https:\/\/ventomareiro.com\/ca\/cistella\/","title":{"rendered":"Cistella"},"content":{"rendered":"<p>[et_pb_section fb_built=&#8221;1&#8243; make_equal=&#8221;on&#8221; use_custom_gutter=&#8221;on&#8221; gutter_width=&#8221;1&#8243; specialty=&#8221;on&#8221; background_color_1=&#8221;#EEF4ED&#8221; padding_top_1=&#8221;80px&#8221; padding_top_3=&#8221;80px&#8221; padding_right_1=&#8221;20px&#8221; padding_right_3=&#8221;20px&#8221; padding_bottom_1=&#8221;80px&#8221; padding_left_1=&#8221;20px&#8221; padding_left_3=&#8221;20px&#8221; padding_top_bottom_link_1=&#8221;true&#8221; padding_top_bottom_link_3=&#8221;false&#8221; padding_left_right_link_1=&#8221;true&#8221; padding_left_right_link_3=&#8221;true&#8221; padding_1_tablet=&#8221;70px|8%|30px|8%|false|true&#8221; padding_1_phone=&#8221;|5%||5%|false|true&#8221; padding_1_last_edited=&#8221;on|phone&#8221; _builder_version=&#8221;4.16&#8243; _module_preset=&#8221;default&#8221; background_enable_color=&#8221;off&#8221; inner_width=&#8221;100%&#8221; inner_max_width=&#8221;none&#8221; custom_padding=&#8221;0px||0px||true|true&#8221; global_colors_info=&#8221;{}&#8221;][et_pb_column type=&#8221;1_4&#8243; _builder_version=&#8221;4.16&#8243; custom_padding=&#8221;|||&#8221; global_colors_info=&#8221;{}&#8221; custom_padding__hover=&#8221;|||&#8221;][et_pb_blurb use_icon=&#8221;on&#8221; font_icon=&#8221;&#xe013;||divi||400&#8243; icon_color=&#8221;rgba(39,39,39,0.6)&#8221; image_icon_background_color=&#8221;RGBA(255,255,255,0)&#8221; icon_placement=&#8221;left&#8221; image_icon_width=&#8221;18px&#8221; content_max_width=&#8221;100%&#8221; _builder_version=&#8221;4.16&#8243; _dynamic_attributes=&#8221;link_option_url&#8221; _module_preset=&#8221;default&#8221; body_font=&#8221;||||||||&#8221; body_text_align=&#8221;left&#8221; body_text_color=&#8221;rgba(39,39,39,0.6)&#8221; text_orientation=&#8221;left&#8221; custom_margin=&#8221;|30px|20px|30px|false|true&#8221; link_option_url=&#8221;@ET-DC@eyJkeW5hbWljIjp0cnVlLCJjb250ZW50IjoicG9zdF9saW5rX3VybF9wYWdlIiwic2V0dGluZ3MiOnsicG9zdF9pZCI6IjI5MTIzIn19@&#8221; custom_css_blurb_image=&#8221;margin-right: 0px !important;||padding-right: 0px !important;&#8221; global_colors_info=&#8221;{}&#8221;]<\/p>\n<p>Botiga<\/p>\n<p>[\/et_pb_blurb][et_pb_blurb use_icon=&#8221;on&#8221; font_icon=&#8221;&#xe015;||divi||400&#8243; icon_color=&#8221;#0B2545&#8243; image_icon_background_color=&#8221;RGBA(255,255,255,0)&#8221; icon_placement=&#8221;left&#8221; image_icon_width=&#8221;18px&#8221; content_max_width=&#8221;100%&#8221; _builder_version=&#8221;4.16&#8243; _dynamic_attributes=&#8221;link_option_url&#8221; _module_preset=&#8221;default&#8221; body_font=&#8221;||||||||&#8221; body_text_align=&#8221;left&#8221; body_text_color=&#8221;#0B2545&#8243; text_orientation=&#8221;left&#8221; custom_margin=&#8221;|30px|20px|30px|false|true&#8221; link_option_url=&#8221;@ET-DC@eyJkeW5hbWljIjp0cnVlLCJjb250ZW50IjoicG9zdF9saW5rX3VybF9wYWdlIiwic2V0dGluZ3MiOnsicG9zdF9pZCI6IjI5MzA4In19@&#8221; custom_css_blurb_image=&#8221;margin-right: 0px !important;||padding-right: 0px !important;&#8221; global_colors_info=&#8221;{}&#8221; font_icon__hover_enabled=&#8221;off|desktop&#8221;]<\/p>\n<p>Cistella<\/p>\n<p>[\/et_pb_blurb][et_pb_blurb use_icon=&#8221;on&#8221; font_icon=&#8221;&#xe014;||divi||400&#8243; icon_color=&#8221;rgba(39,39,39,0.6)&#8221; image_icon_background_color=&#8221;RGBA(255,255,255,0)&#8221; icon_placement=&#8221;left&#8221; image_icon_width=&#8221;18px&#8221; content_max_width=&#8221;100%&#8221; _builder_version=&#8221;4.16&#8243; _dynamic_attributes=&#8221;link_option_url&#8221; _module_preset=&#8221;default&#8221; body_font=&#8221;||||||||&#8221; body_text_align=&#8221;left&#8221; body_text_color=&#8221;rgba(39,39,39,0.6)&#8221; text_orientation=&#8221;left&#8221; custom_margin=&#8221;|30px|20px|30px|false|true&#8221; link_option_url=&#8221;@ET-DC@eyJkeW5hbWljIjp0cnVlLCJjb250ZW50IjoicG9zdF9saW5rX3VybF9wYWdlIiwic2V0dGluZ3MiOnsicG9zdF9pZCI6IjI5MzA5In19@&#8221; custom_css_blurb_image=&#8221;margin-right: 0px !important;||padding-right: 0px !important;&#8221; global_colors_info=&#8221;{}&#8221;]<\/p>\n<p>Finalitzar la compra<\/p>\n<p>[\/et_pb_blurb][\/et_pb_column][et_pb_column type=&#8221;3_4&#8243; specialty_columns=&#8221;3&#8243; _builder_version=&#8221;4.16&#8243; custom_padding=&#8221;|||&#8221; global_colors_info=&#8221;{}&#8221; custom_padding__hover=&#8221;|||&#8221;][et_pb_row_inner custom_padding_last_edited=&#8221;on|desktop&#8221; _builder_version=&#8221;4.16&#8243; _module_preset=&#8221;default&#8221; max_width=&#8221;90%&#8221; max_width_tablet=&#8221;100%&#8221; max_width_phone=&#8221;100%&#8221; max_width_last_edited=&#8221;on|phone&#8221; min_height=&#8221;70vh&#8221; min_height_tablet=&#8221;70vh&#8221; min_height_phone=&#8221;70vh&#8221; min_height_last_edited=&#8221;on|tablet&#8221; custom_padding=&#8221;80px|5%|80px|5%|true|true&#8221; custom_padding_tablet=&#8221;70px|10%|70px|10%|true|true&#8221; custom_padding_phone=&#8221;70px|10%|70px|10%|true|true&#8221; border_width_top_phone=&#8221;1px&#8221; border_width_top_last_edited=&#8221;off|tablet&#8221; border_width_right_phone=&#8221;0px&#8221; border_width_right_last_edited=&#8221;off|tablet&#8221; border_width_bottom_phone=&#8221;1px&#8221; border_width_bottom_last_edited=&#8221;off|tablet&#8221; border_width_left_tablet=&#8221;0px&#8221; border_width_left_phone=&#8221;0px&#8221; border_width_left_last_edited=&#8221;off|desktop&#8221; global_colors_info=&#8221;{}&#8221;][et_pb_column_inner saved_specialty_column_type=&#8221;1_2&#8243; _builder_version=&#8221;4.16&#8243; _module_preset=&#8221;default&#8221; global_colors_info=&#8221;{}&#8221;][et_pb_post_title meta=&#8221;off&#8221; featured_image=&#8221;off&#8221; _builder_version=&#8221;4.16&#8243; title_text_color=&#8221;#0B2545&#8243; global_colors_info=&#8221;{}&#8221;][\/et_pb_post_title][et_pb_wc_cart_notice _builder_version=&#8221;4.16&#8243; title_font=&#8221;|600|||||||&#8221; title_text_color=&#8221;#0B2545&#8243; title_font_size=&#8221;16px&#8221; background_color=&#8221;RGBA(255,255,255,0)&#8221; custom_button=&#8221;on&#8221; button_text_size=&#8221;15px&#8221; button_text_color=&#8221;#0B2545&#8243; button_bg_color=&#8221;RGBA(255,255,255,0)&#8221; button_border_color=&#8221;#0B2545&#8243; button_border_radius=&#8221;0px&#8221; button_letter_spacing=&#8221;1px&#8221; button_font=&#8221;|||on|||||&#8221; button_icon=&#8221;5||divi||400&#8243; custom_margin=&#8221;0em|0em||0em|false|false&#8221; custom_padding=&#8221;0px|0px|0px|0px|true|true&#8221; global_colors_info=&#8221;{}&#8221; button_icon_color__hover_enabled=&#8221;off|desktop&#8221; button_border_color__hover_enabled=&#8221;on|hover&#8221; button_border_color__hover=&#8221;#0B2545&#8243;][\/et_pb_wc_cart_notice][et_pb_wc_cart_products placeholder_color=&#8221;#0B2545&#8243; show_product_image=&#8221;off&#8221; table_header_background_color=&#8221;RGBA(255,255,255,0)&#8221; _builder_version=&#8221;4.16&#8243; icon_background_color=&#8221;#0B2545&#8243; icon_text_color=&#8221;#FFFFFF&#8221; form_field_background_color=&#8221;#EEF4ED&#8221; form_field_text_color=&#8221;#0B2545&#8243; form_field_focus_background_color=&#8221;#EEF4ED&#8221; form_field_focus_text_color=&#8221;#0B2545&#8243; form_field_custom_padding=&#8221;10px||10px||true|false&#8221; body_text_color=&#8221;#0B2545&#8243; link_text_color=&#8221;#0B2545&#8243; table_header_font=&#8221;Open Sans|700||on|||||&#8221; table_header_text_color=&#8221;#0B2545&#8243; table_header_letter_spacing=&#8221;1px&#8221; form_field_font=&#8221;|||on|||||&#8221; form_field_text_align=&#8221;center&#8221; form_field_letter_spacing=&#8221;1px&#8221; custom_button=&#8221;on&#8221; button_text_size=&#8221;15px&#8221; button_text_color=&#8221;#0B2545&#8243; button_bg_color=&#8221;#EEF4ED&#8221; button_border_color=&#8221;#EEF4ED&#8221; button_border_radius=&#8221;0px&#8221; button_letter_spacing=&#8221;1px&#8221; button_font=&#8221;|||on|||||&#8221; button_icon=&#8221;5||divi||400&#8243; button_icon_color=&#8221;#0B2545&#8243; button_custom_padding=&#8221;7px||7px||true|false&#8221; custom_disabled_button=&#8221;on&#8221; disabled_button_text_size=&#8221;15px&#8221; disabled_button_text_color=&#8221;#FFFFFF&#8221; disabled_button_bg_color=&#8221;#0B2545&#8243; disabled_button_border_color=&#8221;#0B2545&#8243; disabled_button_border_radius=&#8221;0px&#8221; disabled_button_letter_spacing=&#8221;1px&#8221; disabled_button_font=&#8221;|700||on|||||&#8221; disabled_button_icon=&#8221;5||divi||400&#8243; disabled_button_icon_color=&#8221;#FFFFFF&#8221; disabled_button_custom_padding=&#8221;|20px||20px|false|true&#8221; custom_margin=&#8221;30px||||false|false&#8221; custom_css_button=&#8221;color: white !important;&#8221; custom_css_disabled_button=&#8221;color: white !important;&#8221; border_color_all=&#8221;#0B2545&#8243; border_color_all_table=&#8221;#0B2545&#8243; global_colors_info=&#8221;{}&#8221; button_border_color__hover_enabled=&#8221;on|hover&#8221; button_border_color__hover=&#8221;#EEF4ED&#8221; disabled_button_border_color__hover_enabled=&#8221;on|hover&#8221; disabled_button_border_color__hover=&#8221;#0B2545&#8243; disabled_button_bg_color__hover_enabled=&#8221;on|desktop&#8221; disabled_button_bg_color__hover=&#8221;#0B2545&#8243; disabled_button_text_color__hover_enabled=&#8221;on|hover&#8221; disabled_button_text_color__hover=&#8221;#FFFFFF&#8221; disabled_button_custom_padding__hover_enabled=&#8221;on|hover&#8221; disabled_button_custom_padding__hover=&#8221;|30px||30px|false|true&#8221; disabled_button_icon_color__hover_enabled=&#8221;on|hover&#8221; disabled_button_icon_color__hover=&#8221;#FFFFFF&#8221; icon_background_color__hover_enabled=&#8221;on|hover&#8221; icon_background_color__hover=&#8221;#0B2545&#8243;][\/et_pb_wc_cart_products][et_pb_wc_cart_totals _builder_version=&#8221;4.16&#8243; title_font_size=&#8221;28px&#8221; column_label_text_color=&#8221;#0B2545&#8243; body_text_color=&#8221;#0B2545&#8243; custom_button=&#8221;on&#8221; button_text_size=&#8221;15px&#8221; button_text_color=&#8221;#FFFFFF&#8221; button_bg_color=&#8221;#0B2545&#8243; button_border_color=&#8221;#0B2545&#8243; button_border_radius=&#8221;0px&#8221; button_letter_spacing=&#8221;1px&#8221; button_font=&#8221;|700||on|||||&#8221; button_icon=&#8221;5||divi||400&#8243; button_icon_color=&#8221;#FFFFFF&#8221; max_width=&#8221;60%&#8221; max_width_tablet=&#8221;100%&#8221; max_width_phone=&#8221;100%&#8221; max_width_last_edited=&#8221;on|tablet&#8221; border_color_all_table=&#8221;#0B2545&#8243; border_width_all_form_field=&#8221;1px&#8221; border_color_all_form_field=&#8221;#0B2545&#8243; global_colors_info=&#8221;{}&#8221; button_text_color__hover_enabled=&#8221;off|hover&#8221; button_text_color__hover=&#8221;#FFFFFF&#8221; button_bg_color__hover_enabled=&#8221;on|hover&#8221; button_bg_color__hover=&#8221;#0B2545&#8243; button_bg_enable_color__hover=&#8221;on&#8221; button_border_color__hover_enabled=&#8221;on|desktop&#8221; button_border_color__hover=&#8221;#0B2545&#8243;][\/et_pb_wc_cart_totals][\/et_pb_column_inner][\/et_pb_row_inner][\/et_pb_column][\/et_pb_section]<\/p>\n","protected":false},"excerpt":{"rendered":"<p>BotigaCistellaFinalitzar la compra<\/p>\n","protected":false},"author":1,"featured_media":0,"parent":0,"menu_order":6,"comment_status":"closed","ping_status":"closed","template":"","meta":{"_et_pb_use_builder":"on","_et_pb_old_content":"","_et_gb_content_width":"","inline_featured_image":false,"footnotes":""},"class_list":["post-30729","page","type-page","status-publish","hentry"],"yoast_head":"<!-- This site is optimized with the Yoast SEO plugin v27.3 - https:\/\/yoast.com\/product\/yoast-seo-wordpress\/ -->\n<title>Cistella | Vento Mareiro<\/title>\n<meta name=\"description\" content=\"Dona un cop d\u2019ull a la nostra selecci\u00f3 de vi albarinyo de la Vall del Saln\u00e9s, un R\u00edas Baixas que concentra l\u2019entorn en qu\u00e8 creix.\" \/>\n<meta name=\"robots\" content=\"index, follow, max-snippet:-1, max-image-preview:large, max-video-preview:-1\" \/>\n<link rel=\"canonical\" href=\"https:\/\/ventomareiro.com\/ca\/cistella\/\" \/>\n<meta property=\"og:locale\" content=\"ca_ES\" \/>\n<meta property=\"og:type\" content=\"article\" \/>\n<meta property=\"og:title\" content=\"Cistella | Vento Mareiro\" \/>\n<meta property=\"og:description\" content=\"Dona un cop d\u2019ull a la nostra selecci\u00f3 de vi albarinyo de la Vall del Saln\u00e9s, un R\u00edas Baixas que concentra l\u2019entorn en qu\u00e8 creix.\" \/>\n<meta property=\"og:url\" content=\"https:\/\/ventomareiro.com\/ca\/cistella\/\" \/>\n<meta property=\"og:site_name\" content=\"Vento Mareiro\" \/>\n<meta property=\"article:modified_time\" content=\"2022-12-05T13:52:57+00:00\" \/>\n<meta property=\"og:image\" content=\"https:\/\/ventomareiro.com\/wp-content\/uploads\/2022\/12\/Vento-Mareiro-Age-gate-1.jpeg\" \/>\n\t<meta property=\"og:image:width\" content=\"1700\" \/>\n\t<meta property=\"og:image:height\" content=\"1009\" \/>\n\t<meta property=\"og:image:type\" content=\"image\/jpeg\" \/>\n<meta name=\"twitter:card\" content=\"summary_large_image\" \/>\n<meta name=\"twitter:label1\" content=\"Temps estimat de lectura\" \/>\n\t<meta name=\"twitter:data1\" content=\"6 minuts\" \/>\n<script type=\"application\/ld+json\" class=\"yoast-schema-graph\">{\"@context\":\"https:\\\/\\\/schema.org\",\"@graph\":[{\"@type\":\"WebPage\",\"@id\":\"https:\\\/\\\/ventomareiro.com\\\/ca\\\/cistella\\\/\",\"url\":\"https:\\\/\\\/ventomareiro.com\\\/ca\\\/cistella\\\/\",\"name\":\"Cistella | Vento Mareiro\",\"isPartOf\":{\"@id\":\"https:\\\/\\\/ventomareiro.com\\\/ca\\\/#website\"},\"datePublished\":\"2022-03-01T08:00:19+00:00\",\"dateModified\":\"2022-12-05T13:52:57+00:00\",\"description\":\"Dona un cop d\u2019ull a la nostra selecci\u00f3 de vi albarinyo de la Vall del Saln\u00e9s, un R\u00edas Baixas que concentra l\u2019entorn en qu\u00e8 creix.\",\"breadcrumb\":{\"@id\":\"https:\\\/\\\/ventomareiro.com\\\/ca\\\/cistella\\\/#breadcrumb\"},\"inLanguage\":\"ca\",\"potentialAction\":[{\"@type\":\"ReadAction\",\"target\":[\"https:\\\/\\\/ventomareiro.com\\\/ca\\\/cistella\\\/\"]}]},{\"@type\":\"BreadcrumbList\",\"@id\":\"https:\\\/\\\/ventomareiro.com\\\/ca\\\/cistella\\\/#breadcrumb\",\"itemListElement\":[{\"@type\":\"ListItem\",\"position\":1,\"name\":\"Portada\",\"item\":\"https:\\\/\\\/ventomareiro.com\\\/ca\\\/inici\\\/\"},{\"@type\":\"ListItem\",\"position\":2,\"name\":\"Cistella\"}]},{\"@type\":\"WebSite\",\"@id\":\"https:\\\/\\\/ventomareiro.com\\\/ca\\\/#website\",\"url\":\"https:\\\/\\\/ventomareiro.com\\\/ca\\\/\",\"name\":\"Vento Mareiro\",\"description\":\"un estilo de vida\",\"publisher\":{\"@id\":\"https:\\\/\\\/ventomareiro.com\\\/ca\\\/#organization\"},\"potentialAction\":[{\"@type\":\"SearchAction\",\"target\":{\"@type\":\"EntryPoint\",\"urlTemplate\":\"https:\\\/\\\/ventomareiro.com\\\/ca\\\/?s={search_term_string}\"},\"query-input\":{\"@type\":\"PropertyValueSpecification\",\"valueRequired\":true,\"valueName\":\"search_term_string\"}}],\"inLanguage\":\"ca\"},{\"@type\":\"Organization\",\"@id\":\"https:\\\/\\\/ventomareiro.com\\\/ca\\\/#organization\",\"name\":\"Vento Mareiro\",\"url\":\"https:\\\/\\\/ventomareiro.com\\\/ca\\\/\",\"logo\":{\"@type\":\"ImageObject\",\"inLanguage\":\"ca\",\"@id\":\"https:\\\/\\\/ventomareiro.com\\\/ca\\\/#\\\/schema\\\/logo\\\/image\\\/\",\"url\":\"https:\\\/\\\/ventomareiro.com\\\/wp-content\\\/uploads\\\/2022\\\/03\\\/Vento-Mareiro-Logo.svg\",\"contentUrl\":\"https:\\\/\\\/ventomareiro.com\\\/wp-content\\\/uploads\\\/2022\\\/03\\\/Vento-Mareiro-Logo.svg\",\"width\":\"1024\",\"height\":\"1024\",\"caption\":\"Vento Mareiro\"},\"image\":{\"@id\":\"https:\\\/\\\/ventomareiro.com\\\/ca\\\/#\\\/schema\\\/logo\\\/image\\\/\"}}]}<\/script>\n<!-- \/ Yoast SEO plugin. -->","yoast_head_json":{"title":"Cistella | Vento Mareiro","description":"Dona un cop d\u2019ull a la nostra selecci\u00f3 de vi albarinyo de la Vall del Saln\u00e9s, un R\u00edas Baixas que concentra l\u2019entorn en qu\u00e8 creix.","robots":{"index":"index","follow":"follow","max-snippet":"max-snippet:-1","max-image-preview":"max-image-preview:large","max-video-preview":"max-video-preview:-1"},"canonical":"https:\/\/ventomareiro.com\/ca\/cistella\/","og_locale":"ca_ES","og_type":"article","og_title":"Cistella | Vento Mareiro","og_description":"Dona un cop d\u2019ull a la nostra selecci\u00f3 de vi albarinyo de la Vall del Saln\u00e9s, un R\u00edas Baixas que concentra l\u2019entorn en qu\u00e8 creix.","og_url":"https:\/\/ventomareiro.com\/ca\/cistella\/","og_site_name":"Vento Mareiro","article_modified_time":"2022-12-05T13:52:57+00:00","og_image":[{"width":1700,"height":1009,"url":"https:\/\/ventomareiro.com\/wp-content\/uploads\/2022\/12\/Vento-Mareiro-Age-gate-1.jpeg","type":"image\/jpeg"}],"twitter_card":"summary_large_image","twitter_misc":{"Temps estimat de lectura":"6 minuts"},"schema":{"@context":"https:\/\/schema.org","@graph":[{"@type":"WebPage","@id":"https:\/\/ventomareiro.com\/ca\/cistella\/","url":"https:\/\/ventomareiro.com\/ca\/cistella\/","name":"Cistella | Vento Mareiro","isPartOf":{"@id":"https:\/\/ventomareiro.com\/ca\/#website"},"datePublished":"2022-03-01T08:00:19+00:00","dateModified":"2022-12-05T13:52:57+00:00","description":"Dona un cop d\u2019ull a la nostra selecci\u00f3 de vi albarinyo de la Vall del Saln\u00e9s, un R\u00edas Baixas que concentra l\u2019entorn en qu\u00e8 creix.","breadcrumb":{"@id":"https:\/\/ventomareiro.com\/ca\/cistella\/#breadcrumb"},"inLanguage":"ca","potentialAction":[{"@type":"ReadAction","target":["https:\/\/ventomareiro.com\/ca\/cistella\/"]}]},{"@type":"BreadcrumbList","@id":"https:\/\/ventomareiro.com\/ca\/cistella\/#breadcrumb","itemListElement":[{"@type":"ListItem","position":1,"name":"Portada","item":"https:\/\/ventomareiro.com\/ca\/inici\/"},{"@type":"ListItem","position":2,"name":"Cistella"}]},{"@type":"WebSite","@id":"https:\/\/ventomareiro.com\/ca\/#website","url":"https:\/\/ventomareiro.com\/ca\/","name":"Vento Mareiro","description":"un estilo de vida","publisher":{"@id":"https:\/\/ventomareiro.com\/ca\/#organization"},"potentialAction":[{"@type":"SearchAction","target":{"@type":"EntryPoint","urlTemplate":"https:\/\/ventomareiro.com\/ca\/?s={search_term_string}"},"query-input":{"@type":"PropertyValueSpecification","valueRequired":true,"valueName":"search_term_string"}}],"inLanguage":"ca"},{"@type":"Organization","@id":"https:\/\/ventomareiro.com\/ca\/#organization","name":"Vento Mareiro","url":"https:\/\/ventomareiro.com\/ca\/","logo":{"@type":"ImageObject","inLanguage":"ca","@id":"https:\/\/ventomareiro.com\/ca\/#\/schema\/logo\/image\/","url":"https:\/\/ventomareiro.com\/wp-content\/uploads\/2022\/03\/Vento-Mareiro-Logo.svg","contentUrl":"https:\/\/ventomareiro.com\/wp-content\/uploads\/2022\/03\/Vento-Mareiro-Logo.svg","width":"1024","height":"1024","caption":"Vento Mareiro"},"image":{"@id":"https:\/\/ventomareiro.com\/ca\/#\/schema\/logo\/image\/"}}]}},"_links":{"self":[{"href":"https:\/\/ventomareiro.com\/ca\/wp-json\/wp\/v2\/pages\/30729","targetHints":{"allow":["GET"]}}],"collection":[{"href":"https:\/\/ventomareiro.com\/ca\/wp-json\/wp\/v2\/pages"}],"about":[{"href":"https:\/\/ventomareiro.com\/ca\/wp-json\/wp\/v2\/types\/page"}],"author":[{"embeddable":true,"href":"https:\/\/ventomareiro.com\/ca\/wp-json\/wp\/v2\/users\/1"}],"replies":[{"embeddable":true,"href":"https:\/\/ventomareiro.com\/ca\/wp-json\/wp\/v2\/comments?post=30729"}],"version-history":[{"count":8,"href":"https:\/\/ventomareiro.com\/ca\/wp-json\/wp\/v2\/pages\/30729\/revisions"}],"predecessor-version":[{"id":30807,"href":"https:\/\/ventomareiro.com\/ca\/wp-json\/wp\/v2\/pages\/30729\/revisions\/30807"}],"wp:attachment":[{"href":"https:\/\/ventomareiro.com\/ca\/wp-json\/wp\/v2\/media?parent=30729"}],"curies":[{"name":"wp","href":"https:\/\/api.w.org\/{rel}","templated":true}]}}